{"id":16613,"date":"2023-03-14T16:37:00","date_gmt":"2023-03-14T15:37:00","guid":{"rendered":"http:\/\/cedrat-technologies.com\/services\/intellectual-property\/"},"modified":"2023-06-14T15:56:59","modified_gmt":"2023-06-14T13:56:59","slug":"propriete-intellectuelle","status":"publish","type":"page","link":"https:\/\/cedrat-technologies.com\/fr\/services\/propriete-intellectuelle\/","title":{"rendered":"Propri\u00e9t\u00e9 intellectuelle"},"content":{"rendered":"\t\t<div data-elementor-type=\"wp-page\" data-elementor-id=\"16613\" class=\"elementor elementor-16613 elementor-7800\" data-elementor-post-type=\"page\">\n\t\t\t\t<div class=\"elementor-element elementor-element-6704084 e-con-full e-flex e-con e-parent\" data-id=\"6704084\" data-element_type=\"container\" data-e-type=\"container\">\n\t\t<div class=\"elementor-element elementor-element-cfef96d e-con-full e-flex e-con e-parent\" data-id=\"cfef96d\" data-element_type=\"container\" data-e-type=\"container\" data-settings=\"{&quot;sticky&quot;:&quot;top&quot;,&quot;sticky_offset&quot;:120,&quot;sticky_parent&quot;:&quot;yes&quot;,&quot;sticky_on&quot;:[&quot;desktop&quot;],&quot;sticky_effects_offset&quot;:0,&quot;sticky_anchor_link_offset&quot;:0}\">\n\t\t\t\t<div class=\"elementor-element elementor-element-b901859 elementor-align-justify elementor-widget elementor-widget-button\" data-id=\"b901859\" data-element_type=\"widget\" data-e-type=\"widget\" data-widget_type=\"button.default\">\n\t\t\t\t<div class=\"elementor-widget-container\">\n\t\t\t\t\t\t\t\t\t<div class=\"elementor-button-wrapper\">\n\t\t\t\t\t<a class=\"elementor-button elementor-button-link elementor-size-sm\" href=\"https:\/\/cedrat-technologies.com\/fr\/services\/propriete-intellectuelle\/production-de-propriete-intellectuelle\/\">\n\t\t\t\t\t\t<span class=\"elementor-button-content-wrapper\">\n\t\t\t\t\t\t\t\t\t<span class=\"elementor-button-text\">IP production <\/span>\n\t\t\t\t\t<\/span>\n\t\t\t\t\t<\/a>\n\t\t\t\t<\/div>\n\t\t\t\t\t\t\t\t<\/div>\n\t\t\t\t<\/div>\n\t\t\t\t<div class=\"elementor-element elementor-element-7f15204 elementor-align-justify elementor-widget elementor-widget-button\" data-id=\"7f15204\" data-element_type=\"widget\" data-e-type=\"widget\" data-widget_type=\"button.default\">\n\t\t\t\t<div class=\"elementor-widget-container\">\n\t\t\t\t\t\t\t\t\t<div class=\"elementor-button-wrapper\">\n\t\t\t\t\t<a class=\"elementor-button elementor-button-link elementor-size-sm\" href=\"https:\/\/cedrat-technologies.com\/fr\/services\/propriete-intellectuelle\/gestion-de-propriete-intellectuelle\/\">\n\t\t\t\t\t\t<span class=\"elementor-button-content-wrapper\">\n\t\t\t\t\t\t\t\t\t<span class=\"elementor-button-text\">IP gestion<\/span>\n\t\t\t\t\t<\/span>\n\t\t\t\t\t<\/a>\n\t\t\t\t<\/div>\n\t\t\t\t\t\t\t\t<\/div>\n\t\t\t\t<\/div>\n\t\t\t\t<\/div>\n\t\t<div class=\"elementor-element elementor-element-cbc306a e-con-full e-flex e-con e-parent\" data-id=\"cbc306a\" data-element_type=\"container\" data-e-type=\"container\">\n\t\t\t\t<div class=\"elementor-element elementor-element-4612296 elementor-widget elementor-widget-heading\" data-id=\"4612296\" data-element_type=\"widget\" data-e-type=\"widget\" data-widget_type=\"heading.default\">\n\t\t\t\t<div class=\"elementor-widget-container\">\n\t\t\t\t\t<h1 class=\"elementor-heading-title elementor-size-default\">Propri\u00e9t\u00e9 intellectuelle<\/h1>\t\t\t\t<\/div>\n\t\t\t\t<\/div>\n\t\t\t\t<div class=\"elementor-element elementor-element-b17ee8c elementor-widget elementor-widget-text-editor\" data-id=\"b17ee8c\" data-element_type=\"widget\" data-e-type=\"widget\" data-widget_type=\"text-editor.default\">\n\t\t\t\t<div class=\"elementor-widget-container\">\n\t\t\t\t\t\t\t\t\t<p class=\"align-justify\">En tant que Soci\u00e9t\u00e9 de Recherche sous Contrat (SRC) agr\u00e9\u00e9 par OSEO, CEDRAT TECHNOLOGIES r\u00e9alise diff\u00e9rents types de projets de R&amp;D, qui peuvent g\u00e9n\u00e9rer de l\u2019innovation pour ses clients ou pour son propre compte:<\/p><div><ul><li>Projets de conception CAO (calcul, optimisation) pour des organismes industriels,<\/li><\/ul><\/div><div><ul><li>Projets de R&amp;D sous Contrat pour des organismes industriels ou des institutions gouvernementales,<\/li><\/ul><\/div><div><ul><li>Projets de R&amp;D collaboratifs tels que les projets europ\u00e9ens (Programme FP7, Eureka \u2026) ou nationaux (Agence Nationale de la Recherche) r\u00e9qu\u00e9rant un consortium de partenaires.<\/li><\/ul><\/div><p class=\"align-justify\">Ainsi, en raison de cette activit\u00e9 de R&amp;D et de ses sp\u00e9cialisations technologiques, CEDRAT TECHNOLOGIES\u00a0<a class=\"internal-link\" href=\"https:\/\/www.cedrat-technologies.com\/fr\/services\/propriete-intellectuelle\/production-de-propriete-intellectuelle.html\" target=\"_top\">produit<\/a>\u00a0et\u00a0<a class=\"internal-link\" href=\"https:\/\/www.cedrat-technologies.com\/fr\/services\/propriete-intellectuelle\/gestion-de-propriete-intellectuelle.html\" target=\"_top\">g\u00e8re<\/a>\u00a0des innovations conduisant \u00e0 des droits en Propri\u00e9t\u00e9s Intellectuelle (PI) dans le domaine des actionneurs intelligents, des capteurs, des syst\u00e8mes m\u00e9catroniques et de d\u00e9tection.<\/p>\t\t\t\t\t\t\t\t<\/div>\n\t\t\t\t<\/div>\n\t\t\t\t<\/div>\n\t\t<div class=\"elementor-element elementor-element-5e37f90 e-con-full e-flex e-con e-parent\" data-id=\"5e37f90\" data-element_type=\"container\" data-e-type=\"container\" data-settings=\"{&quot;background_background&quot;:&quot;classic&quot;}\">\n\t\t\t\t<\/div>\n\t\t\t\t<\/div>\n\t\t\t\t<\/div>\n\t\t","protected":false},"excerpt":{"rendered":"<p>IP production IP gestion En tant que Soci\u00e9t\u00e9 de Recherche sous Contrat (SRC) agr\u00e9\u00e9 par OSEO, CEDRAT TECHNOLOGIES r\u00e9alise diff\u00e9rents types de projets de R&amp;D, qui peuvent g\u00e9n\u00e9rer de l\u2019innovation pour ses clients ou pour son propre compte: Projets de conception CAO (calcul, optimisation) pour des organismes industriels, Projets de R&amp;D sous Contrat pour des &#8230; <a title=\"Propri\u00e9t\u00e9 intellectuelle\" class=\"read-more\" href=\"https:\/\/cedrat-technologies.com\/fr\/services\/propriete-intellectuelle\/\" aria-label=\"En savoir plus sur Propri\u00e9t\u00e9 intellectuelle\">Lire la suite<\/a><\/p>\n","protected":false},"author":1,"featured_media":0,"parent":16608,"menu_order":0,"comment_status":"closed","ping_status":"closed","template":"","meta":{"_acf_changed":false,"_seopress_robots_primary_cat":"","_seopress_titles_title":"Services de propri\u00e9t\u00e9 intellectuelle - Cedrat Technologies","_seopress_titles_desc":"D\u00e9couvrez les services de propri\u00e9t\u00e9 intellectuelle de Cedrat Technologies, comprenant la gestion de la propri\u00e9t\u00e9 intellectuelle et la production de PI pour les technologies innovantes.","_seopress_robots_index":"","footnotes":""},"class_list":["post-16613","page","type-page","status-publish"],"acf":[],"_links":{"self":[{"href":"https:\/\/cedrat-technologies.com\/fr\/wp-json\/wp\/v2\/pages\/16613","targetHints":{"allow":["GET"]}}],"collection":[{"href":"https:\/\/cedrat-technologies.com\/fr\/wp-json\/wp\/v2\/pages"}],"about":[{"href":"https:\/\/cedrat-technologies.com\/fr\/wp-json\/wp\/v2\/types\/page"}],"author":[{"embeddable":true,"href":"https:\/\/cedrat-technologies.com\/fr\/wp-json\/wp\/v2\/users\/1"}],"replies":[{"embeddable":true,"href":"https:\/\/cedrat-technologies.com\/fr\/wp-json\/wp\/v2\/comments?post=16613"}],"version-history":[{"count":0,"href":"https:\/\/cedrat-technologies.com\/fr\/wp-json\/wp\/v2\/pages\/16613\/revisions"}],"up":[{"embeddable":true,"href":"https:\/\/cedrat-technologies.com\/fr\/wp-json\/wp\/v2\/pages\/16608"}],"wp:attachment":[{"href":"https:\/\/cedrat-technologies.com\/fr\/wp-json\/wp\/v2\/media?parent=16613"}],"curies":[{"name":"wp","href":"https:\/\/api.w.org\/{rel}","templated":true}]}}