{"id":16608,"date":"2023-03-14T16:27:35","date_gmt":"2023-03-14T15:27:35","guid":{"rendered":"http:\/\/cedrat-technologies.com\/services\/"},"modified":"2025-02-03T13:48:52","modified_gmt":"2025-02-03T12:48:52","slug":"services","status":"publish","type":"page","link":"https:\/\/cedrat-technologies.com\/fr\/services\/","title":{"rendered":"Services"},"content":{"rendered":"\t\t<div data-elementor-type=\"wp-page\" data-elementor-id=\"16608\" class=\"elementor elementor-16608 elementor-7781\" data-elementor-post-type=\"page\">\n\t\t\t\t<div class=\"elementor-element elementor-element-4952c37 e-con-full e-flex e-con e-parent\" data-id=\"4952c37\" data-element_type=\"container\" data-e-type=\"container\">\n\t\t<div class=\"elementor-element elementor-element-903af46 e-con-full e-flex e-con e-child\" data-id=\"903af46\" data-element_type=\"container\" data-e-type=\"container\">\n\t\t\t\t<div class=\"elementor-element elementor-element-1f54518 elementor-widget elementor-widget-heading\" data-id=\"1f54518\" data-element_type=\"widget\" data-e-type=\"widget\" data-widget_type=\"heading.default\">\n\t\t\t\t<div class=\"elementor-widget-container\">\n\t\t\t\t\t<h1 class=\"elementor-heading-title elementor-size-default\">Services<\/h1>\t\t\t\t<\/div>\n\t\t\t\t<\/div>\n\t\t\t\t<div class=\"elementor-element elementor-element-8c3bca0 elementor-widget elementor-widget-text-editor\" data-id=\"8c3bca0\" data-element_type=\"widget\" data-e-type=\"widget\" data-widget_type=\"text-editor.default\">\n\t\t\t\t<div class=\"elementor-widget-container\">\n\t\t\t\t\t\t\t\t\t<p class=\"align-justify\">En compl\u00e9ment de ses produits m\u00e9catroniques et de ses technologies, CEDRAT TECHNOLOGIES propose une gamme de services d\u00e9di\u00e9e \u00e0 ses clients en ing\u00e9nierie \u00e9lectrotechnique et m\u00e9catronique..<\/p>\t\t\t\t\t\t\t\t<\/div>\n\t\t\t\t<\/div>\n\t\t<div class=\"elementor-element elementor-element-d516ce8 e-con-full e-flex e-con e-child\" data-id=\"d516ce8\" data-element_type=\"container\" data-e-type=\"container\">\n\t\t\t\t<div class=\"elementor-element elementor-element-f7fb0f5 elementor-align-justify elementor-widget elementor-widget-button\" data-id=\"f7fb0f5\" data-element_type=\"widget\" data-e-type=\"widget\" data-widget_type=\"button.default\">\n\t\t\t\t<div class=\"elementor-widget-container\">\n\t\t\t\t\t\t\t\t\t<div class=\"elementor-button-wrapper\">\n\t\t\t\t\t<a class=\"elementor-button elementor-button-link elementor-size-sm\" href=\"https:\/\/cedrat-technologies.com\/fr\/services\/ingenierie\/\">\n\t\t\t\t\t\t<span class=\"elementor-button-content-wrapper\">\n\t\t\t\t\t\t\t\t\t<span class=\"elementor-button-text\">Ing\u00e9nierie<\/span>\n\t\t\t\t\t<\/span>\n\t\t\t\t\t<\/a>\n\t\t\t\t<\/div>\n\t\t\t\t\t\t\t\t<\/div>\n\t\t\t\t<\/div>\n\t\t\t\t<div class=\"elementor-element elementor-element-207d6c0 elementor-align-justify elementor-widget elementor-widget-button\" data-id=\"207d6c0\" data-element_type=\"widget\" data-e-type=\"widget\" data-widget_type=\"button.default\">\n\t\t\t\t<div class=\"elementor-widget-container\">\n\t\t\t\t\t\t\t\t\t<div class=\"elementor-button-wrapper\">\n\t\t\t\t\t<a class=\"elementor-button elementor-button-link elementor-size-sm\" href=\"https:\/\/cedrat-technologies.com\/fr\/services\/propriete-intellectuelle\/\">\n\t\t\t\t\t\t<span class=\"elementor-button-content-wrapper\">\n\t\t\t\t\t\t\t\t\t<span class=\"elementor-button-text\">Propri\u00e9t\u00e9 Intellectuelle<\/span>\n\t\t\t\t\t<\/span>\n\t\t\t\t\t<\/a>\n\t\t\t\t<\/div>\n\t\t\t\t\t\t\t\t<\/div>\n\t\t\t\t<\/div>\n\t\t\t\t<div class=\"elementor-element elementor-element-d97d9a1 elementor-align-justify elementor-widget elementor-widget-button\" data-id=\"d97d9a1\" data-element_type=\"widget\" data-e-type=\"widget\" data-widget_type=\"button.default\">\n\t\t\t\t<div class=\"elementor-widget-container\">\n\t\t\t\t\t\t\t\t\t<div class=\"elementor-button-wrapper\">\n\t\t\t\t\t<a class=\"elementor-button elementor-button-link elementor-size-sm\" href=\"https:\/\/cedrat-technologies.com\/fr\/services\/production\/\">\n\t\t\t\t\t\t<span class=\"elementor-button-content-wrapper\">\n\t\t\t\t\t\t\t\t\t<span class=\"elementor-button-text\">Production<\/span>\n\t\t\t\t\t<\/span>\n\t\t\t\t\t<\/a>\n\t\t\t\t<\/div>\n\t\t\t\t\t\t\t\t<\/div>\n\t\t\t\t<\/div>\n\t\t\t\t<div class=\"elementor-element elementor-element-deb03c4 elementor-align-justify elementor-widget elementor-widget-button\" data-id=\"deb03c4\" data-element_type=\"widget\" data-e-type=\"widget\" data-widget_type=\"button.default\">\n\t\t\t\t<div class=\"elementor-widget-container\">\n\t\t\t\t\t\t\t\t\t<div class=\"elementor-button-wrapper\">\n\t\t\t\t\t<a class=\"elementor-button elementor-button-link elementor-size-sm\" href=\"https:\/\/cedrat-technologies.com\/fr\/services\/formations\/\">\n\t\t\t\t\t\t<span class=\"elementor-button-content-wrapper\">\n\t\t\t\t\t\t\t\t\t<span class=\"elementor-button-text\">Formations<\/span>\n\t\t\t\t\t<\/span>\n\t\t\t\t\t<\/a>\n\t\t\t\t<\/div>\n\t\t\t\t\t\t\t\t<\/div>\n\t\t\t\t<\/div>\n\t\t\t\t<\/div>\n\t\t<div class=\"elementor-element elementor-element-4839269 e-flex e-con-boxed e-con e-child\" data-id=\"4839269\" data-element_type=\"container\" data-e-type=\"container\">\n\t\t\t\t\t<div class=\"e-con-inner\">\n\t\t<div class=\"elementor-element elementor-element-076ae12 e-flex e-con-boxed e-con e-child\" data-id=\"076ae12\" data-element_type=\"container\" data-e-type=\"container\">\n\t\t\t\t\t<div class=\"e-con-inner\">\n\t\t\t\t<div class=\"elementor-element elementor-element-0b034a8 elementor-widget__width-inherit elementor-widget elementor-widget-text-editor\" data-id=\"0b034a8\" data-element_type=\"widget\" data-e-type=\"widget\" data-widget_type=\"text-editor.default\">\n\t\t\t\t<div class=\"elementor-widget-container\">\n\t\t\t\t\t\t\t\t\t<h2 aria-level=\"1\"><strong>Ing\u00e9nierie<\/strong><\/h2><p>CTEC d\u00e9veloppe des m\u00e9canismes sur mesure pour votre fonction d&rsquo;actionnement ou de d\u00e9tection. Notre savoir-faire, nos installations et notre exp\u00e9rience permettent \u00e0 notre \u00e9quipe de d\u00e9velopper efficacement de nouveaux actionneurs, capteurs, m\u00e9canismes ou syst\u00e8mes m\u00e9catroniques de haut niveau.<\/p><p>CTEC r\u00e9alise des d\u00e9veloppements pas \u00e0 pas en partenariat avec ses clients. Expertise, optimisation, conception, prototypage, tests, fabrication, toutes ces phases peuvent \u00eatre abord\u00e9es pour aider nos clients \u00e0 atteindre leurs objectifs d&rsquo;application exigeants.<\/p>\t\t\t\t\t\t\t\t<\/div>\n\t\t\t\t<\/div>\n\t\t\t\t<div class=\"elementor-element elementor-element-d8f8b9a elementor-widget elementor-widget-button\" data-id=\"d8f8b9a\" data-element_type=\"widget\" data-e-type=\"widget\" data-widget_type=\"button.default\">\n\t\t\t\t<div class=\"elementor-widget-container\">\n\t\t\t\t\t\t\t\t\t<div class=\"elementor-button-wrapper\">\n\t\t\t\t\t<a class=\"elementor-button elementor-button-link elementor-size-md\" href=\"https:\/\/cedrat-technologies.com\/fr\/services\/ingenierie\/\">\n\t\t\t\t\t\t<span class=\"elementor-button-content-wrapper\">\n\t\t\t\t\t\t<span class=\"elementor-button-icon\">\n\t\t\t\t<i aria-hidden=\"true\" class=\"fas fa-arrow-right\"><\/i>\t\t\t<\/span>\n\t\t\t\t\t\t\t\t\t<span class=\"elementor-button-text\">D\u00e9couvrez notre expertise<\/span>\n\t\t\t\t\t<\/span>\n\t\t\t\t\t<\/a>\n\t\t\t\t<\/div>\n\t\t\t\t\t\t\t\t<\/div>\n\t\t\t\t<\/div>\n\t\t\t\t\t<\/div>\n\t\t\t\t<\/div>\n\t\t\t\t<div class=\"elementor-element elementor-element-262e89e elementor-widget elementor-widget-image\" data-id=\"262e89e\" data-element_type=\"widget\" data-e-type=\"widget\" data-widget_type=\"image.default\">\n\t\t\t\t<div class=\"elementor-widget-container\">\n\t\t\t\t\t\t\t\t\t\t\t\t\t\t\t<img fetchpriority=\"high\" decoding=\"async\" width=\"800\" height=\"600\" src=\"https:\/\/cedrat-technologies.com\/wp-content\/uploads\/detection-sytems-image.webp\" class=\"attachment-large size-large wp-image-24642\" alt=\"detection sytems image.webp\" srcset=\"https:\/\/cedrat-technologies.com\/wp-content\/uploads\/detection-sytems-image.webp 800w, https:\/\/cedrat-technologies.com\/wp-content\/uploads\/detection-sytems-image-768x576.webp 768w, https:\/\/cedrat-technologies.com\/wp-content\/uploads\/detection-sytems-image-600x450.webp 600w\" sizes=\"(max-width: 800px) 100vw, 800px\" \/>\t\t\t\t\t\t\t\t\t\t\t\t\t\t\t<\/div>\n\t\t\t\t<\/div>\n\t\t\t\t\t<\/div>\n\t\t\t\t<\/div>\n\t\t<div class=\"elementor-element elementor-element-6e3d512 e-flex e-con-boxed e-con e-child\" data-id=\"6e3d512\" data-element_type=\"container\" data-e-type=\"container\">\n\t\t\t\t\t<div class=\"e-con-inner\">\n\t\t\t\t<div class=\"elementor-element elementor-element-b7b86df elementor-widget elementor-widget-image\" data-id=\"b7b86df\" data-element_type=\"widget\" data-e-type=\"widget\" data-widget_type=\"image.default\">\n\t\t\t\t<div class=\"elementor-widget-container\">\n\t\t\t\t\t\t\t\t\t\t\t\t\t\t\t<img decoding=\"async\" width=\"1080\" height=\"721\" src=\"https:\/\/cedrat-technologies.com\/wp-content\/uploads\/pfsm150s_batch-1.jpg\" class=\"attachment-large size-large wp-image-24644\" alt=\"pfsm150s batch.jpg\" srcset=\"https:\/\/cedrat-technologies.com\/wp-content\/uploads\/pfsm150s_batch-1.jpg 1080w, https:\/\/cedrat-technologies.com\/wp-content\/uploads\/pfsm150s_batch-1-768x513.jpg 768w, https:\/\/cedrat-technologies.com\/wp-content\/uploads\/pfsm150s_batch-1-600x401.jpg 600w\" sizes=\"(max-width: 1080px) 100vw, 1080px\" \/>\t\t\t\t\t\t\t\t\t\t\t\t\t\t\t<\/div>\n\t\t\t\t<\/div>\n\t\t<div class=\"elementor-element elementor-element-b5241ed e-flex e-con-boxed e-con e-child\" data-id=\"b5241ed\" data-element_type=\"container\" data-e-type=\"container\">\n\t\t\t\t\t<div class=\"e-con-inner\">\n\t\t\t\t<div class=\"elementor-element elementor-element-86e63f0 elementor-widget__width-inherit elementor-widget elementor-widget-text-editor\" data-id=\"86e63f0\" data-element_type=\"widget\" data-e-type=\"widget\" data-widget_type=\"text-editor.default\">\n\t\t\t\t<div class=\"elementor-widget-container\">\n\t\t\t\t\t\t\t\t\t<h2 aria-level=\"1\"><strong>Production<\/strong><\/h2><p>CTEC produit des milliers de produits m\u00e9catroniques par an pour ses clients dans ses locaux en France (Meylan).<\/p><p>Nos \u00e9quipes de production et de laboratoires exploitent une surface de 1000 m\u00b2 et une centaine d&rsquo;\u00e9tablis \u00e9quip\u00e9s pour la soudure, l&rsquo;assemblage de haute pr\u00e9cision, le test&#8230;<\/p><p>De nouvelles salles blanches ISO7 et ISO5 permettent de r\u00e9pondre aux exigences des applications spatiales, optroniques, instrumentation sous ultra-vide (UHV).<\/p>\t\t\t\t\t\t\t\t<\/div>\n\t\t\t\t<\/div>\n\t\t\t\t<div class=\"elementor-element elementor-element-294b98c elementor-align-right elementor-widget elementor-widget-button\" data-id=\"294b98c\" data-element_type=\"widget\" data-e-type=\"widget\" data-widget_type=\"button.default\">\n\t\t\t\t<div class=\"elementor-widget-container\">\n\t\t\t\t\t\t\t\t\t<div class=\"elementor-button-wrapper\">\n\t\t\t\t\t<a class=\"elementor-button elementor-button-link elementor-size-md\" href=\"https:\/\/cedrat-technologies.com\/fr\/services\/production\/\">\n\t\t\t\t\t\t<span class=\"elementor-button-content-wrapper\">\n\t\t\t\t\t\t<span class=\"elementor-button-icon\">\n\t\t\t\t<i aria-hidden=\"true\" class=\"fas fa-arrow-left\"><\/i>\t\t\t<\/span>\n\t\t\t\t\t\t\t\t\t<span class=\"elementor-button-text\">Voir nos capacit\u00e9s<\/span>\n\t\t\t\t\t<\/span>\n\t\t\t\t\t<\/a>\n\t\t\t\t<\/div>\n\t\t\t\t\t\t\t\t<\/div>\n\t\t\t\t<\/div>\n\t\t\t\t\t<\/div>\n\t\t\t\t<\/div>\n\t\t\t\t\t<\/div>\n\t\t\t\t<\/div>\n\t\t<div class=\"elementor-element elementor-element-0b7b38c e-flex e-con-boxed e-con e-child\" data-id=\"0b7b38c\" data-element_type=\"container\" data-e-type=\"container\">\n\t\t\t\t\t<div class=\"e-con-inner\">\n\t\t<div class=\"elementor-element elementor-element-de3b8df e-flex e-con-boxed e-con e-child\" data-id=\"de3b8df\" data-element_type=\"container\" data-e-type=\"container\">\n\t\t\t\t\t<div class=\"e-con-inner\">\n\t\t\t\t<div class=\"elementor-element elementor-element-d0c1820 elementor-widget__width-inherit elementor-widget elementor-widget-text-editor\" data-id=\"d0c1820\" data-element_type=\"widget\" data-e-type=\"widget\" data-widget_type=\"text-editor.default\">\n\t\t\t\t<div class=\"elementor-widget-container\">\n\t\t\t\t\t\t\t\t\t<h2 aria-level=\"1\"><strong>Formations<\/strong><\/h2><p>CTEC propose des formations compl\u00e8tes d\u00e9di\u00e9es aux ing\u00e9nieurs et techniciens qui souhaitent d\u00e9couvrir, am\u00e9liorer ou retrouver leurs connaissances dans les diff\u00e9rents domaines de l&rsquo;\u00e9lectrotechnique et de la m\u00e9catronique. Les formations sont assur\u00e9es par les experts de CTEC qui mettent \u00e0 profit leur exp\u00e9rience en m\u00e9catronique ou en composants et syst\u00e8mes de d\u00e9tection. Notre offre de formation couvre les domaines des actionneurs, moteurs, transducteurs, capteurs \u00e0 base d&rsquo;effets ou de mat\u00e9riaux \u00e9lectriques, magn\u00e9tiques, pi\u00e9zo\u00e9lectriques, ultrasonores, l&rsquo;\u00e9lectronique de pilotage et de contr\u00f4le ainsi que leurs applications.<\/p><p>Au-del\u00e0 des th\u00e8mes abord\u00e9s dans notre catalogue de formation, nous pouvons \u00e9galement proposer des formations sur mesure pour r\u00e9pondre aux besoins sp\u00e9cifiques du client.<\/p>\t\t\t\t\t\t\t\t<\/div>\n\t\t\t\t<\/div>\n\t\t\t\t<div class=\"elementor-element elementor-element-941e373 elementor-widget elementor-widget-button\" data-id=\"941e373\" data-element_type=\"widget\" data-e-type=\"widget\" data-widget_type=\"button.default\">\n\t\t\t\t<div class=\"elementor-widget-container\">\n\t\t\t\t\t\t\t\t\t<div class=\"elementor-button-wrapper\">\n\t\t\t\t\t<a class=\"elementor-button elementor-button-link elementor-size-md\" href=\"https:\/\/cedrat-technologies.com\/fr\/services\/formations\/\">\n\t\t\t\t\t\t<span class=\"elementor-button-content-wrapper\">\n\t\t\t\t\t\t<span class=\"elementor-button-icon\">\n\t\t\t\t<i aria-hidden=\"true\" class=\"fas fa-arrow-right\"><\/i>\t\t\t<\/span>\n\t\t\t\t\t\t\t\t\t<span class=\"elementor-button-text\">Approfondir vos connaissances<\/span>\n\t\t\t\t\t<\/span>\n\t\t\t\t\t<\/a>\n\t\t\t\t<\/div>\n\t\t\t\t\t\t\t\t<\/div>\n\t\t\t\t<\/div>\n\t\t\t\t\t<\/div>\n\t\t\t\t<\/div>\n\t\t\t\t<div class=\"elementor-element elementor-element-1b982eb elementor-widget elementor-widget-image\" data-id=\"1b982eb\" data-element_type=\"widget\" data-e-type=\"widget\" data-widget_type=\"image.default\">\n\t\t\t\t<div class=\"elementor-widget-container\">\n\t\t\t\t\t\t\t\t\t\t\t\t\t\t\t<img decoding=\"async\" width=\"1090\" height=\"673\" src=\"https:\/\/cedrat-technologies.com\/wp-content\/uploads\/photo_mag_training.jpg\" class=\"attachment-large size-large wp-image-24646\" alt=\"photo mag training.jpg\" srcset=\"https:\/\/cedrat-technologies.com\/wp-content\/uploads\/photo_mag_training.jpg 1090w, https:\/\/cedrat-technologies.com\/wp-content\/uploads\/photo_mag_training-768x474.jpg 768w, https:\/\/cedrat-technologies.com\/wp-content\/uploads\/photo_mag_training-600x370.jpg 600w\" sizes=\"(max-width: 1090px) 100vw, 1090px\" \/>\t\t\t\t\t\t\t\t\t\t\t\t\t\t\t<\/div>\n\t\t\t\t<\/div>\n\t\t\t\t\t<\/div>\n\t\t\t\t<\/div>\n\t\t\t\t<\/div>\n\t\t\t\t<\/div>\n\t\t\t\t<\/div>\n\t\t","protected":false},"excerpt":{"rendered":"<p>En compl\u00e9ment de ses produits m\u00e9catroniques et de ses technologies, CEDRAT TECHNOLOGIES propose une gamme de services d\u00e9di\u00e9e \u00e0 ses clients en ing\u00e9nierie \u00e9lectrotechnique et m\u00e9catronique.. Ing\u00e9nierie Propri\u00e9t\u00e9 Intellectuelle Production Formations Ing\u00e9nierie CTEC d\u00e9veloppe des m\u00e9canismes sur mesure pour votre fonction d&rsquo;actionnement ou de d\u00e9tection. Notre savoir-faire, nos installations et notre exp\u00e9rience permettent \u00e0 notre &#8230; <a title=\"Services\" class=\"read-more\" href=\"https:\/\/cedrat-technologies.com\/fr\/services\/\" aria-label=\"En savoir plus sur Services\">Lire la suite<\/a><\/p>\n","protected":false},"author":1,"featured_media":0,"parent":0,"menu_order":0,"comment_status":"closed","ping_status":"closed","template":"","meta":{"_acf_changed":false,"_seopress_robots_primary_cat":"","_seopress_titles_title":"Services de Cedrat Technologies","_seopress_titles_desc":"Explorez la gamme compl\u00e8te de services propos\u00e9s par Cedrat Technologies, comprenant l&#039;ing\u00e9nierie, la production, la formation et la gestion de la propri\u00e9t\u00e9 intellectuelle.","_seopress_robots_index":"","footnotes":""},"class_list":["post-16608","page","type-page","status-publish"],"acf":[],"_links":{"self":[{"href":"https:\/\/cedrat-technologies.com\/fr\/wp-json\/wp\/v2\/pages\/16608","targetHints":{"allow":["GET"]}}],"collection":[{"href":"https:\/\/cedrat-technologies.com\/fr\/wp-json\/wp\/v2\/pages"}],"about":[{"href":"https:\/\/cedrat-technologies.com\/fr\/wp-json\/wp\/v2\/types\/page"}],"author":[{"embeddable":true,"href":"https:\/\/cedrat-technologies.com\/fr\/wp-json\/wp\/v2\/users\/1"}],"replies":[{"embeddable":true,"href":"https:\/\/cedrat-technologies.com\/fr\/wp-json\/wp\/v2\/comments?post=16608"}],"version-history":[{"count":0,"href":"https:\/\/cedrat-technologies.com\/fr\/wp-json\/wp\/v2\/pages\/16608\/revisions"}],"wp:attachment":[{"href":"https:\/\/cedrat-technologies.com\/fr\/wp-json\/wp\/v2\/media?parent=16608"}],"curies":[{"name":"wp","href":"https:\/\/api.w.org\/{rel}","templated":true}]}}