{"id":16602,"date":"2023-03-16T12:29:28","date_gmt":"2023-03-16T11:29:28","guid":{"rendered":"http:\/\/cedrat-technologies.com\/references\/"},"modified":"2023-06-14T15:56:39","modified_gmt":"2023-06-14T13:56:39","slug":"references","status":"publish","type":"page","link":"https:\/\/cedrat-technologies.com\/fr\/references\/","title":{"rendered":"R\u00e9f\u00e9rences"},"content":{"rendered":"\t\t<div data-elementor-type=\"wp-page\" data-elementor-id=\"16602\" class=\"elementor elementor-16602 elementor-8483\" data-elementor-post-type=\"page\">\n\t\t\t\t<div class=\"elementor-element elementor-element-7a90fd1 e-flex e-con-boxed e-con e-parent\" data-id=\"7a90fd1\" data-element_type=\"container\" data-e-type=\"container\">\n\t\t\t\t\t<div class=\"e-con-inner\">\n\t\t\t\t<div class=\"elementor-element elementor-element-665899a elementor-widget elementor-widget-heading\" data-id=\"665899a\" data-element_type=\"widget\" data-e-type=\"widget\" data-widget_type=\"heading.default\">\n\t\t\t\t<div class=\"elementor-widget-container\">\n\t\t\t\t\t<h1 class=\"elementor-heading-title elementor-size-default\">R\u00e9f\u00e9rences<\/h1>\t\t\t\t<\/div>\n\t\t\t\t<\/div>\n\t\t<div class=\"elementor-element elementor-element-6e0cdf1 e-flex e-con-boxed e-con e-parent\" data-id=\"6e0cdf1\" data-element_type=\"container\" data-e-type=\"container\">\n\t\t\t\t\t<div class=\"e-con-inner\">\n\t\t<div class=\"elementor-element elementor-element-05715a2 e-flex e-con-boxed e-con e-parent\" data-id=\"05715a2\" data-element_type=\"container\" data-e-type=\"container\">\n\t\t\t\t\t<div class=\"e-con-inner\">\n\t\t\t\t<div class=\"elementor-element elementor-element-5f72d22 elementor-widget elementor-widget-heading\" data-id=\"5f72d22\" data-element_type=\"widget\" data-e-type=\"widget\" data-widget_type=\"heading.default\">\n\t\t\t\t<div class=\"elementor-widget-container\">\n\t\t\t\t\t<h2 class=\"elementor-heading-title elementor-size-default\">AIR &amp; SPACE<\/h2>\t\t\t\t<\/div>\n\t\t\t\t<\/div>\n\t\t\t\t<div class=\"elementor-element elementor-element-7add49c elementor-widget elementor-widget-text-editor\" data-id=\"7add49c\" data-element_type=\"widget\" data-e-type=\"widget\" data-widget_type=\"text-editor.default\">\n\t\t\t\t<div class=\"elementor-widget-container\">\n\t\t\t\t\t\t\t\t\t<p>Alcatel, Ametek, Angstrom sciences, Artus Pacific Scientific, Boeing, Carleton technologies, CNES, Contraves Space, Crouzet, Dassault, DLR, DRS, EADS, Eaton, ESA, ETEL, Faulhaber, Gallileo\u00a0 Avionica, Goodrich, IEAv, ISRO, Jaxa, JPL, Liebherr, Minimotor, Moog,\u00a0 NASA, Oerlikon, ONERA,\u00a0\u00a0S2M, Sabca, Safran, Sandia Lab, Thales, TRW, Umbra Group, Zodiac&#8230;<\/p>\t\t\t\t\t\t\t\t<\/div>\n\t\t\t\t<\/div>\n\t\t\t\t\t<\/div>\n\t\t\t\t<\/div>\n\t\t<div class=\"elementor-element elementor-element-b7cc8f3 e-flex e-con-boxed e-con e-parent\" data-id=\"b7cc8f3\" data-element_type=\"container\" data-e-type=\"container\">\n\t\t\t\t\t<div class=\"e-con-inner\">\n\t\t\t\t<div class=\"elementor-element elementor-element-1b1e4df elementor-widget elementor-widget-heading\" data-id=\"1b1e4df\" data-element_type=\"widget\" data-e-type=\"widget\" data-widget_type=\"heading.default\">\n\t\t\t\t<div class=\"elementor-widget-container\">\n\t\t\t\t\t<h2 class=\"elementor-heading-title elementor-size-default\">AUTOMOTIVE &amp; TRANSPORT<\/h2>\t\t\t\t<\/div>\n\t\t\t\t<\/div>\n\t\t\t\t<div class=\"elementor-element elementor-element-bdd9016 elementor-widget elementor-widget-text-editor\" data-id=\"bdd9016\" data-element_type=\"widget\" data-e-type=\"widget\" data-widget_type=\"text-editor.default\">\n\t\t\t\t<div class=\"elementor-widget-container\">\n\t\t\t\t\t\t\t\t\t<p>Alstom, Banverket, BMW, Bombardier, Borg Warner, Brusa Elektronic, Caterpillar Machinery, Daimler, Delphi, Electricfil Automotive, Faurecia, Federal Mogul, Fiat, Globe Motors, Hutchinson, JCAE, Keiper, Kone, Magneti Marelli, Michelin, Nuova SME, Otis Elevator, Peugeot, Raser Technologies, Renault, Rockwell,\u00a0Saia-Burgess, Sassi, Schindler, Sanden, Siemens, SNR, Suzuki, Valeo, Visteon, Volvo&#8230;<\/p>\t\t\t\t\t\t\t\t<\/div>\n\t\t\t\t<\/div>\n\t\t\t\t\t<\/div>\n\t\t\t\t<\/div>\n\t\t\t\t\t<\/div>\n\t\t\t\t<\/div>\n\t\t<div class=\"elementor-element elementor-element-1443412 e-flex e-con-boxed e-con e-parent\" data-id=\"1443412\" data-element_type=\"container\" data-e-type=\"container\">\n\t\t\t\t\t<div class=\"e-con-inner\">\n\t\t<div class=\"elementor-element elementor-element-79b855f e-flex e-con-boxed e-con e-parent\" data-id=\"79b855f\" data-element_type=\"container\" data-e-type=\"container\">\n\t\t\t\t\t<div class=\"e-con-inner\">\n\t\t\t\t<div class=\"elementor-element elementor-element-d960c36 elementor-widget elementor-widget-heading\" data-id=\"d960c36\" data-element_type=\"widget\" data-e-type=\"widget\" data-widget_type=\"heading.default\">\n\t\t\t\t<div class=\"elementor-widget-container\">\n\t\t\t\t\t<h2 class=\"elementor-heading-title elementor-size-default\">DEFENCE<\/h2>\t\t\t\t<\/div>\n\t\t\t\t<\/div>\n\t\t\t\t<div class=\"elementor-element elementor-element-745ea5a elementor-widget elementor-widget-text-editor\" data-id=\"745ea5a\" data-element_type=\"widget\" data-e-type=\"widget\" data-widget_type=\"text-editor.default\">\n\t\t\t\t<div class=\"elementor-widget-container\">\n\t\t\t\t\t\t\t\t\t<p>Bath Iron Works, Bechtel Bettis, BEI Kimco, Curtiss Wright, DCN, DGA, DREA, Ficantieri, General Dynamics, Giat, ISL, Kockums AB, Lockheed Martin, MBDA, NRL, NUWC, Qinetic, Rafael, Royal Netherlands Navy, SSERI, Thales, US Army Benet Lab, WTD71&#8230;<\/p>\t\t\t\t\t\t\t\t<\/div>\n\t\t\t\t<\/div>\n\t\t\t\t\t<\/div>\n\t\t\t\t<\/div>\n\t\t<div class=\"elementor-element elementor-element-89a1b64 e-flex e-con-boxed e-con e-parent\" data-id=\"89a1b64\" data-element_type=\"container\" data-e-type=\"container\">\n\t\t\t\t\t<div class=\"e-con-inner\">\n\t\t\t\t<div class=\"elementor-element elementor-element-0e42f1e elementor-widget elementor-widget-heading\" data-id=\"0e42f1e\" data-element_type=\"widget\" data-e-type=\"widget\" data-widget_type=\"heading.default\">\n\t\t\t\t<div class=\"elementor-widget-container\">\n\t\t\t\t\t<h2 class=\"elementor-heading-title elementor-size-default\">ENERGY TRANSFER &amp; CONVERSION<\/h2>\t\t\t\t<\/div>\n\t\t\t\t<\/div>\n\t\t\t\t<div class=\"elementor-element elementor-element-55a5d7a elementor-widget elementor-widget-text-editor\" data-id=\"55a5d7a\" data-element_type=\"widget\" data-e-type=\"widget\" data-widget_type=\"text-editor.default\">\n\t\t\t\t<div class=\"elementor-widget-container\">\n\t\t\t\t\t\t\t\t\t<p>ABB, Active Power, Areva, Axco Motors, Cantarey, Cener, Cepel, CESI, Converteam, CVG-Edelca, Dalekovod, Dong Fang, EDF, Econnect, Emerson, E.ON, Framatome, Gamesa, GE, Gothia Power, Hager, HEC, HydroQuebec, Hyosung, Hyundai, IMPSA, IMP TEN, Indar, Iskra, Legrand, Leroy Somer, Nexans, Powergen, Red El\u00e9ctrica de Espana, Romand Energie, Schneider Electric, Silec cables, Socomec, Taiwan Power, TEIAS, Trafomec, USEC, Vatech, Vestas, WTC&#8230;<\/p>\t\t\t\t\t\t\t\t<\/div>\n\t\t\t\t<\/div>\n\t\t\t\t\t<\/div>\n\t\t\t\t<\/div>\n\t\t\t\t\t<\/div>\n\t\t\t\t<\/div>\n\t\t<div class=\"elementor-element elementor-element-14dcaf4 e-flex e-con-boxed e-con e-parent\" data-id=\"14dcaf4\" data-element_type=\"container\" data-e-type=\"container\">\n\t\t\t\t\t<div class=\"e-con-inner\">\n\t\t<div class=\"elementor-element elementor-element-810fec8 e-flex e-con-boxed e-con e-parent\" data-id=\"810fec8\" data-element_type=\"container\" data-e-type=\"container\">\n\t\t\t\t\t<div class=\"e-con-inner\">\n\t\t\t\t<div class=\"elementor-element elementor-element-3cf6fb5 elementor-widget elementor-widget-heading\" data-id=\"3cf6fb5\" data-element_type=\"widget\" data-e-type=\"widget\" data-widget_type=\"heading.default\">\n\t\t\t\t<div class=\"elementor-widget-container\">\n\t\t\t\t\t<h2 class=\"elementor-heading-title elementor-size-default\">FLUID POWER, GAS, PETROLEUM<\/h2>\t\t\t\t<\/div>\n\t\t\t\t<\/div>\n\t\t\t\t<div class=\"elementor-element elementor-element-5ec107c elementor-widget elementor-widget-text-editor\" data-id=\"5ec107c\" data-element_type=\"widget\" data-e-type=\"widget\" data-widget_type=\"text-editor.default\">\n\t\t\t\t<div class=\"elementor-widget-container\">\n\t\t\t\t\t\t\t\t\t<p>Atlas Copco, Asco Joucomatic, Bechtel, Fluid Automation, Geolog, GDF, Grundfos, ITT Flygt, Iwaki Pumps, Kvaerner, Magnet Schultz, Parker Hannifin, Pfeiffer Vacuum, Robert Bosch, Salmson, Schienle Magnettechnick, Schlumberger, Teco-Westinghouse, Total&#8230;<\/p>\t\t\t\t\t\t\t\t<\/div>\n\t\t\t\t<\/div>\n\t\t\t\t\t<\/div>\n\t\t\t\t<\/div>\n\t\t<div class=\"elementor-element elementor-element-806bb7c e-flex e-con-boxed e-con e-parent\" data-id=\"806bb7c\" data-element_type=\"container\" data-e-type=\"container\">\n\t\t\t\t\t<div class=\"e-con-inner\">\n\t\t\t\t<div class=\"elementor-element elementor-element-b71280d elementor-widget elementor-widget-heading\" data-id=\"b71280d\" data-element_type=\"widget\" data-e-type=\"widget\" data-widget_type=\"heading.default\">\n\t\t\t\t<div class=\"elementor-widget-container\">\n\t\t\t\t\t<h2 class=\"elementor-heading-title elementor-size-default\">HOUSEHOLD APPLIANCES<\/h2>\t\t\t\t<\/div>\n\t\t\t\t<\/div>\n\t\t\t\t<div class=\"elementor-element elementor-element-565a38c elementor-widget elementor-widget-text-editor\" data-id=\"565a38c\" data-element_type=\"widget\" data-e-type=\"widget\" data-widget_type=\"text-editor.default\">\n\t\t\t\t<div class=\"elementor-widget-container\">\n\t\t\t\t\t\t\t\t\t<p>AEG, A.O. Smith, Arcelik, Black &amp; Decker, Bosch und Siemens Hausger\u00e4te, Brandt Cooking, Calor, C.S.M. Motori, Daewoo, Embraco, Hussman Corporation,\u00a0 Philips, Seb, Skis Rossignol &#8211; Quicksilver, Soler &amp; Palau, Somfy, Panasonic Refrigeration, Tecumseh, Tetra Pak, Whirlpool, Zanussi&#8230;<\/p>\t\t\t\t\t\t\t\t<\/div>\n\t\t\t\t<\/div>\n\t\t\t\t\t<\/div>\n\t\t\t\t<\/div>\n\t\t\t\t\t<\/div>\n\t\t\t\t<\/div>\n\t\t<div class=\"elementor-element elementor-element-39945d7 e-flex e-con-boxed e-con e-parent\" data-id=\"39945d7\" data-element_type=\"container\" data-e-type=\"container\">\n\t\t\t\t\t<div class=\"e-con-inner\">\n\t\t<div class=\"elementor-element elementor-element-0daa27c e-flex e-con-boxed e-con e-parent\" data-id=\"0daa27c\" data-element_type=\"container\" data-e-type=\"container\">\n\t\t\t\t\t<div class=\"e-con-inner\">\n\t\t\t\t<div class=\"elementor-element elementor-element-0401666 elementor-widget elementor-widget-heading\" data-id=\"0401666\" data-element_type=\"widget\" data-e-type=\"widget\" data-widget_type=\"heading.default\">\n\t\t\t\t<div class=\"elementor-widget-container\">\n\t\t\t\t\t<h2 class=\"elementor-heading-title elementor-size-default\">INDUSTRIAL PROCESS\n<\/h2>\t\t\t\t<\/div>\n\t\t\t\t<\/div>\n\t\t\t\t<div class=\"elementor-element elementor-element-2880d24 elementor-widget elementor-widget-text-editor\" data-id=\"2880d24\" data-element_type=\"widget\" data-e-type=\"widget\" data-widget_type=\"text-editor.default\">\n\t\t\t\t<div class=\"elementor-widget-container\">\n\t\t\t\t\t\t\t\t\t<p>Celes, Comer, Delo process, ebmpapst, EFD Induction, Fluxtrol, Gauss Magneti, GH Induction, Inducto Heat, Inova, Juli Motorenwerk, Leeson Electric, Mittal Arcelor, Picanol, Prismeca, Regal Beloit, Rotomatika, RWE Piller, SAET, Saint Gobain, Sew Eurodrive, Sintef Energy, Sun Netsuren, Servax, Sodeva, Technifor, TECO Electric &amp; Machinery, Termetal, Tyco Thermal, Vallourec, Walker Magnetics, WEG&#8230;<\/p>\t\t\t\t\t\t\t\t<\/div>\n\t\t\t\t<\/div>\n\t\t\t\t\t<\/div>\n\t\t\t\t<\/div>\n\t\t<div class=\"elementor-element elementor-element-d8da33e e-flex e-con-boxed e-con e-parent\" data-id=\"d8da33e\" data-element_type=\"container\" data-e-type=\"container\">\n\t\t\t\t\t<div class=\"e-con-inner\">\n\t\t\t\t<div class=\"elementor-element elementor-element-7f94b51 elementor-widget elementor-widget-heading\" data-id=\"7f94b51\" data-element_type=\"widget\" data-e-type=\"widget\" data-widget_type=\"heading.default\">\n\t\t\t\t<div class=\"elementor-widget-container\">\n\t\t\t\t\t<h2 class=\"elementor-heading-title elementor-size-default\">INFORMATION SYSTEMS &amp; MICROELECTRONICS<\/h2>\t\t\t\t<\/div>\n\t\t\t\t<\/div>\n\t\t\t\t<div class=\"elementor-element elementor-element-32cfed2 elementor-widget elementor-widget-text-editor\" data-id=\"32cfed2\" data-element_type=\"widget\" data-e-type=\"widget\" data-widget_type=\"text-editor.default\">\n\t\t\t\t<div class=\"elementor-widget-container\">\n\t\t\t\t\t\t\t\t\t<p>Alcatel, CCarl Zeiss SMT, CEA Leti, Celestion, Ciare, Dataslide, Densitron, ETA, GP Electronics, Guzik, Hitachi, Iljin Electronics, ISA, KEF, Kinetron, LG Electronics, Maxtor, Northrop Grumman, Oce, Phase Motion Control, Ronda, Samsung, Seagate, Selenium, Steorn, Teledyne scientific, Timex, Western Digital&#8230;<\/p>\t\t\t\t\t\t\t\t<\/div>\n\t\t\t\t<\/div>\n\t\t\t\t\t<\/div>\n\t\t\t\t<\/div>\n\t\t\t\t\t<\/div>\n\t\t\t\t<\/div>\n\t\t<div class=\"elementor-element elementor-element-8845ad7 e-flex e-con-boxed e-con e-parent\" data-id=\"8845ad7\" data-element_type=\"container\" data-e-type=\"container\">\n\t\t\t\t\t<div class=\"e-con-inner\">\n\t\t<div class=\"elementor-element elementor-element-8143761 e-flex e-con-boxed e-con e-parent\" data-id=\"8143761\" data-element_type=\"container\" data-e-type=\"container\">\n\t\t\t\t\t<div class=\"e-con-inner\">\n\t\t\t\t<div class=\"elementor-element elementor-element-23ca065 elementor-widget elementor-widget-heading\" data-id=\"23ca065\" data-element_type=\"widget\" data-e-type=\"widget\" data-widget_type=\"heading.default\">\n\t\t\t\t<div class=\"elementor-widget-container\">\n\t\t\t\t\t<h2 class=\"elementor-heading-title elementor-size-default\">INSTRUMENTATION<\/h2>\t\t\t\t<\/div>\n\t\t\t\t<\/div>\n\t\t\t\t<div class=\"elementor-element elementor-element-0a80575 elementor-widget elementor-widget-text-editor\" data-id=\"0a80575\" data-element_type=\"widget\" data-e-type=\"widget\" data-widget_type=\"text-editor.default\">\n\t\t\t\t<div class=\"elementor-widget-container\">\n\t\t\t\t\t\t\t\t\t<p>Accel Instruments, Datapixel, Newport&#8230;<\/p>\t\t\t\t\t\t\t\t<\/div>\n\t\t\t\t<\/div>\n\t\t\t\t\t<\/div>\n\t\t\t\t<\/div>\n\t\t<div class=\"elementor-element elementor-element-2b70080 e-flex e-con-boxed e-con e-parent\" data-id=\"2b70080\" data-element_type=\"container\" data-e-type=\"container\">\n\t\t\t\t\t<div class=\"e-con-inner\">\n\t\t\t\t<div class=\"elementor-element elementor-element-5da0dcf elementor-widget elementor-widget-heading\" data-id=\"5da0dcf\" data-element_type=\"widget\" data-e-type=\"widget\" data-widget_type=\"heading.default\">\n\t\t\t\t<div class=\"elementor-widget-container\">\n\t\t\t\t\t<h2 class=\"elementor-heading-title elementor-size-default\">MACHINE PRODUCTION &amp; MACHINE TOOL<\/h2>\t\t\t\t<\/div>\n\t\t\t\t<\/div>\n\t\t\t\t<div class=\"elementor-element elementor-element-7dd64a1 elementor-widget elementor-widget-text-editor\" data-id=\"7dd64a1\" data-element_type=\"widget\" data-e-type=\"widget\" data-widget_type=\"text-editor.default\">\n\t\t\t\t<div class=\"elementor-widget-container\">\n\t\t\t\t\t\t\t\t\t<p>Danobat, Entech, Huller Hille, Ideko, IFW&#8230;<\/p>\t\t\t\t\t\t\t\t<\/div>\n\t\t\t\t<\/div>\n\t\t\t\t\t<\/div>\n\t\t\t\t<\/div>\n\t\t\t\t\t<\/div>\n\t\t\t\t<\/div>\n\t\t<div class=\"elementor-element elementor-element-a8c39a0 e-flex e-con-boxed e-con e-parent\" data-id=\"a8c39a0\" data-element_type=\"container\" data-e-type=\"container\">\n\t\t\t\t\t<div class=\"e-con-inner\">\n\t\t<div class=\"elementor-element elementor-element-703ba81 e-flex e-con-boxed e-con e-parent\" data-id=\"703ba81\" data-element_type=\"container\" data-e-type=\"container\">\n\t\t\t\t\t<div class=\"e-con-inner\">\n\t\t\t\t<div class=\"elementor-element elementor-element-503f3d1 elementor-widget elementor-widget-heading\" data-id=\"503f3d1\" data-element_type=\"widget\" data-e-type=\"widget\" data-widget_type=\"heading.default\">\n\t\t\t\t<div class=\"elementor-widget-container\">\n\t\t\t\t\t<h2 class=\"elementor-heading-title elementor-size-default\">MATERIALS<\/h2>\t\t\t\t<\/div>\n\t\t\t\t<\/div>\n\t\t\t\t<div class=\"elementor-element elementor-element-d126c1e elementor-widget elementor-widget-text-editor\" data-id=\"d126c1e\" data-element_type=\"widget\" data-e-type=\"widget\" data-widget_type=\"text-editor.default\">\n\t\t\t\t<div class=\"elementor-widget-container\">\n\t\t\t\t\t\t\t\t\t<p>Arelec, Carbone Lorraine, Dupont Nemours, Fermag, Fluxtrol, Hexcel, Imphy, Isliker Magnete, Kawasaki Steel, Magna Coils,\u00a0Mannesmann, Metra, Ocas Arcelor, Saint Gobain, Ssangyong Materials, Taihan Electric Wire, Vallourec, Winkle Industries&#8230;<\/p>\t\t\t\t\t\t\t\t<\/div>\n\t\t\t\t<\/div>\n\t\t\t\t\t<\/div>\n\t\t\t\t<\/div>\n\t\t<div class=\"elementor-element elementor-element-1cdc513 e-flex e-con-boxed e-con e-parent\" data-id=\"1cdc513\" data-element_type=\"container\" data-e-type=\"container\">\n\t\t\t\t\t<div class=\"e-con-inner\">\n\t\t\t\t<div class=\"elementor-element elementor-element-7f4c1d6 elementor-widget elementor-widget-heading\" data-id=\"7f4c1d6\" data-element_type=\"widget\" data-e-type=\"widget\" data-widget_type=\"heading.default\">\n\t\t\t\t<div class=\"elementor-widget-container\">\n\t\t\t\t\t<h2 class=\"elementor-heading-title elementor-size-default\">MEDICAL &amp; PERSONAL ASSISTANCE<\/h2>\t\t\t\t<\/div>\n\t\t\t\t<\/div>\n\t\t\t\t<div class=\"elementor-element elementor-element-4b26da5 elementor-widget elementor-widget-text-editor\" data-id=\"4b26da5\" data-element_type=\"widget\" data-e-type=\"widget\" data-widget_type=\"text-editor.default\">\n\t\t\t\t<div class=\"elementor-widget-container\">\n\t\t\t\t\t\t\t\t\t<p>EMBL, INSERM, Rexam, Roche diagnostic&#8230;<\/p>\t\t\t\t\t\t\t\t<\/div>\n\t\t\t\t<\/div>\n\t\t\t\t\t<\/div>\n\t\t\t\t<\/div>\n\t\t\t\t\t<\/div>\n\t\t\t\t<\/div>\n\t\t<div class=\"elementor-element elementor-element-bbb96fa e-flex e-con-boxed e-con e-parent\" data-id=\"bbb96fa\" data-element_type=\"container\" data-e-type=\"container\">\n\t\t\t\t\t<div class=\"e-con-inner\">\n\t\t<div class=\"elementor-element elementor-element-626221f e-flex e-con-boxed e-con e-parent\" data-id=\"626221f\" data-element_type=\"container\" data-e-type=\"container\">\n\t\t\t\t\t<div class=\"e-con-inner\">\n\t\t\t\t<div class=\"elementor-element elementor-element-83cd4cb elementor-widget elementor-widget-heading\" data-id=\"83cd4cb\" data-element_type=\"widget\" data-e-type=\"widget\" data-widget_type=\"heading.default\">\n\t\t\t\t<div class=\"elementor-widget-container\">\n\t\t\t\t\t<h2 class=\"elementor-heading-title elementor-size-default\">NON DESTRUCTIVE TESTING\n<\/h2>\t\t\t\t<\/div>\n\t\t\t\t<\/div>\n\t\t\t\t<div class=\"elementor-element elementor-element-23b3fb8 elementor-widget elementor-widget-text-editor\" data-id=\"23b3fb8\" data-element_type=\"widget\" data-e-type=\"widget\" data-widget_type=\"text-editor.default\">\n\t\t\t\t<div class=\"elementor-widget-container\">\n\t\t\t\t\t\t\t\t\t<p>Alstom Power Services, Bechtel Bettis, BWXT Technologies, Cegetel,\u00a0EPRI, Force Technology, GE Inspection Technologies, ISPESL, MADE, Mannesmann, TWI, Veritec Sonomatic&#8230;<\/p>\t\t\t\t\t\t\t\t<\/div>\n\t\t\t\t<\/div>\n\t\t\t\t\t<\/div>\n\t\t\t\t<\/div>\n\t\t<div class=\"elementor-element elementor-element-7a1391b e-flex e-con-boxed e-con e-parent\" data-id=\"7a1391b\" data-element_type=\"container\" data-e-type=\"container\">\n\t\t\t\t\t<div class=\"e-con-inner\">\n\t\t\t\t<div class=\"elementor-element elementor-element-b580dbd elementor-widget elementor-widget-heading\" data-id=\"b580dbd\" data-element_type=\"widget\" data-e-type=\"widget\" data-widget_type=\"heading.default\">\n\t\t\t\t<div class=\"elementor-widget-container\">\n\t\t\t\t\t<h2 class=\"elementor-heading-title elementor-size-default\">OPTOELECTRONICS<\/h2>\t\t\t\t<\/div>\n\t\t\t\t<\/div>\n\t\t\t\t<div class=\"elementor-element elementor-element-712fbf7 elementor-widget elementor-widget-text-editor\" data-id=\"712fbf7\" data-element_type=\"widget\" data-e-type=\"widget\" data-widget_type=\"text-editor.default\">\n\t\t\t\t<div class=\"elementor-widget-container\">\n\t\t\t\t\t\t\t\t\t<p>Thales Optronic, Trixell&#8230;<\/p>\t\t\t\t\t\t\t\t<\/div>\n\t\t\t\t<\/div>\n\t\t\t\t\t<\/div>\n\t\t\t\t<\/div>\n\t\t\t\t\t<\/div>\n\t\t\t\t<\/div>\n\t\t<div class=\"elementor-element elementor-element-cd15a79 e-flex e-con-boxed e-con e-parent\" data-id=\"cd15a79\" data-element_type=\"container\" data-e-type=\"container\">\n\t\t\t\t\t<div class=\"e-con-inner\">\n\t\t<div class=\"elementor-element elementor-element-3ef8f70 e-flex e-con-boxed e-con e-parent\" data-id=\"3ef8f70\" data-element_type=\"container\" data-e-type=\"container\">\n\t\t\t\t\t<div class=\"e-con-inner\">\n\t\t\t\t<div class=\"elementor-element elementor-element-c7bcf86 elementor-widget elementor-widget-heading\" data-id=\"c7bcf86\" data-element_type=\"widget\" data-e-type=\"widget\" data-widget_type=\"heading.default\">\n\t\t\t\t<div class=\"elementor-widget-container\">\n\t\t\t\t\t<h2 class=\"elementor-heading-title elementor-size-default\">TESTING &amp; MEASUREMENT<\/h2>\t\t\t\t<\/div>\n\t\t\t\t<\/div>\n\t\t\t\t<div class=\"elementor-element elementor-element-34c1099 elementor-widget elementor-widget-text-editor\" data-id=\"34c1099\" data-element_type=\"widget\" data-e-type=\"widget\" data-widget_type=\"text-editor.default\">\n\t\t\t\t<div class=\"elementor-widget-container\">\n\t\t\t\t\t\t\t\t\t<p>Accel, Actaris, Bipm, Chauvin Arnoux, Contelec, Contrinex, Electricfil, Fieldmetrics, Hyab Magneter, Laboratoire National d&rsquo;Essais, Laboratorio Elettrofisico, LEM, Metravib, Omron, Sensorex, Shimadzu Corporation, Sercel, SKF, Sick-Stegmann, ST Microelectronics, TE2M, Texas Instruments, Xerox&#8230;<\/p>\t\t\t\t\t\t\t\t<\/div>\n\t\t\t\t<\/div>\n\t\t\t\t\t<\/div>\n\t\t\t\t<\/div>\n\t\t<div class=\"elementor-element elementor-element-f61c920 e-flex e-con-boxed e-con e-parent\" data-id=\"f61c920\" data-element_type=\"container\" data-e-type=\"container\">\n\t\t\t\t\t<div class=\"e-con-inner\">\n\t\t\t\t<div class=\"elementor-element elementor-element-c07db80 elementor-widget elementor-widget-heading\" data-id=\"c07db80\" data-element_type=\"widget\" data-e-type=\"widget\" data-widget_type=\"heading.default\">\n\t\t\t\t<div class=\"elementor-widget-container\">\n\t\t\t\t\t<h2 class=\"elementor-heading-title elementor-size-default\">RESEARCH INSTITUTES<\/h2>\t\t\t\t<\/div>\n\t\t\t\t<\/div>\n\t\t\t\t<div class=\"elementor-element elementor-element-97aa1d4 elementor-widget elementor-widget-text-editor\" data-id=\"97aa1d4\" data-element_type=\"widget\" data-e-type=\"widget\" data-widget_type=\"text-editor.default\">\n\t\t\t\t<div class=\"elementor-widget-container\">\n\t\t\t\t\t\t\t\t\t<p>CAT, CEA, CERN, Cidetec, Cetim, CNRS, CRTBT, ESRF, FDTE, Fraunhofer Institute, Ikerlan, I.N.RI.M, KERI, LMN, Los Alamos Laboratories, NIOT, NPOL, NSTL, Oak Ridge National Laboratory, Sandia National Laboratories, Technion, TNO, TWI&#8230;<\/p>\t\t\t\t\t\t\t\t<\/div>\n\t\t\t\t<\/div>\n\t\t\t\t\t<\/div>\n\t\t\t\t<\/div>\n\t\t\t\t\t<\/div>\n\t\t\t\t<\/div>\n\t\t<div class=\"elementor-element elementor-element-e5d91bd e-flex e-con-boxed e-con e-parent\" data-id=\"e5d91bd\" data-element_type=\"container\" data-e-type=\"container\">\n\t\t\t\t\t<div class=\"e-con-inner\">\n\t\t<div class=\"elementor-element elementor-element-ac0ac7a e-flex e-con-boxed e-con e-parent\" data-id=\"ac0ac7a\" data-element_type=\"container\" data-e-type=\"container\">\n\t\t\t\t\t<div class=\"e-con-inner\">\n\t\t\t\t<div class=\"elementor-element elementor-element-38ffaee elementor-widget elementor-widget-heading\" data-id=\"38ffaee\" data-element_type=\"widget\" data-e-type=\"widget\" data-widget_type=\"heading.default\">\n\t\t\t\t<div class=\"elementor-widget-container\">\n\t\t\t\t\t<h2 class=\"elementor-heading-title elementor-size-default\">UNIVERSITY LABS AND TEACHING ORGANISATIONS\n<\/h2>\t\t\t\t<\/div>\n\t\t\t\t<\/div>\n\t\t\t\t<div class=\"elementor-element elementor-element-ff2d6ed elementor-widget elementor-widget-text-editor\" data-id=\"ff2d6ed\" data-element_type=\"widget\" data-e-type=\"widget\" data-widget_type=\"text-editor.default\">\n\t\t\t\t<div class=\"elementor-widget-container\">\n\t\t\t\t\t\t\t\t\t<p>Many references in Algeria, Australia, Belgium, Bosnia, Bulgaria, Brazil, Cameroon, Canada, China, Columbia, Croatia, Cyprus, Denmark,\u00a0 Estonia,\u00a0 Finland, France, Germany, Greece, Hungary, India, Iran, Isra\u00ebl, Italy, Japan, Korea, Kuwait, The Netherlands, Mexico, Norway, Latvia, Pakistan, Peru, Poland, Portugal, Romania, Russia, Saudi Arabia, Singapore, Slovenia, South Africa, Spain, Sri Lanka, Sweden, Switzerland, Taiwan, Tanzania, Turkey, United Kingdom, USA, Venezuela&#8230;\u00a0<\/p>\t\t\t\t\t\t\t\t<\/div>\n\t\t\t\t<\/div>\n\t\t\t\t\t<\/div>\n\t\t\t\t<\/div>\n\t\t<div class=\"elementor-element elementor-element-6a806d5 e-flex e-con-boxed e-con e-parent\" data-id=\"6a806d5\" data-element_type=\"container\" data-e-type=\"container\">\n\t\t\t\t\t<div class=\"e-con-inner\">\n\t\t\t\t\t<\/div>\n\t\t\t\t<\/div>\n\t\t\t\t\t<\/div>\n\t\t\t\t<\/div>\n\t\t\t\t\t<\/div>\n\t\t\t\t<\/div>\n\t\t\t\t<\/div>\n\t\t","protected":false},"excerpt":{"rendered":"<p>AIR &#038; SPACE Alcatel, Ametek, Angstrom sciences, Artus Pacific Scientific, Boeing, Carleton technologies, CNES, Contraves Space, Crouzet, Dassault, DLR, DRS, EADS, Eaton, ESA, ETEL, Faulhaber, Gallileo\u00a0 Avionica, Goodrich, IEAv, ISRO, Jaxa, JPL, Liebherr, Minimotor, Moog,\u00a0 NASA, Oerlikon, ONERA,\u00a0\u00a0S2M, Sabca, Safran, Sandia Lab, Thales, TRW, Umbra Group, Zodiac&#8230; AUTOMOTIVE &#038; TRANSPORT Alstom, Banverket, BMW, Bombardier, Borg &#8230; <a title=\"R\u00e9f\u00e9rences\" class=\"read-more\" href=\"https:\/\/cedrat-technologies.com\/fr\/references\/\" aria-label=\"En savoir plus sur R\u00e9f\u00e9rences\">Lire la suite<\/a><\/p>\n","protected":false},"author":1,"featured_media":0,"parent":0,"menu_order":0,"comment_status":"closed","ping_status":"closed","template":"","meta":{"_acf_changed":false,"_seopress_robots_primary_cat":"","_seopress_titles_title":"R\u00e9f\u00e9rences de Cedrat Technologies","_seopress_titles_desc":"D\u00e9couvrez certaines des r\u00e9f\u00e9rences et des success stories des clients de Cedrat Technologies qui ont b\u00e9n\u00e9fici\u00e9 de nos solutions innovantes.","_seopress_robots_index":"","footnotes":""},"class_list":["post-16602","page","type-page","status-publish"],"acf":[],"_links":{"self":[{"href":"https:\/\/cedrat-technologies.com\/fr\/wp-json\/wp\/v2\/pages\/16602","targetHints":{"allow":["GET"]}}],"collection":[{"href":"https:\/\/cedrat-technologies.com\/fr\/wp-json\/wp\/v2\/pages"}],"about":[{"href":"https:\/\/cedrat-technologies.com\/fr\/wp-json\/wp\/v2\/types\/page"}],"author":[{"embeddable":true,"href":"https:\/\/cedrat-technologies.com\/fr\/wp-json\/wp\/v2\/users\/1"}],"replies":[{"embeddable":true,"href":"https:\/\/cedrat-technologies.com\/fr\/wp-json\/wp\/v2\/comments?post=16602"}],"version-history":[{"count":0,"href":"https:\/\/cedrat-technologies.com\/fr\/wp-json\/wp\/v2\/pages\/16602\/revisions"}],"wp:attachment":[{"href":"https:\/\/cedrat-technologies.com\/fr\/wp-json\/wp\/v2\/media?parent=16602"}],"curies":[{"name":"wp","href":"https:\/\/api.w.org\/{rel}","templated":true}]}}