{"id":16587,"date":"2023-04-13T11:38:54","date_gmt":"2023-04-13T09:38:54","guid":{"rendered":"http:\/\/cedrat-technologies.com\/products\/"},"modified":"2024-03-14T17:10:48","modified_gmt":"2024-03-14T16:10:48","slug":"produits","status":"publish","type":"page","link":"https:\/\/cedrat-technologies.com\/fr\/produits\/","title":{"rendered":"Produits"},"content":{"rendered":"\t\t<div data-elementor-type=\"wp-page\" data-elementor-id=\"16587\" class=\"elementor elementor-16587 elementor-12368\" data-elementor-post-type=\"page\">\n\t\t\t\t<div class=\"elementor-element elementor-element-7ebec06 e-flex e-con-boxed e-con e-parent\" data-id=\"7ebec06\" data-element_type=\"container\" data-e-type=\"container\">\n\t\t\t\t\t<div class=\"e-con-inner\">\n\t\t<div class=\"elementor-element elementor-element-213f77b e-flex e-con-boxed e-con e-child\" data-id=\"213f77b\" data-element_type=\"container\" data-e-type=\"container\">\n\t\t\t\t\t<div class=\"e-con-inner\">\n\t\t<div class=\"elementor-element elementor-element-a566167 e-flex e-con-boxed e-con e-child\" data-id=\"a566167\" data-element_type=\"container\" data-e-type=\"container\">\n\t\t\t\t\t<div class=\"e-con-inner\">\n\t\t\t\t<div class=\"elementor-element elementor-element-55e86d0 elementor-widget elementor-widget-heading\" data-id=\"55e86d0\" data-element_type=\"widget\" data-e-type=\"widget\" data-widget_type=\"heading.default\">\n\t\t\t\t<div class=\"elementor-widget-container\">\n\t\t\t\t\t<h1 class=\"elementor-heading-title elementor-size-default\">Produits<\/h1>\t\t\t\t<\/div>\n\t\t\t\t<\/div>\n\t\t\t\t<div class=\"elementor-element elementor-element-ecb0620 elementor-widget elementor-widget-text-editor\" data-id=\"ecb0620\" data-element_type=\"widget\" data-e-type=\"widget\" data-widget_type=\"text-editor.default\">\n\t\t\t\t<div class=\"elementor-widget-container\">\n\t\t\t\t\t\t\t\t\t<p class=\"align-justify\">CEDRAT TECHNOLOGIES n\u2019a cess\u00e9 d\u2019am\u00e9liorer et d\u2019\u00e9largir sa gamme d\u2019actionneurs et de solutions \u00e9lectroniques associ\u00e9es depuis le milieu des ann\u00e9es 90. Afin de r\u00e9pondre efficacement aux besoins et exigences de ses clients en termes de syst\u00e8mes m\u00e9catroniques fiables et solides, CEDRAT TECHNOLOGIES d\u00e9veloppe des produits Compacts, Dynamiques et Pr\u00e9cis \u00e0 travers plusieurs familles de produits :<\/p><ul><li><a href=\"https:\/\/cedrat-technologies.com\/fr\/fine-and-fast-steering-mirrors\/\">Fine and fast steering mirrors<\/a><\/li><li><a style=\"text-align: var(--text-align);\" href=\"https:\/\/cedrat-technologies.com\/fr\/categorie-produit\/actionneurs-piezo\/\">Actionneurs\u00a0Pi\u00e9zo<\/a><span style=\"text-align: var(--text-align); color: var( --e-global-color-dea41e4 );\"> (<\/span><a style=\"text-align: var(--text-align);\" title=\"Opens internal link in current window\" href=\"https:\/\/cedrat-technologies.com\/fr\/categorie-produit\/actionneurs-piezo\/actionneur-direct-et-parallele-actionneurs\/actionneur-piezo-amplifie-actionneurs-piezo\/\" target=\"_self\">APA<sup>\u00ae<\/sup><\/a><span style=\"text-align: var(--text-align); color: var( --e-global-color-dea41e4 );\">,\u00a0<\/span><a style=\"text-align: var(--text-align);\" title=\"Opens internal link in current window\" href=\"https:\/\/cedrat-technologies.com\/fr\/categorie-produit\/actionneurs-piezo\/actionneur-direct-et-parallele-actionneurs\/actionneur-direct-a-precharge-parallele-actionneurs-piezo\/\" target=\"_self\">PPA<\/a><span style=\"text-align: var(--text-align); color: var( --e-global-color-dea41e4 );\">, <\/span><a style=\"text-align: var(--text-align);\" href=\"https:\/\/cedrat-technologies.com\/fr\/fine-and-fast-steering-mirrors\/\">FSM<\/a><span style=\"text-align: var(--text-align); color: var( --e-global-color-dea41e4 );\"> &amp; <\/span><a style=\"text-align: var(--text-align);\" href=\"https:\/\/cedrat-technologies.com\/fr\/categorie-produit\/actionneurs-piezo\/platines-piezo-actionneurs-piezo\/\">platines<\/a><span style=\"text-align: var(--text-align); color: var( --e-global-color-dea41e4 );\">),<\/span><\/li><li>\u00a0<a href=\"https:\/\/cedrat-technologies.com\/fr\/categorie-produit\/moteurs-piezo\/\">Moteurs Pi\u00e9zo<\/a> (<a title=\"Opens internal link in current window\" href=\"https:\/\/cedrat-technologies.com\/fr\/categorie-produit\/moteurs-piezo\/actionneurs-piezo-pas-a-pas-moteurs-piezo\/\" target=\"_self\">LSPA<\/a>,<a title=\"Opens internal link in current window\" href=\"https:\/\/cedrat-technologies.com\/fr\/categorie-produit\/moteurs-piezo\/actionneurs-piezo-pas-a-pas-moteurs-piezo\/\" target=\"_self\">\u00a0RSPA<\/a>\u00a0&amp;\u00a0<a title=\"Opens internal link in current window\" href=\"https:\/\/cedrat-technologies.com\/fr\/categorie-produit\/moteurs-piezo\/platines-piezo-pas-a-pas-moteurs-piezo\/\" target=\"_self\">LSPS<\/a>),<\/li><li>\u00a0<a href=\"https:\/\/cedrat-technologies.com\/fr\/categorie-produit\/actionneurs-magnetiques\/\">Actionneurs magn\u00e9tiques<\/a> (<a href=\"https:\/\/cedrat-technologies.com\/fr\/categorie-produit\/actionneurs-magnetiques\/moving-iron-controllable-actuator-actionneurs-magnetiques\/\" target=\"_self\">MICA\u2122<\/a>,\u00a0<a title=\"Opens internal link in current window\" href=\"https:\/\/cedrat-technologies.com\/fr\/ctec-blmm\/\" target=\"_self\">BLMM<\/a>, Moving Coil)<\/li><li><a href=\"https:\/\/cedrat-technologies.com\/fr\/categorie-produit\/controleurs-piezo\/\">Contr\u00f4leurs piezo<\/a><\/li><li><a href=\"https:\/\/cedrat-technologies.com\/fr\/categorie-produit\/controleurs-magnetiques\/\">Contr\u00f4leurs magn\u00e9tiques<\/a><\/li><li><a href=\"https:\/\/cedrat-technologies.com\/fr\/categorie-produit\/capteurs\/\">Capteurs<\/a><\/li><li><a href=\"https:\/\/cedrat-technologies.com\/fr\/demo-kits\/\">D\u00e9mo kits<\/a><\/li><\/ul><p>Ces actionneurs et moteurs ainsi que les \u00e9lectroniques de commande, capteurs et contr\u00f4leurs d\u00e9di\u00e9s sont pr\u00e9sent\u00e9s tout au long des pages web suivantes.<\/p>\t\t\t\t\t\t\t\t<\/div>\n\t\t\t\t<\/div>\n\t\t\t\t\t<\/div>\n\t\t\t\t<\/div>\n\t\t<div class=\"elementor-element elementor-element-4479307 e-flex e-con-boxed e-con e-child\" data-id=\"4479307\" data-element_type=\"container\" data-e-type=\"container\">\n\t\t\t\t\t<div class=\"e-con-inner\">\n\t\t\t\t<div class=\"elementor-element elementor-element-88acb92 elementor-widget elementor-widget-image\" data-id=\"88acb92\" data-element_type=\"widget\" data-e-type=\"widget\" data-widget_type=\"image.default\">\n\t\t\t\t<div class=\"elementor-widget-container\">\n\t\t\t\t\t\t\t\t\t\t\t\t<figure class=\"wp-caption\">\n\t\t\t\t\t\t\t\t\t\t<img fetchpriority=\"high\" decoding=\"async\" width=\"300\" height=\"300\" src=\"https:\/\/cedrat-technologies.com\/wp-content\/uploads\/2023\/02\/APA600MML-1-300x300.jpg\" class=\"attachment-woocommerce_thumbnail size-woocommerce_thumbnail wp-image-3628\" alt=\"APA600MML\" srcset=\"https:\/\/cedrat-technologies.com\/wp-content\/uploads\/2023\/02\/APA600MML-1-300x300.jpg 300w, https:\/\/cedrat-technologies.com\/wp-content\/uploads\/2023\/02\/APA600MML-1-100x100.jpg 100w\" sizes=\"(max-width: 300px) 100vw, 300px\" \/>\t\t\t\t\t\t\t\t\t\t\t<figcaption class=\"widget-image-caption wp-caption-text\">Actionneurs piezo amplifi\u00e9 APA600M<\/figcaption>\n\t\t\t\t\t\t\t\t\t\t<\/figure>\n\t\t\t\t\t\t\t\t\t<\/div>\n\t\t\t\t<\/div>\n\t\t\t\t<div class=\"elementor-element elementor-element-2520d9b elementor-widget elementor-widget-image\" data-id=\"2520d9b\" data-element_type=\"widget\" data-e-type=\"widget\" data-widget_type=\"image.default\">\n\t\t\t\t<div class=\"elementor-widget-container\">\n\t\t\t\t\t\t\t\t\t\t\t\t<figure class=\"wp-caption\">\n\t\t\t\t\t\t\t\t\t\t<img decoding=\"async\" width=\"300\" height=\"300\" src=\"https:\/\/cedrat-technologies.com\/wp-content\/uploads\/2023\/04\/DTT35XS-SV_01-5-300x300.jpg\" class=\"attachment-woocommerce_thumbnail size-woocommerce_thumbnail wp-image-14863\" alt=\"DTT35XS\" srcset=\"https:\/\/cedrat-technologies.com\/wp-content\/uploads\/2023\/04\/DTT35XS-SV_01-5-300x300.jpg 300w, https:\/\/cedrat-technologies.com\/wp-content\/uploads\/2023\/04\/DTT35XS-SV_01-5-100x100.jpg 100w\" sizes=\"(max-width: 300px) 100vw, 300px\" \/>\t\t\t\t\t\t\t\t\t\t\t<figcaption class=\"widget-image-caption wp-caption-text\">Fast steering mirror<\/figcaption>\n\t\t\t\t\t\t\t\t\t\t<\/figure>\n\t\t\t\t\t\t\t\t\t<\/div>\n\t\t\t\t<\/div>\n\t\t\t\t\t<\/div>\n\t\t\t\t<\/div>\n\t\t\t\t\t<\/div>\n\t\t\t\t<\/div>\n\t\t\t\t\t<\/div>\n\t\t\t\t<\/div>\n\t\t\t\t<\/div>\n\t\t","protected":false},"excerpt":{"rendered":"<p>CEDRAT TECHNOLOGIES n\u2019a cess\u00e9 d\u2019am\u00e9liorer et d\u2019\u00e9largir sa gamme d\u2019actionneurs et de solutions \u00e9lectroniques associ\u00e9es depuis le milieu des ann\u00e9es 90. Afin de r\u00e9pondre efficacement aux besoins et exigences de ses clients en termes de syst\u00e8mes m\u00e9catroniques fiables et solides, CEDRAT TECHNOLOGIES d\u00e9veloppe des produits Compacts, Dynamiques et Pr\u00e9cis \u00e0 travers plusieurs familles de produits &#8230; <a title=\"Produits\" class=\"read-more\" href=\"https:\/\/cedrat-technologies.com\/fr\/produits\/\" aria-label=\"En savoir plus sur Produits\">Lire la suite<\/a><\/p>\n","protected":false},"author":1,"featured_media":0,"parent":0,"menu_order":0,"comment_status":"closed","ping_status":"closed","template":"","meta":{"_acf_changed":false,"_seopress_robots_primary_cat":"","_seopress_titles_title":"","_seopress_titles_desc":"","_seopress_robots_index":"","footnotes":""},"class_list":["post-16587","page","type-page","status-publish"],"acf":[],"_links":{"self":[{"href":"https:\/\/cedrat-technologies.com\/fr\/wp-json\/wp\/v2\/pages\/16587","targetHints":{"allow":["GET"]}}],"collection":[{"href":"https:\/\/cedrat-technologies.com\/fr\/wp-json\/wp\/v2\/pages"}],"about":[{"href":"https:\/\/cedrat-technologies.com\/fr\/wp-json\/wp\/v2\/types\/page"}],"author":[{"embeddable":true,"href":"https:\/\/cedrat-technologies.com\/fr\/wp-json\/wp\/v2\/users\/1"}],"replies":[{"embeddable":true,"href":"https:\/\/cedrat-technologies.com\/fr\/wp-json\/wp\/v2\/comments?post=16587"}],"version-history":[{"count":0,"href":"https:\/\/cedrat-technologies.com\/fr\/wp-json\/wp\/v2\/pages\/16587\/revisions"}],"wp:attachment":[{"href":"https:\/\/cedrat-technologies.com\/fr\/wp-json\/wp\/v2\/media?parent=16587"}],"curies":[{"name":"wp","href":"https:\/\/api.w.org\/{rel}","templated":true}]}}