{"id":16575,"date":"2023-04-20T14:18:37","date_gmt":"2023-04-20T12:18:37","guid":{"rendered":"http:\/\/cedrat-technologies.com\/privacy-policy\/"},"modified":"2026-04-13T10:42:29","modified_gmt":"2026-04-13T08:42:29","slug":"politique-de-confidentialite","status":"publish","type":"page","link":"https:\/\/cedrat-technologies.com\/fr\/politique-de-confidentialite\/","title":{"rendered":"Politique de confidentialit\u00e9"},"content":{"rendered":"\t\t<div data-elementor-type=\"wp-page\" data-elementor-id=\"16575\" class=\"elementor elementor-16575 elementor-13190\" data-elementor-post-type=\"page\">\n\t\t\t\t<div class=\"elementor-element elementor-element-33a1085 e-flex e-con-boxed e-con e-parent\" data-id=\"33a1085\" data-element_type=\"container\" data-e-type=\"container\">\n\t\t\t\t\t<div class=\"e-con-inner\">\n\t\t\t\t<div class=\"elementor-element elementor-element-638713d elementor-widget elementor-widget-heading\" data-id=\"638713d\" data-element_type=\"widget\" data-e-type=\"widget\" data-widget_type=\"heading.default\">\n\t\t\t\t<div class=\"elementor-widget-container\">\n\t\t\t\t\t<h2 class=\"elementor-heading-title elementor-size-default\">Politique de confidentialit\u00e9<\/h2>\t\t\t\t<\/div>\n\t\t\t\t<\/div>\n\t\t\t\t<div class=\"elementor-element elementor-element-a0329db espace-paragraphe elementor-widget elementor-widget-text-editor\" data-id=\"a0329db\" data-element_type=\"widget\" data-e-type=\"widget\" data-widget_type=\"text-editor.default\">\n\t\t\t\t<div class=\"elementor-widget-container\">\n\t\t\t\t\t\t\t\t\t<h2>1. Pr\u00e9sentation du site<\/h2><p>Conform\u00e9ment \u00e0 l&rsquo;article 6 de la loi n\u00b0 2004-575 du 21 juin 2004 pour la confiance dans l&rsquo;\u00e9conomie num\u00e9rique, les utilisateurs du site <a href=\"http:\/\/cedrat-technologies.com\/\">www.cedrat-technologies.com<\/a> doivent \u00eatre inform\u00e9s de l&rsquo;identit\u00e9 des diff\u00e9rents intervenants dans le cadre de sa r\u00e9alisation et de son suivi :<\/p><p><b>Propri\u00e9taire<\/b> : CEDRAT TECHNOLOGIES &#8211; SAS 31041633400046 &#8211; 59 CHE DU VIEUX CHENE 38240 MEYLAN<\/p><p><b>Cr\u00e9ateur<\/b> : Webiaprod<\/p><p><b>Directeur de la publication<\/b> : CEDRAT TECHNOLOGIES SAS<\/p><p>Le responsable de la publication peut \u00eatre une personne physique ou une personne morale.<\/p><p><b>Webmaster<\/b> : Ewill &#8211; contact@ewill.fr<\/p><p><b>H\u00e9bergeur<\/b> : OVH &#8211; 2 rue Kellermann &#8211; 59100 Roubaix<\/p><p>\u00a0<\/p><h2>2. Collecte d&rsquo;informations<\/h2><p>Nous collectons des informations lorsque vous vous inscrivez sur nos formulaires de contact, de partenariat, de financement et de recrutement. Les informations collect\u00e9es comprennent votre nom, votre entreprise, votre adresse e-mail et votre num\u00e9ro de t\u00e9l\u00e9phone.<br \/>En outre, nous recevons et stockons automatiquement des informations de votre ordinateur et de votre navigateur, y compris votre adresse IP, vos logiciels et mat\u00e9riels, ainsi que la page que vous demandez.<\/p><p>Nous conservons vos donn\u00e9es pendant un maximum de trois ans. Si vous souhaitez retirer ou modifier vos donn\u00e9es, les anciennes seront supprim\u00e9es.<\/p><p>\u00a0<\/p><h2>3. Utilisation des informations<\/h2><p>Toutes les informations que nous collectons aupr\u00e8s de vous peuvent \u00eatre utilis\u00e9es pour :<\/p><ul><li>Personnaliser votre exp\u00e9rience et r\u00e9pondre \u00e0 vos besoins individuels<\/li><li>Am\u00e9liorer notre site web<\/li><li>Am\u00e9liorer le service client et vos besoins de support<\/li><li>Vous contacter par e-mail<\/li><li>Administrer une enqu\u00eate<\/li><\/ul><h2>4. Confidentialit\u00e9 du commerce en ligne<\/h2><p>Nous sommes les seuls propri\u00e9taires des informations collect\u00e9es sur ce site. Vos informations personnelles ne seront pas vendues, \u00e9chang\u00e9es, transf\u00e9r\u00e9es ou donn\u00e9es \u00e0 une autre soci\u00e9t\u00e9 pour quelque raison que ce soit, sans votre consentement, sauf si n\u00e9cessaire pour r\u00e9pondre \u00e0 une demande.<\/p><p>\u00a0<\/p><h2>5. Divulgation \u00e0 des tiers<\/h2><p>Nous ne vendons, n&rsquo;\u00e9changeons ni ne transf\u00e9rons vos informations personnelles identifiables \u00e0 des tiers. Cela n&rsquo;inclut pas les tiers de confiance qui nous aident \u00e0 exploiter notre site web ou \u00e0 mener nos activit\u00e9s, tant que ces parties acceptent de garder ces informations confidentielles.<br \/>Nous croyons qu&rsquo;il est n\u00e9cessaire de partager des informations afin d&rsquo;enqu\u00eater, de pr\u00e9venir ou de prendre des mesures concernant des activit\u00e9s ill\u00e9gales, une fraude pr\u00e9sum\u00e9e, des situations impliquant des menaces potentielles \u00e0 la s\u00e9curit\u00e9 physique de toute personne, des violations de nos conditions d&rsquo;utilisation, ou lorsque la loi l&rsquo;exige.<\/p><p>Cependant, des informations non personnelles peuvent \u00eatre fournies \u00e0 d&rsquo;autres parties \u00e0 des fins de marketing, de publicit\u00e9 ou d&rsquo;autres utilisations.<\/p><p>\u00a0<\/p><h2>6. Protection des informations<\/h2><p>Nous mettons en \u0153uvre diverses mesures de s\u00e9curit\u00e9 pour maintenir la s\u00e9curit\u00e9 de vos informations personnelles. Nous utilisons un chiffrement de pointe pour prot\u00e9ger les informations sensibles transmises en ligne. Nous prot\u00e9geons \u00e9galement vos informations hors ligne. Seuls les employ\u00e9s qui ont besoin d&rsquo;effectuer une t\u00e2che sp\u00e9cifique (par exemple, la facturation ou le service client\u00e8le) ont acc\u00e8s aux informations personnelles identifiables. Les ordinateurs et les serveurs utilis\u00e9s pour stocker les informations personnelles identifiables sont conserv\u00e9s dans un environnement s\u00e9curis\u00e9.<br \/><b>Utilisons-nous des cookies ?<\/b><\/p><p>Oui. Nos cookies am\u00e9liorent l&rsquo;acc\u00e8s \u00e0 notre site et identifient les visiteurs r\u00e9guliers. En outre, nos cookies am\u00e9liorent l&rsquo;exp\u00e9rience utilisateur en suivant et ciblant leurs int\u00e9r\u00eats. Cependant, cette utilisation de cookies n&rsquo;est en aucun cas li\u00e9e \u00e0 des informations personnelles identifiables sur notre site.<\/p><p>\u00a0<\/p><h2>7. D\u00e9sabonnement<\/h2><p>Nous utilisons l&rsquo;adresse e-mail que vous fournissez pour vous envoyer des informations sur les commandes, des mises \u00e0 jour, des nouvelles occasionnelles sur l&rsquo;entreprise, des informations sur des produits connexes, et plus encore. Si \u00e0 n&rsquo;importe quel moment vous souhaitez vous d\u00e9sabonner de recevoir d&rsquo;autres e-mails, des instructions d\u00e9taill\u00e9es de d\u00e9sabonnement sont incluses en bas de chaque e-mail. En outre, vous pouvez faire votre demande de d\u00e9sabonnement ou de modification de donn\u00e9es personnelles \u00e0 : contact@cedrat-technologies.com.<\/p><p>\u00a0<\/p><h2>8. Consentement<\/h2><p>En utilisant notre site, vous consentez \u00e0 notre politique de confidentialit\u00e9.<\/p>\t\t\t\t\t\t\t\t<\/div>\n\t\t\t\t<\/div>\n\t\t\t\t\t<\/div>\n\t\t\t\t<\/div>\n\t\t\t\t<\/div>\n\t\t","protected":false},"excerpt":{"rendered":"<p>Politique de confidentialit\u00e9 1. Pr\u00e9sentation du site Conform\u00e9ment \u00e0 l&rsquo;article 6 de la loi n\u00b0 2004-575 du 21 juin 2004 pour la confiance dans l&rsquo;\u00e9conomie num\u00e9rique, les utilisateurs du site www.cedrat-technologies.com doivent \u00eatre inform\u00e9s de l&rsquo;identit\u00e9 des diff\u00e9rents intervenants dans le cadre de sa r\u00e9alisation et de son suivi : Propri\u00e9taire : CEDRAT TECHNOLOGIES &#8211; &#8230; <a title=\"Politique de confidentialit\u00e9\" class=\"read-more\" href=\"https:\/\/cedrat-technologies.com\/fr\/politique-de-confidentialite\/\" aria-label=\"En savoir plus sur Politique de confidentialit\u00e9\">Lire la suite<\/a><\/p>\n","protected":false},"author":1,"featured_media":0,"parent":0,"menu_order":0,"comment_status":"closed","ping_status":"closed","template":"","meta":{"_acf_changed":false,"_seopress_robots_primary_cat":"","_seopress_titles_title":"","_seopress_titles_desc":"","_seopress_robots_index":"","footnotes":""},"class_list":["post-16575","page","type-page","status-publish"],"acf":[],"_links":{"self":[{"href":"https:\/\/cedrat-technologies.com\/fr\/wp-json\/wp\/v2\/pages\/16575","targetHints":{"allow":["GET"]}}],"collection":[{"href":"https:\/\/cedrat-technologies.com\/fr\/wp-json\/wp\/v2\/pages"}],"about":[{"href":"https:\/\/cedrat-technologies.com\/fr\/wp-json\/wp\/v2\/types\/page"}],"author":[{"embeddable":true,"href":"https:\/\/cedrat-technologies.com\/fr\/wp-json\/wp\/v2\/users\/1"}],"replies":[{"embeddable":true,"href":"https:\/\/cedrat-technologies.com\/fr\/wp-json\/wp\/v2\/comments?post=16575"}],"version-history":[{"count":6,"href":"https:\/\/cedrat-technologies.com\/fr\/wp-json\/wp\/v2\/pages\/16575\/revisions"}],"predecessor-version":[{"id":33154,"href":"https:\/\/cedrat-technologies.com\/fr\/wp-json\/wp\/v2\/pages\/16575\/revisions\/33154"}],"wp:attachment":[{"href":"https:\/\/cedrat-technologies.com\/fr\/wp-json\/wp\/v2\/media?parent=16575"}],"curies":[{"name":"wp","href":"https:\/\/api.w.org\/{rel}","templated":true}]}}