{"id":16547,"date":"2023-03-24T12:38:29","date_gmt":"2023-03-24T11:38:29","guid":{"rendered":"http:\/\/cedrat-technologies.com\/exhibitions\/"},"modified":"2026-03-24T10:41:00","modified_gmt":"2026-03-24T09:41:00","slug":"evenements","status":"publish","type":"page","link":"https:\/\/cedrat-technologies.com\/fr\/evenements\/","title":{"rendered":"Ev\u00e8nements"},"content":{"rendered":"\t\t<div data-elementor-type=\"wp-page\" data-elementor-id=\"16547\" class=\"elementor elementor-16547 elementor-9803\" data-elementor-post-type=\"page\">\n\t\t\t\t<div class=\"elementor-element elementor-element-d0b4bf7 e-flex e-con-boxed e-con e-parent\" data-id=\"d0b4bf7\" data-element_type=\"container\" data-e-type=\"container\">\n\t\t\t\t\t<div class=\"e-con-inner\">\n\t\t\t\t<div class=\"elementor-element elementor-element-ae47be7 elementor--h-position-center elementor--v-position-middle elementor-arrows-position-inside elementor-pagination-position-inside elementor-widget elementor-widget-slides\" data-id=\"ae47be7\" data-element_type=\"widget\" data-e-type=\"widget\" data-settings=\"{&quot;autoplay_speed&quot;:8000,&quot;navigation&quot;:&quot;both&quot;,&quot;autoplay&quot;:&quot;yes&quot;,&quot;pause_on_hover&quot;:&quot;yes&quot;,&quot;pause_on_interaction&quot;:&quot;yes&quot;,&quot;infinite&quot;:&quot;yes&quot;,&quot;transition&quot;:&quot;slide&quot;,&quot;transition_speed&quot;:500}\" data-widget_type=\"slides.default\">\n\t\t\t\t<div class=\"elementor-widget-container\">\n\t\t\t\t\t\t\t\t\t<div class=\"elementor-swiper\">\n\t\t\t\t\t<div class=\"elementor-slides-wrapper elementor-main-swiper swiper\" role=\"region\" aria-roledescription=\"carousel\" aria-label=\"Diapositives\" dir=\"ltr\" data-animation=\"fadeInUp\">\n\t\t\t\t<div class=\"swiper-wrapper elementor-slides\">\n\t\t\t\t\t\t\t\t\t\t<div class=\"elementor-repeater-item-a585093 swiper-slide\" role=\"group\" aria-roledescription=\"slide\"><div class=\"swiper-slide-bg elementor-ken-burns elementor-ken-burns--in\" role=\"img\" aria-label=\"OPIE-2026\"><\/div><div class=\"elementor-background-overlay\"><\/div><a class=\"swiper-slide-inner\" href=\"https:\/\/www.opie.jp\/2026\/list\/info.php?id=5123&#038;en=en\" target=\"_blank\"><div class=\"swiper-slide-contents\"><div class=\"elementor-slide-heading\">OPIE<\/div><div class=\"elementor-slide-description\"><b>Date :<\/b> Du 22 au 24 avril 2026<br>\n<b>Lieu :<\/b> Pacifico Yokohama, Japon<br>\n<b>Stand :<\/b> T-38<\/div><div  class=\"elementor-button elementor-slide-button elementor-size-sm\">En savoir plus<\/div><\/div><\/a><\/div><div class=\"elementor-repeater-item-392ad47 swiper-slide\" role=\"group\" aria-roledescription=\"slide\"><div class=\"swiper-slide-bg elementor-ken-burns elementor-ken-burns--in\" role=\"img\" aria-label=\"Banni\u00e8re d&#039;actuator 2026 avec un PAM30\"><\/div><div class=\"elementor-background-overlay\"><\/div><a class=\"swiper-slide-inner\" href=\"https:\/\/www.actuator.de\/en\" target=\"_blank\"><div class=\"swiper-slide-contents\"><div class=\"elementor-slide-heading\">Actuator<\/div><div class=\"elementor-slide-description\"><b>Date :<\/b> Du 29 juin au 01 juillet 2026 <br>\n<b>Lieu :<\/b> Wiesbaden, Allemagne<br>\n<b>Stand :<\/b> No. 3<\/div><div  class=\"elementor-button elementor-slide-button elementor-size-sm\">En savoir plus<\/div><\/div><\/a><\/div><div class=\"elementor-repeater-item-56c3c8a swiper-slide\" role=\"group\" aria-roledescription=\"slide\"><div class=\"swiper-slide-bg elementor-ken-burns elementor-ken-burns--in\" role=\"img\" aria-label=\"Small-SAT-2026\"><\/div><div class=\"elementor-background-overlay\"><\/div><a class=\"swiper-slide-inner\" href=\"https:\/\/smallsat.org\/\" target=\"_blank\"><div class=\"swiper-slide-contents\"><div class=\"elementor-slide-heading\">Small Satellite Conference<\/div><div class=\"elementor-slide-description\"><b>Date :<\/b> Du 22 au 26 ao\u00fbt 2026<br>\n<b>Lieu:<\/b> Salt Lake City, USA<br>\n<b>Stand : <\/b> \u00c0 confirmer<\/div><div  class=\"elementor-button elementor-slide-button elementor-size-sm\">En savoir plus<\/div><\/div><\/a><\/div><div class=\"elementor-repeater-item-9c56e4b swiper-slide\" role=\"group\" aria-roledescription=\"slide\"><div class=\"swiper-slide-bg elementor-ken-burns elementor-ken-burns--in\" role=\"img\" aria-label=\"ICSO-2026\"><\/div><div class=\"elementor-background-overlay\"><\/div><a class=\"swiper-slide-inner\" href=\"https:\/\/atpi.eventsair.com\/icso-2026\/\" target=\"_blank\"><div class=\"swiper-slide-contents\"><div class=\"elementor-slide-heading\">ICSO 2026<\/div><div class=\"elementor-slide-description\"><b>Date :<\/b> Du 12 au 16 octobre 2026<br>\n<b>Lieu :<\/b> Sorrento, Italie<br>\n<b>Stand :<\/b> \u00c0 confirmer<\/div><div  class=\"elementor-button elementor-slide-button elementor-size-sm\">En savoir plus<\/div><\/div><\/a><\/div>\t\t\t\t<\/div>\n\t\t\t\t\t\t\t\t\t\t\t\t\t\t\t<div class=\"elementor-swiper-button elementor-swiper-button-prev\" role=\"button\" tabindex=\"0\" aria-label=\"Diapositive pr\u00e9c\u00e9dente\">\n\t\t\t\t\t\t\t<i aria-hidden=\"true\" class=\"eicon-chevron-left\"><\/i>\t\t\t\t\t\t<\/div>\n\t\t\t\t\t\t<div class=\"elementor-swiper-button elementor-swiper-button-next\" role=\"button\" tabindex=\"0\" aria-label=\"Diapositive suivante\">\n\t\t\t\t\t\t\t<i aria-hidden=\"true\" class=\"eicon-chevron-right\"><\/i>\t\t\t\t\t\t<\/div>\n\t\t\t\t\t\t\t\t\t\t\t\t\t\t\t\t<div class=\"swiper-pagination\"><\/div>\n\t\t\t\t\t\t\t\t\t\t\t\t<\/div>\n\t\t\t\t<\/div>\n\t\t\t\t\t\t\t\t<\/div>\n\t\t\t\t<\/div>\n\t\t\t\t\t<\/div>\n\t\t\t\t<\/div>\n\t\t\t\t<\/div>\n\t\t","protected":false},"excerpt":{"rendered":"<p>OPIEDate : Du 22 au 24 avril 2026 Lieu : Pacifico Yokohama, Japon Stand : T-38En savoir plusActuatorDate : Du 29 juin au 01 juillet 2026 Lieu : Wiesbaden, Allemagne Stand : No. 3En savoir plusSmall Satellite ConferenceDate : Du 22 au 26 ao\u00fbt 2026 Lieu: Salt Lake City, USA Stand : \u00c0 confirmerEn savoir &#8230; <a title=\"Ev\u00e8nements\" class=\"read-more\" href=\"https:\/\/cedrat-technologies.com\/fr\/evenements\/\" aria-label=\"En savoir plus sur Ev\u00e8nements\">Lire la suite<\/a><\/p>\n","protected":false},"author":1,"featured_media":0,"parent":0,"menu_order":0,"comment_status":"closed","ping_status":"closed","template":"","meta":{"_acf_changed":false,"_seopress_robots_primary_cat":"","_seopress_titles_title":"Expositions de Cedrat Technologies","_seopress_titles_desc":"D\u00e9couvrez les prochaines expositions et \u00e9v\u00e9nements o\u00f9 Cedrat Technologies pr\u00e9sentera ses derni\u00e8res innovations et technologies. Restez \u00e0 jour avec notre calendrier d'expositions.","_seopress_robots_index":"","footnotes":""},"class_list":["post-16547","page","type-page","status-publish"],"acf":[],"_links":{"self":[{"href":"https:\/\/cedrat-technologies.com\/fr\/wp-json\/wp\/v2\/pages\/16547","targetHints":{"allow":["GET"]}}],"collection":[{"href":"https:\/\/cedrat-technologies.com\/fr\/wp-json\/wp\/v2\/pages"}],"about":[{"href":"https:\/\/cedrat-technologies.com\/fr\/wp-json\/wp\/v2\/types\/page"}],"author":[{"embeddable":true,"href":"https:\/\/cedrat-technologies.com\/fr\/wp-json\/wp\/v2\/users\/1"}],"replies":[{"embeddable":true,"href":"https:\/\/cedrat-technologies.com\/fr\/wp-json\/wp\/v2\/comments?post=16547"}],"version-history":[{"count":6,"href":"https:\/\/cedrat-technologies.com\/fr\/wp-json\/wp\/v2\/pages\/16547\/revisions"}],"predecessor-version":[{"id":32843,"href":"https:\/\/cedrat-technologies.com\/fr\/wp-json\/wp\/v2\/pages\/16547\/revisions\/32843"}],"wp:attachment":[{"href":"https:\/\/cedrat-technologies.com\/fr\/wp-json\/wp\/v2\/media?parent=16547"}],"curies":[{"name":"wp","href":"https:\/\/api.w.org\/{rel}","templated":true}]}}