{"id":16537,"date":"2023-03-14T15:19:48","date_gmt":"2023-03-14T14:19:48","guid":{"rendered":"http:\/\/cedrat-technologies.com\/demo-kits\/evaluation-pack-ep120s\/"},"modified":"2023-08-16T11:37:21","modified_gmt":"2023-08-16T09:37:21","slug":"demo-kit-ep120s","status":"publish","type":"page","link":"https:\/\/cedrat-technologies.com\/fr\/demo-kits\/demo-kit-ep120s\/","title":{"rendered":"Demo Kit EP120S"},"content":{"rendered":"\t\t<div data-elementor-type=\"wp-page\" data-elementor-id=\"16537\" class=\"elementor elementor-16537 elementor-7722\" data-elementor-post-type=\"page\">\n\t\t\t\t<div class=\"elementor-element elementor-element-6704084 e-flex e-con-boxed e-con e-parent\" data-id=\"6704084\" data-element_type=\"container\" data-e-type=\"container\">\n\t\t\t\t\t<div class=\"e-con-inner\">\n\t\t<div class=\"elementor-element elementor-element-cbc306a e-con-full e-flex e-con e-parent\" data-id=\"cbc306a\" data-element_type=\"container\" data-e-type=\"container\">\n\t\t\t\t<div class=\"elementor-element elementor-element-4c4d20d elementor-widget elementor-widget-heading\" data-id=\"4c4d20d\" data-element_type=\"widget\" data-e-type=\"widget\" data-widget_type=\"heading.default\">\n\t\t\t\t<div class=\"elementor-widget-container\">\n\t\t\t\t\t<h1 class=\"elementor-heading-title elementor-size-default\">Demo Kit EP120S<\/h1>\t\t\t\t<\/div>\n\t\t\t\t<\/div>\n\t\t\t\t<div class=\"elementor-element elementor-element-b17ee8c elementor-widget elementor-widget-text-editor\" data-id=\"b17ee8c\" data-element_type=\"widget\" data-e-type=\"widget\" data-widget_type=\"text-editor.default\">\n\t\t\t\t<div class=\"elementor-widget-container\">\n\t\t\t\t\t\t\t\t\t<p class=\"align-justify\"><a title=\"Initiates file download\" href=\"https:\/\/cedrat-technologies.com\/wp-content\/uploads\/2023\/03\/Evaluation_Pack-APA120S_CAu10-2.pdf\" target=\"_blank\" rel=\"noopener\">Le kit d\u2019Evaluation<\/a>\u00a0permet de tester facilement l\u2019offre pi\u00e9zo de CEDRAT TECHNOLOGIES en condition quasi statique. Il inclut:<\/p><ul><li>un Actionneur Pi\u00e9zo\u00e9lectrique Amplifi\u00e9 <a href=\"https:\/\/cedrat-technologies.com\/fr\/produit\/apa120s\/\">APA120S<\/a><\/li><li>Un Amplificateur lin\u00e9aire <a href=\"https:\/\/cedrat-technologies.com\/fr\/produit\/cau10\/\">CAu10<\/a><\/li><li>C\u00e2bles associ\u00e9s<\/li><\/ul><p class=\"align-justify\">L\u2019actionneur APA120S peut supporter une charge allant jusqu\u2019\u00e0 0.5kg sur 140um et dans un format compact. La CAu10 peut d\u00e9livrer une tension jusqu\u2019\u00e0 150V et dispose de 2 voies.<\/p><p><strong>Les principales caract\u00e9ristiques mises en avant par le kit d\u2019 Evaluation:<\/strong><\/p><ul><li>Une grande rigidit\u00e9 de l\u2019actionneur<\/li><li>Une r\u00e9solution nanom\u00e9trique<\/li><li>Une bonne r\u00e9p\u00e9tabilit\u00e9<\/li><li>Une excellente fiabilit\u00e9<\/li><li>Une mise en oeuvre facile<\/li><li>Un faible co\u00fbt d\u2019acquisition<\/li><\/ul><p class=\"align-justify\">Pour les caract\u00e9ristiques techniques et les sch\u00e9mas, veuillez consulter les fiches techniques de l\u2019APA120S\u00a0et\u00a0CAu10.<\/p>\t\t\t\t\t\t\t\t<\/div>\n\t\t\t\t<\/div>\n\t\t\t\t<\/div>\n\t\t<div class=\"elementor-element elementor-element-5e37f90 e-con-full e-flex e-con e-parent\" data-id=\"5e37f90\" data-element_type=\"container\" data-e-type=\"container\">\n\t\t\t\t<div class=\"elementor-element elementor-element-18de8f7 elementor-widget elementor-widget-image\" data-id=\"18de8f7\" data-element_type=\"widget\" data-e-type=\"widget\" data-widget_type=\"image.default\">\n\t\t\t\t<div class=\"elementor-widget-container\">\n\t\t\t\t\t\t\t\t\t\t\t\t\t\t\t<img fetchpriority=\"high\" decoding=\"async\" width=\"624\" height=\"600\" src=\"https:\/\/cedrat-technologies.com\/wp-content\/uploads\/products\/product_pictures\/ep120s-web.webp\" class=\"attachment-full size-full wp-image-7726\" alt=\"\" srcset=\"https:\/\/cedrat-technologies.com\/wp-content\/uploads\/products\/product_pictures\/ep120s-web.webp 624w, https:\/\/cedrat-technologies.com\/wp-content\/uploads\/products\/product_pictures\/ep120s-web-600x577.webp 600w\" sizes=\"(max-width: 624px) 100vw, 624px\" \/>\t\t\t\t\t\t\t\t\t\t\t\t\t\t\t<\/div>\n\t\t\t\t<\/div>\n\t\t\t\t<\/div>\n\t\t\t\t\t<\/div>\n\t\t\t\t<\/div>\n\t\t\t\t<\/div>\n\t\t","protected":false},"excerpt":{"rendered":"<p>Le kit d\u2019Evaluation\u00a0permet de tester facilement l\u2019offre pi\u00e9zo de CEDRAT TECHNOLOGIES en condition quasi statique. Il inclut: un Actionneur Pi\u00e9zo\u00e9lectrique Amplifi\u00e9 APA120S Un Amplificateur lin\u00e9aire CAu10 C\u00e2bles associ\u00e9s L\u2019actionneur APA120S peut supporter une charge allant jusqu\u2019\u00e0 0.5kg sur 140um et dans un format compact. La CAu10 peut d\u00e9livrer une tension jusqu\u2019\u00e0 150V et dispose de &#8230; <a title=\"Demo Kit EP120S\" class=\"read-more\" href=\"https:\/\/cedrat-technologies.com\/fr\/demo-kits\/demo-kit-ep120s\/\" aria-label=\"En savoir plus sur Demo Kit EP120S\">Lire la suite<\/a><\/p>\n","protected":false},"author":1,"featured_media":0,"parent":16532,"menu_order":0,"comment_status":"closed","ping_status":"closed","template":"","meta":{"_acf_changed":false,"_seopress_robots_primary_cat":"","_seopress_titles_title":"Pack d&#039;\u00e9valuation EP120S chez Cedrat Technologies","_seopress_titles_desc":"Explorez le pack d&#039;\u00e9valuation EP120S de Cedrat Technologies, comprenant un actionneur amplifi\u00e9 APA120S, un amplificateur lin\u00e9aire CAu10 et des c\u00e2bles associ\u00e9s.","_seopress_robots_index":"","footnotes":""},"class_list":["post-16537","page","type-page","status-publish"],"acf":[],"_links":{"self":[{"href":"https:\/\/cedrat-technologies.com\/fr\/wp-json\/wp\/v2\/pages\/16537","targetHints":{"allow":["GET"]}}],"collection":[{"href":"https:\/\/cedrat-technologies.com\/fr\/wp-json\/wp\/v2\/pages"}],"about":[{"href":"https:\/\/cedrat-technologies.com\/fr\/wp-json\/wp\/v2\/types\/page"}],"author":[{"embeddable":true,"href":"https:\/\/cedrat-technologies.com\/fr\/wp-json\/wp\/v2\/users\/1"}],"replies":[{"embeddable":true,"href":"https:\/\/cedrat-technologies.com\/fr\/wp-json\/wp\/v2\/comments?post=16537"}],"version-history":[{"count":0,"href":"https:\/\/cedrat-technologies.com\/fr\/wp-json\/wp\/v2\/pages\/16537\/revisions"}],"up":[{"embeddable":true,"href":"https:\/\/cedrat-technologies.com\/fr\/wp-json\/wp\/v2\/pages\/16532"}],"wp:attachment":[{"href":"https:\/\/cedrat-technologies.com\/fr\/wp-json\/wp\/v2\/media?parent=16537"}],"curies":[{"name":"wp","href":"https:\/\/api.w.org\/{rel}","templated":true}]}}