{"id":16532,"date":"2023-03-14T14:58:06","date_gmt":"2023-03-14T13:58:06","guid":{"rendered":"http:\/\/cedrat-technologies.com\/evaluation-kits\/"},"modified":"2025-02-10T12:13:10","modified_gmt":"2025-02-10T11:13:10","slug":"demo-kits","status":"publish","type":"page","link":"https:\/\/cedrat-technologies.com\/fr\/demo-kits\/","title":{"rendered":"Demo Kits"},"content":{"rendered":"\t\t<div data-elementor-type=\"wp-page\" data-elementor-id=\"16532\" class=\"elementor elementor-16532 elementor-7700\" data-elementor-post-type=\"page\">\n\t\t\t\t<div class=\"elementor-element elementor-element-6704084 e-con-full e-flex e-con e-parent\" data-id=\"6704084\" data-element_type=\"container\" data-e-type=\"container\">\n\t\t<div class=\"elementor-element elementor-element-cbc306a e-con-full e-flex e-con e-child\" data-id=\"cbc306a\" data-element_type=\"container\" data-e-type=\"container\">\n\t\t\t\t<div class=\"elementor-element elementor-element-84d0b2a elementor-widget elementor-widget-heading\" data-id=\"84d0b2a\" data-element_type=\"widget\" data-e-type=\"widget\" data-widget_type=\"heading.default\">\n\t\t\t\t<div class=\"elementor-widget-container\">\n\t\t\t\t\t<h1 class=\"elementor-heading-title elementor-size-default\">Demo Kits<\/h1>\t\t\t\t<\/div>\n\t\t\t\t<\/div>\n\t\t<div class=\"elementor-element elementor-element-cfef96d e-con-full e-flex e-con e-child\" data-id=\"cfef96d\" data-element_type=\"container\" data-e-type=\"container\">\n\t\t\t\t<div class=\"elementor-element elementor-element-7f15204 elementor-align-justify elementor-widget elementor-widget-button\" data-id=\"7f15204\" data-element_type=\"widget\" data-e-type=\"widget\" data-widget_type=\"button.default\">\n\t\t\t\t<div class=\"elementor-widget-container\">\n\t\t\t\t\t\t\t\t\t<div class=\"elementor-button-wrapper\">\n\t\t\t\t\t<a class=\"elementor-button elementor-button-link elementor-size-sm\" href=\"https:\/\/cedrat-technologies.com\/fr\/demo-kits\/demokit-p-fsm150s\/\">\n\t\t\t\t\t\t<span class=\"elementor-button-content-wrapper\">\n\t\t\t\t\t\t\t\t\t<span class=\"elementor-button-text\">Demo Kit P-FSM150S<\/span>\n\t\t\t\t\t<\/span>\n\t\t\t\t\t<\/a>\n\t\t\t\t<\/div>\n\t\t\t\t\t\t\t\t<\/div>\n\t\t\t\t<\/div>\n\t\t\t\t<div class=\"elementor-element elementor-element-b901859 elementor-align-justify elementor-widget elementor-widget-button\" data-id=\"b901859\" data-element_type=\"widget\" data-e-type=\"widget\" data-widget_type=\"button.default\">\n\t\t\t\t<div class=\"elementor-widget-container\">\n\t\t\t\t\t\t\t\t\t<div class=\"elementor-button-wrapper\">\n\t\t\t\t\t<a class=\"elementor-button elementor-button-link elementor-size-sm\" href=\"https:\/\/cedrat-technologies.com\/evaluation-kits\/evaluation-pack-ep120s\/\">\n\t\t\t\t\t\t<span class=\"elementor-button-content-wrapper\">\n\t\t\t\t\t\t\t\t\t<span class=\"elementor-button-text\">Demo Kit EP120S<\/span>\n\t\t\t\t\t<\/span>\n\t\t\t\t\t<\/a>\n\t\t\t\t<\/div>\n\t\t\t\t\t\t\t\t<\/div>\n\t\t\t\t<\/div>\n\t\t\t\t<\/div>\n\t\t\t\t<div class=\"elementor-element elementor-element-b17ee8c elementor-widget elementor-widget-text-editor\" data-id=\"b17ee8c\" data-element_type=\"widget\" data-e-type=\"widget\" data-widget_type=\"text-editor.default\">\n\t\t\t\t<div class=\"elementor-widget-container\">\n\t\t\t\t\t\t\t\t\t<p class=\"align-justify\"><strong>CEDRAT TECHNOLOGIES<\/strong>\u00a0propose des kits d&rsquo;\u00e9valuation pour vous permettre de d\u00e9couvrir facilement, pragmatiquement et \u00e9conomiquement nos technologies:<\/p><p>Deux kits d&rsquo;\u00e9valuation\u00a0sont disponibles sur demande:<\/p><ul><li><a title=\"Opens internal link in current window\" href=\"https:\/\/www.cedrat-technologies.com\/fr\/produits\/demo-kits\/demo-kit-ep120s.html\">L&rsquo;EPS120S + CAu10<\/a><br \/>Un kit d&rsquo;\u00e9valutation \u00e9conomique pour tester\u00a0les actionneurs piezo\u00e9lectriques\u00a0APA\u00ae et l&rsquo;\u00e9lectronique de commande associ\u00e9e.<\/li><\/ul><ul><li><a title=\"Opens internal link in current window\" href=\"https:\/\/cedrat-technologies.com\/fr\/demo-kits\/demokit-p-fsm150s\/\">Le banc optique P-FSM150S<\/a><br \/>Un kit comprenant un banc optique, un m\u00e9canisme FSM, son \u00e9lectronique de commande et un laser<\/li><\/ul>\t\t\t\t\t\t\t\t<\/div>\n\t\t\t\t<\/div>\n\t\t\t\t<div class=\"elementor-element elementor-element-7db5229 elementor-position-inline-start elementor-view-default elementor-mobile-position-block-start elementor-widget elementor-widget-icon-box\" data-id=\"7db5229\" data-element_type=\"widget\" data-e-type=\"widget\" data-widget_type=\"icon-box.default\">\n\t\t\t\t<div class=\"elementor-widget-container\">\n\t\t\t\t\t\t\t<div class=\"elementor-icon-box-wrapper\">\n\n\t\t\t\t\t\t<div class=\"elementor-icon-box-icon\">\n\t\t\t\t<a href=\"https:\/\/cedrat-technologies.com\/wp-content\/uploads\/2023\/03\/Mechatro_plug_and_play_solutions.pdf\" target=\"_blank\" class=\"elementor-icon\" tabindex=\"-1\" aria-label=\"Mechatronic plug and play\">\n\t\t\t\t<i aria-hidden=\"true\" class=\"far fa-file-pdf\"><\/i>\t\t\t\t<\/a>\n\t\t\t<\/div>\n\t\t\t\n\t\t\t\t\t\t<div class=\"elementor-icon-box-content\">\n\n\t\t\t\t\t\t\t\t\t<h3 class=\"elementor-icon-box-title\">\n\t\t\t\t\t\t<a href=\"https:\/\/cedrat-technologies.com\/wp-content\/uploads\/2023\/03\/Mechatro_plug_and_play_solutions.pdf\" target=\"_blank\" >\n\t\t\t\t\t\t\tMechatronic plug and play\t\t\t\t\t\t<\/a>\n\t\t\t\t\t<\/h3>\n\t\t\t\t\n\t\t\t\t\n\t\t\t<\/div>\n\t\t\t\n\t\t<\/div>\n\t\t\t\t\t\t<\/div>\n\t\t\t\t<\/div>\n\t\t\t\t<\/div>\n\t\t<div class=\"elementor-element elementor-element-5e37f90 e-con-full e-flex e-con e-child\" data-id=\"5e37f90\" data-element_type=\"container\" data-e-type=\"container\" data-settings=\"{&quot;background_background&quot;:&quot;classic&quot;}\">\n\t\t\t\t<\/div>\n\t\t\t\t<\/div>\n\t\t\t\t<\/div>\n\t\t","protected":false},"excerpt":{"rendered":"<p>Demo Kit P-FSM150S Demo Kit EP120S CEDRAT TECHNOLOGIES\u00a0propose des kits d&rsquo;\u00e9valuation pour vous permettre de d\u00e9couvrir facilement, pragmatiquement et \u00e9conomiquement nos technologies: Deux kits d&rsquo;\u00e9valuation\u00a0sont disponibles sur demande: L&rsquo;EPS120S + CAu10Un kit d&rsquo;\u00e9valutation \u00e9conomique pour tester\u00a0les actionneurs piezo\u00e9lectriques\u00a0APA\u00ae et l&rsquo;\u00e9lectronique de commande associ\u00e9e. Le banc optique P-FSM150SUn kit comprenant un banc optique, un m\u00e9canisme FSM, &#8230; <a title=\"Demo Kits\" class=\"read-more\" href=\"https:\/\/cedrat-technologies.com\/fr\/demo-kits\/\" aria-label=\"En savoir plus sur Demo Kits\">Lire la suite<\/a><\/p>\n","protected":false},"author":1,"featured_media":0,"parent":0,"menu_order":0,"comment_status":"closed","ping_status":"closed","template":"","meta":{"_acf_changed":false,"_seopress_robots_primary_cat":"","_seopress_titles_title":"Kits d&#039;\u00e9valuation chez Cedrat Technologies","_seopress_titles_desc":"D\u00e9couvrez les kits m\u00e9catroniques de Cedrat Technologies, des solutions plug-and-play pour pratiquer diff\u00e9rents aspects de la m\u00e9catronique pi\u00e9zo\u00e9lectrique.","_seopress_robots_index":"","footnotes":""},"class_list":["post-16532","page","type-page","status-publish"],"acf":[],"_links":{"self":[{"href":"https:\/\/cedrat-technologies.com\/fr\/wp-json\/wp\/v2\/pages\/16532","targetHints":{"allow":["GET"]}}],"collection":[{"href":"https:\/\/cedrat-technologies.com\/fr\/wp-json\/wp\/v2\/pages"}],"about":[{"href":"https:\/\/cedrat-technologies.com\/fr\/wp-json\/wp\/v2\/types\/page"}],"author":[{"embeddable":true,"href":"https:\/\/cedrat-technologies.com\/fr\/wp-json\/wp\/v2\/users\/1"}],"replies":[{"embeddable":true,"href":"https:\/\/cedrat-technologies.com\/fr\/wp-json\/wp\/v2\/comments?post=16532"}],"version-history":[{"count":0,"href":"https:\/\/cedrat-technologies.com\/fr\/wp-json\/wp\/v2\/pages\/16532\/revisions"}],"wp:attachment":[{"href":"https:\/\/cedrat-technologies.com\/fr\/wp-json\/wp\/v2\/media?parent=16532"}],"curies":[{"name":"wp","href":"https:\/\/api.w.org\/{rel}","templated":true}]}}