{"id":16518,"date":"2023-03-14T15:39:09","date_gmt":"2023-03-14T14:39:09","guid":{"rendered":"http:\/\/cedrat-technologies.com\/ctec-blmm\/"},"modified":"2023-08-10T14:44:58","modified_gmt":"2023-08-10T12:44:58","slug":"ctec-blmm","status":"publish","type":"page","link":"https:\/\/cedrat-technologies.com\/fr\/ctec-blmm\/","title":{"rendered":"CTEC BLMM"},"content":{"rendered":"\t\t<div data-elementor-type=\"wp-page\" data-elementor-id=\"16518\" class=\"elementor elementor-16518 elementor-7756\" data-elementor-post-type=\"page\">\n\t\t\t\t<div class=\"elementor-element elementor-element-6704084 e-flex e-con-boxed e-con e-parent\" data-id=\"6704084\" data-element_type=\"container\" data-e-type=\"container\">\n\t\t\t\t\t<div class=\"e-con-inner\">\n\t\t<div class=\"elementor-element elementor-element-cbc306a e-con-full e-flex e-con e-parent\" data-id=\"cbc306a\" data-element_type=\"container\" data-e-type=\"container\">\n\t\t\t\t<div class=\"elementor-element elementor-element-98eaeaa elementor-widget elementor-widget-heading\" data-id=\"98eaeaa\" data-element_type=\"widget\" data-e-type=\"widget\" data-widget_type=\"heading.default\">\n\t\t\t\t<div class=\"elementor-widget-container\">\n\t\t\t\t\t<h1 class=\"elementor-heading-title elementor-size-default\">CTEC BLMM<\/h1>\t\t\t\t<\/div>\n\t\t\t\t<\/div>\n\t\t\t\t<div class=\"elementor-element elementor-element-b17ee8c elementor-widget elementor-widget-text-editor\" data-id=\"b17ee8c\" data-element_type=\"widget\" data-e-type=\"widget\" data-widget_type=\"text-editor.default\">\n\t\t\t\t<div class=\"elementor-widget-container\">\n\t\t\t\t\t\t\t\t\t<p class=\"align-justify\"><strong>BLMM\u00a0<\/strong>signifie\u00a0<strong>Bistable Linear Moving Magnet.<\/strong>\u00a0Ils sont bas\u00e9s sur un aimant permanent se d\u00e9pla\u00e7ant entre deux \u00e9lectroaimants oppos\u00e9s.\u00a0Les BLMM sont des actionneurs miniatures, particuli\u00e8rement pertinents lorsque des actionneurs de petite taille sont n\u00e9cessaires.\u00a0<\/p><p>La principale caract\u00e9ristique de BLMM est sa force de maintien sans dissipation.\u00a0Ceci est particuli\u00e8rement pertinent pour des applications telles que les\u00a0dispositifs de verrouillage, \u00e9lectrovannes miniatures, contacteurs, etc.<\/p><p class=\"align-justify\">Les actionneurs BLMM peuvent \u00eatre class\u00e9s en 2 cat\u00e9gories\u00a0: actionneurs de verrouillage et actionneurs de levage.\u00a0Pour un actionneur de verrouillage, la conception sp\u00e9cifique permet d\u2019augmenter la force de maintien.\u00a0Ces BLMM sont utilis\u00e9s dans les dispositifs de verrouillage, les contacteurs, les syst\u00e8mes de positionnement.\u00a0Lors de la conception d\u2019un actionneur de levage, la force pendant le mouvement et les forces de maintien sont presque \u00e9quilibr\u00e9es.\u00a0 Ces BLMM sont utilis\u00e9s dans les \u00e9lectrovannes, les syst\u00e8mes de vibration ou les pompes miniatures par exemple.<\/p><p><strong>Les avantages du BLMM :\u00a0<\/strong><\/p><ul><li>Petite taille<\/li><li>Faible consommation d&rsquo;\u00e9nergie<\/li><li>Rapide<\/li><li>Contr\u00f4le facile<\/li><\/ul><p><a href=\"https:\/\/cedrat-technologies.com\/wp-content\/uploads\/products\/datasheets\/blmm_gb_v3.4.pdf\" target=\"_self\">Fiche Technique du BLMM<\/a><\/p><p>CEDRAT TECHNOLOGIES a \u00e9galement con\u00e7u des BLMM sp\u00e9cifiques pour les applications de vannes spatiales, pompes m\u00e9dicales, implants m\u00e9dicaux, \u2026 pour en savoir plus,\u00a0<a href=\"https:\/\/cedrat-technologies.com\/fr\/contact\/\" target=\"_self\">contactez-nous<\/a>.<\/p>\t\t\t\t\t\t\t\t<\/div>\n\t\t\t\t<\/div>\n\t\t\t\t<\/div>\n\t\t<div class=\"elementor-element elementor-element-5e37f90 e-con-full e-flex e-con e-parent\" data-id=\"5e37f90\" data-element_type=\"container\" data-e-type=\"container\">\n\t\t\t\t<div class=\"elementor-element elementor-element-18de8f7 elementor-widget elementor-widget-image\" data-id=\"18de8f7\" data-element_type=\"widget\" data-e-type=\"widget\" data-widget_type=\"image.default\">\n\t\t\t\t<div class=\"elementor-widget-container\">\n\t\t\t\t\t\t\t\t\t\t\t\t\t\t\t<img fetchpriority=\"high\" decoding=\"async\" width=\"624\" height=\"600\" src=\"https:\/\/cedrat-technologies.com\/wp-content\/uploads\/products\/product_pictures\/BLMM-Batch.webp\" class=\"attachment-full size-full wp-image-7759\" alt=\"\" srcset=\"https:\/\/cedrat-technologies.com\/wp-content\/uploads\/products\/product_pictures\/BLMM-Batch.webp 624w, https:\/\/cedrat-technologies.com\/wp-content\/uploads\/products\/product_pictures\/BLMM-Batch-600x577.webp 600w\" sizes=\"(max-width: 624px) 100vw, 624px\" \/>\t\t\t\t\t\t\t\t\t\t\t\t\t\t\t<\/div>\n\t\t\t\t<\/div>\n\t\t\t\t<\/div>\n\t\t\t\t\t<\/div>\n\t\t\t\t<\/div>\n\t\t<div class=\"elementor-element elementor-element-ae01ca6 e-flex e-con-boxed e-con e-parent\" data-id=\"ae01ca6\" data-element_type=\"container\" data-e-type=\"container\">\n\t\t\t\t\t<div class=\"e-con-inner\">\n\t\t<div class=\"elementor-element elementor-element-0976e9f e-flex e-con-boxed e-con e-parent\" data-id=\"0976e9f\" data-element_type=\"container\" data-e-type=\"container\" data-settings=\"{&quot;background_background&quot;:&quot;classic&quot;}\">\n\t\t\t\t\t<div class=\"e-con-inner\">\n\t\t<div class=\"elementor-element elementor-element-10e23c8 e-con-full e-flex e-con e-parent\" data-id=\"10e23c8\" data-element_type=\"container\" data-e-type=\"container\">\n\t\t\t\t<div class=\"elementor-element elementor-element-2580e79 elementor-widget elementor-widget-image\" data-id=\"2580e79\" data-element_type=\"widget\" data-e-type=\"widget\" data-widget_type=\"image.default\">\n\t\t\t\t<div class=\"elementor-widget-container\">\n\t\t\t\t\t\t\t\t\t\t\t\t\t\t\t<img decoding=\"async\" width=\"180\" height=\"135\" src=\"https:\/\/cedrat-technologies.com\/wp-content\/uploads\/products\/product_pictures\/Bistable_Linear_Moving_Magnet_BLMM.jpg\" class=\"attachment-full size-full wp-image-7772\" alt=\"\" \/>\t\t\t\t\t\t\t\t\t\t\t\t\t\t\t<\/div>\n\t\t\t\t<\/div>\n\t\t\t\t<\/div>\n\t\t<div class=\"elementor-element elementor-element-d888d78 e-flex e-con-boxed e-con e-parent\" data-id=\"d888d78\" data-element_type=\"container\" data-e-type=\"container\">\n\t\t\t\t\t<div class=\"e-con-inner\">\n\t\t\t\t<div class=\"elementor-element elementor-element-a85b59a elementor-widget elementor-widget-heading\" data-id=\"a85b59a\" data-element_type=\"widget\" data-e-type=\"widget\" data-widget_type=\"heading.default\">\n\t\t\t\t<div class=\"elementor-widget-container\">\n\t\t\t\t\t<h3 class=\"elementor-heading-title elementor-size-default\">AIMANT \u00c0 D\u00c9PLACEMENT LIN\u00c9AIRE BISTABLE - BLMM<\/h3>\t\t\t\t<\/div>\n\t\t\t\t<\/div>\n\t\t\t\t<div class=\"elementor-element elementor-element-b4906f5 elementor-widget elementor-widget-text-editor\" data-id=\"b4906f5\" data-element_type=\"widget\" data-e-type=\"widget\" data-widget_type=\"text-editor.default\">\n\t\t\t\t<div class=\"elementor-widget-container\">\n\t\t\t\t\t\t\t\t\t<p>Les BLMM sont bas\u00e9s sur un aimant permanent se d\u00e9pla\u00e7ant entre deux \u00e9lectro-aimants oppos\u00e9s. Ils sont des actionneurs compacts et dynamiques, bien adapt\u00e9s pour une application exigeante et particuli\u00e8rement pertinents lorsque l\u2019actionneur de petite taille est n\u00e9cessaire.<\/p>\t\t\t\t\t\t\t\t<\/div>\n\t\t\t\t<\/div>\n\t\t\t\t<div class=\"elementor-element elementor-element-5708252 elementor-widget elementor-widget-heading\" data-id=\"5708252\" data-element_type=\"widget\" data-e-type=\"widget\" data-widget_type=\"heading.default\">\n\t\t\t\t<div class=\"elementor-widget-container\">\n\t\t\t\t\t<h3 class=\"elementor-heading-title elementor-size-default\">PERFORMANCES<\/h3>\t\t\t\t<\/div>\n\t\t\t\t<\/div>\n\t\t\t\t<div class=\"elementor-element elementor-element-1c986c1 elementor-position-inline-start elementor-view-default elementor-mobile-position-block-start elementor-widget elementor-widget-icon-box\" data-id=\"1c986c1\" data-element_type=\"widget\" data-e-type=\"widget\" data-widget_type=\"icon-box.default\">\n\t\t\t\t<div class=\"elementor-widget-container\">\n\t\t\t\t\t\t\t<div class=\"elementor-icon-box-wrapper\">\n\n\t\t\t\t\t\t<div class=\"elementor-icon-box-icon\">\n\t\t\t\t<a href=\"https:\/\/cedrat-technologies.com\/wp-content\/uploads\/products\/datasheets\/blmm_gb_v3.4.pdf\" target=\"_blank\" class=\"elementor-icon\" tabindex=\"-1\" aria-label=\"T\u00e9l\u00e9charger la fiche technique\">\n\t\t\t\t<i aria-hidden=\"true\" class=\"far fa-file-pdf\"><\/i>\t\t\t\t<\/a>\n\t\t\t<\/div>\n\t\t\t\n\t\t\t\t\t\t<div class=\"elementor-icon-box-content\">\n\n\t\t\t\t\t\t\t\t\t<h3 class=\"elementor-icon-box-title\">\n\t\t\t\t\t\t<a href=\"https:\/\/cedrat-technologies.com\/wp-content\/uploads\/products\/datasheets\/blmm_gb_v3.4.pdf\" target=\"_blank\" >\n\t\t\t\t\t\t\tT\u00e9l\u00e9charger la fiche technique\t\t\t\t\t\t<\/a>\n\t\t\t\t\t<\/h3>\n\t\t\t\t\n\t\t\t\t\n\t\t\t<\/div>\n\t\t\t\n\t\t<\/div>\n\t\t\t\t\t\t<\/div>\n\t\t\t\t<\/div>\n\t\t\t\t<div class=\"elementor-element elementor-element-e8cea72 elementor-widget elementor-widget-heading\" data-id=\"e8cea72\" data-element_type=\"widget\" data-e-type=\"widget\" data-widget_type=\"heading.default\">\n\t\t\t\t<div class=\"elementor-widget-container\">\n\t\t\t\t\t<h3 class=\"elementor-heading-title elementor-size-default\">STATUS<\/h3>\t\t\t\t<\/div>\n\t\t\t\t<\/div>\n\t\t\t\t<div class=\"elementor-element elementor-element-0c56ab6 elementor-widget elementor-widget-text-editor\" data-id=\"0c56ab6\" data-element_type=\"widget\" data-e-type=\"widget\" data-widget_type=\"text-editor.default\">\n\t\t\t\t<div class=\"elementor-widget-container\">\n\t\t\t\t\t\t\t\t\tStandard\t\t\t\t\t\t\t\t<\/div>\n\t\t\t\t<\/div>\n\t\t\t\t<div class=\"elementor-element elementor-element-d55023c elementor-widget elementor-widget-button\" data-id=\"d55023c\" data-element_type=\"widget\" data-e-type=\"widget\" data-widget_type=\"button.default\">\n\t\t\t\t<div class=\"elementor-widget-container\">\n\t\t\t\t\t\t\t\t\t<div class=\"elementor-button-wrapper\">\n\t\t\t\t\t<a class=\"elementor-button elementor-button-link elementor-size-sm\" href=\"https:\/\/cedrat-technologies.com\/fr\/contact\/\">\n\t\t\t\t\t\t<span class=\"elementor-button-content-wrapper\">\n\t\t\t\t\t\t\t\t\t<span class=\"elementor-button-text\">Demande d'information<\/span>\n\t\t\t\t\t<\/span>\n\t\t\t\t\t<\/a>\n\t\t\t\t<\/div>\n\t\t\t\t\t\t\t\t<\/div>\n\t\t\t\t<\/div>\n\t\t\t\t\t<\/div>\n\t\t\t\t<\/div>\n\t\t\t\t\t<\/div>\n\t\t\t\t<\/div>\n\t\t\t\t\t<\/div>\n\t\t\t\t<\/div>\n\t\t\t\t<\/div>\n\t\t","protected":false},"excerpt":{"rendered":"<p>BLMM\u00a0signifie\u00a0Bistable Linear Moving Magnet.\u00a0Ils sont bas\u00e9s sur un aimant permanent se d\u00e9pla\u00e7ant entre deux \u00e9lectroaimants oppos\u00e9s.\u00a0Les BLMM sont des actionneurs miniatures, particuli\u00e8rement pertinents lorsque des actionneurs de petite taille sont n\u00e9cessaires.\u00a0 La principale caract\u00e9ristique de BLMM est sa force de maintien sans dissipation.\u00a0Ceci est particuli\u00e8rement pertinent pour des applications telles que les\u00a0dispositifs de verrouillage, \u00e9lectrovannes &#8230; <a title=\"CTEC BLMM\" class=\"read-more\" href=\"https:\/\/cedrat-technologies.com\/fr\/ctec-blmm\/\" aria-label=\"En savoir plus sur CTEC BLMM\">Lire la suite<\/a><\/p>\n","protected":false},"author":1,"featured_media":0,"parent":0,"menu_order":0,"comment_status":"closed","ping_status":"closed","template":"","meta":{"_acf_changed":false,"_seopress_robots_primary_cat":"","_seopress_titles_title":"CTEC Bistable Linear Moving Magnet (BLMM)","_seopress_titles_desc":"D\u00e9couvrez le BLMM de Cedrat Technologies, un actionneur de petite taille \u00e0 faible consommation d&#039;\u00e9nergie, \u00e0 r\u00e9ponse rapide et \u00e0 commande facile, id\u00e9al pour diverses applications.","_seopress_robots_index":"","footnotes":""},"class_list":["post-16518","page","type-page","status-publish"],"acf":[],"_links":{"self":[{"href":"https:\/\/cedrat-technologies.com\/fr\/wp-json\/wp\/v2\/pages\/16518","targetHints":{"allow":["GET"]}}],"collection":[{"href":"https:\/\/cedrat-technologies.com\/fr\/wp-json\/wp\/v2\/pages"}],"about":[{"href":"https:\/\/cedrat-technologies.com\/fr\/wp-json\/wp\/v2\/types\/page"}],"author":[{"embeddable":true,"href":"https:\/\/cedrat-technologies.com\/fr\/wp-json\/wp\/v2\/users\/1"}],"replies":[{"embeddable":true,"href":"https:\/\/cedrat-technologies.com\/fr\/wp-json\/wp\/v2\/comments?post=16518"}],"version-history":[{"count":0,"href":"https:\/\/cedrat-technologies.com\/fr\/wp-json\/wp\/v2\/pages\/16518\/revisions"}],"wp:attachment":[{"href":"https:\/\/cedrat-technologies.com\/fr\/wp-json\/wp\/v2\/media?parent=16518"}],"curies":[{"name":"wp","href":"https:\/\/api.w.org\/{rel}","templated":true}]}}