{"id":16508,"date":"2023-03-16T09:58:01","date_gmt":"2023-03-16T08:58:01","guid":{"rendered":"http:\/\/cedrat-technologies.com\/awards-and-recognition\/"},"modified":"2026-02-19T16:25:39","modified_gmt":"2026-02-19T15:25:39","slug":"prix-reconnaissance","status":"publish","type":"page","link":"https:\/\/cedrat-technologies.com\/fr\/prix-reconnaissance\/","title":{"rendered":"Prix &#038; reconnaissance"},"content":{"rendered":"\t\t<div data-elementor-type=\"wp-page\" data-elementor-id=\"16508\" class=\"elementor elementor-16508 elementor-8397\" data-elementor-post-type=\"page\">\n\t\t\t\t<div class=\"elementor-element elementor-element-7a90fd1 e-flex e-con-boxed e-con e-parent\" data-id=\"7a90fd1\" data-element_type=\"container\" data-e-type=\"container\">\n\t\t\t\t\t<div class=\"e-con-inner\">\n\t\t<div class=\"elementor-element elementor-element-6e0cdf1 e-con-full e-flex e-con e-child\" data-id=\"6e0cdf1\" data-element_type=\"container\" data-e-type=\"container\">\n\t\t\t\t<div class=\"elementor-element elementor-element-d51c267 elementor-widget elementor-widget-heading\" data-id=\"d51c267\" data-element_type=\"widget\" data-e-type=\"widget\" data-widget_type=\"heading.default\">\n\t\t\t\t<div class=\"elementor-widget-container\">\n\t\t\t\t\t<h1 class=\"elementor-heading-title elementor-size-default\">Prix &#038; reconnaissance<\/h1>\t\t\t\t<\/div>\n\t\t\t\t<\/div>\n\t\t\t\t<div class=\"elementor-element elementor-element-8d71457 elementor-widget elementor-widget-text-editor\" data-id=\"8d71457\" data-element_type=\"widget\" data-e-type=\"widget\" data-widget_type=\"text-editor.default\">\n\t\t\t\t<div class=\"elementor-widget-container\">\n\t\t\t\t\t\t\t\t\t<p>La Qualit\u00e9 faisant partie int\u00e9grante de notre strat\u00e9gie, nous sommes fiers de partager avec vous notre certification\u00a0<a href=\"https:\/\/cedrat-technologies.com\/wp-content\/uploads\/news\/awards\/certificat2025-iso-9001-cedrat-technologies.pdf\" target=\"_self\"><strong>ISO9001<\/strong><\/a>\u00a0obtenue pour les activit\u00e9s suivantes: ing\u00e9nierie, d\u00e9veloppement, prototypage, fabrication en pr\u00e9-s\u00e9rie ou en s\u00e9rie et services associ\u00e9s.<\/p><p>Dans le cadre du d\u00e9veloppement de la soci\u00e9t\u00e9 et pour r\u00e9pondre aux attentes de ses clients, la direction s\u2019engage \u00e0 d\u00e9velopper et mettre en \u0153uvre un syst\u00e8me de management de la qualit\u00e9, ainsi qu&rsquo;\u00e0 assurer son am\u00e9lioration continue.<\/p><p>Dans ce but, la direction s\u2019engage \u00e0\u00a0:<\/p><ol><li>communiquer la politique qualit\u00e9 aupr\u00e8s des parties prenantes de la soci\u00e9t\u00e9, l&rsquo;importance \u00e0 satisfaire les exigences des clients ainsi que les exigences r\u00e9glementaires et l\u00e9gales,<\/li><li>assurer que les objectifs qualit\u00e9 soient \u00e9tablis, en lien avec les axes strat\u00e9giques de l\u2019entreprise,<\/li><li>mener une revue de direction annuelle,<\/li><li>assurer la disponibilit\u00e9 des ressources, donnant un cadre pour l\u2019accomplissement des objectifs qualit\u00e9,<\/li><li>assurer que les exigences des clients sont d\u00e9termin\u00e9es, comprises et respect\u00e9es afin d&rsquo;accro\u00eetre la satisfaction des clients<\/li><\/ol><p>A travers les processus, la direction s\u2019assure que les responsabilit\u00e9s et autorit\u00e9s pour des r\u00f4les pertinents sont attribu\u00e9es, communiqu\u00e9es et comprises au sein de l\u2019organisme.<\/p>\t\t\t\t\t\t\t\t<\/div>\n\t\t\t\t<\/div>\n\t\t\t\t<\/div>\n\t\t<div class=\"elementor-element elementor-element-377ad00 e-con-full e-flex e-con e-child\" data-id=\"377ad00\" data-element_type=\"container\" data-e-type=\"container\">\n\t\t\t\t<div class=\"elementor-element elementor-element-7f9df9d elementor-widget elementor-widget-image\" data-id=\"7f9df9d\" data-element_type=\"widget\" data-e-type=\"widget\" data-widget_type=\"image.default\">\n\t\t\t\t<div class=\"elementor-widget-container\">\n\t\t\t\t\t\t\t\t\t\t\t\t\t\t\t\t<a href=\"https:\/\/cedrat-technologies.com\/wp-content\/uploads\/news\/awards\/certificat2025-iso-9001-cedrat-technologies.pdf\">\n\t\t\t\t\t\t\t<img decoding=\"async\" width=\"129\" height=\"120\" src=\"https:\/\/cedrat-technologies.com\/wp-content\/uploads\/2023\/03\/afaq.webp\" class=\"attachment-full size-full wp-image-8402\" alt=\"ISO9001 Certificate\" \/>\t\t\t\t\t\t\t\t<\/a>\n\t\t\t\t\t\t\t\t\t\t\t\t\t\t\t<\/div>\n\t\t\t\t<\/div>\n\t\t\t\t<\/div>\n\t\t\t\t\t<\/div>\n\t\t\t\t<\/div>\n\t\t<div class=\"elementor-element elementor-element-e6dcfdd e-flex e-con-boxed e-con e-parent\" data-id=\"e6dcfdd\" data-element_type=\"container\" data-e-type=\"container\">\n\t\t\t\t\t<div class=\"e-con-inner\">\n\t\t\t\t<div class=\"elementor-element elementor-element-180f1ce elementor-widget elementor-widget-gallery\" data-id=\"180f1ce\" data-element_type=\"widget\" data-e-type=\"widget\" data-settings=\"{&quot;gallery_layout&quot;:&quot;justified&quot;,&quot;ideal_row_height&quot;:{&quot;unit&quot;:&quot;px&quot;,&quot;size&quot;:301,&quot;sizes&quot;:[]},&quot;gap&quot;:{&quot;unit&quot;:&quot;px&quot;,&quot;size&quot;:15,&quot;sizes&quot;:[]},&quot;overlay_description&quot;:&quot;caption&quot;,&quot;lazyload&quot;:&quot;yes&quot;,&quot;ideal_row_height_tablet&quot;:{&quot;unit&quot;:&quot;px&quot;,&quot;size&quot;:150,&quot;sizes&quot;:[]},&quot;ideal_row_height_mobile&quot;:{&quot;unit&quot;:&quot;px&quot;,&quot;size&quot;:150,&quot;sizes&quot;:[]},&quot;gap_tablet&quot;:{&quot;unit&quot;:&quot;px&quot;,&quot;size&quot;:10,&quot;sizes&quot;:[]},&quot;gap_mobile&quot;:{&quot;unit&quot;:&quot;px&quot;,&quot;size&quot;:10,&quot;sizes&quot;:[]},&quot;link_to&quot;:&quot;file&quot;,&quot;overlay_background&quot;:&quot;yes&quot;,&quot;content_hover_animation&quot;:&quot;fade-in&quot;}\" data-widget_type=\"gallery.default\">\n\t\t\t\t<div class=\"elementor-widget-container\">\n\t\t\t\t\t\t\t<div class=\"elementor-gallery__container\">\n\t\t\t\t\t\t\t<a class=\"e-gallery-item elementor-gallery-item elementor-animated-content\" href=\"https:\/\/cedrat-technologies.com\/wp-content\/uploads\/certif-afaq-scaled-1.webp\" data-elementor-open-lightbox=\"yes\" data-elementor-lightbox-slideshow=\"180f1ce\" data-e-action-hash=\"#elementor-action%3Aaction%3Dlightbox%26settings%3DeyJpZCI6MzE3MjUsInVybCI6Imh0dHBzOlwvXC9jZWRyYXQtdGVjaG5vbG9naWVzLmNvbVwvd3AtY29udGVudFwvdXBsb2Fkc1wvY2VydGlmLWFmYXEtc2NhbGVkLTEud2VicCIsInNsaWRlc2hvdyI6IjE4MGYxY2UifQ%3D%3D\">\n\t\t\t\t\t<div class=\"e-gallery-image elementor-gallery-item__image\" data-thumbnail=\"https:\/\/cedrat-technologies.com\/wp-content\/uploads\/certif-afaq-scaled-1.webp\" data-width=\"1365\" data-height=\"2048\" aria-label=\"\" role=\"img\" ><\/div>\n\t\t\t\t\t\t\t\t\t\t\t<div class=\"elementor-gallery-item__overlay\"><\/div>\n\t\t\t\t\t\t\t\t\t\t\t\t\t\t\t<div class=\"elementor-gallery-item__content\">\n\t\t\t\t\t\t\t\t\t\t\t<\/div>\n\t\t\t\t\t\t\t\t\t<\/a>\n\t\t\t\t\t\t\t<a class=\"e-gallery-item elementor-gallery-item elementor-animated-content\" href=\"https:\/\/cedrat-technologies.com\/wp-content\/uploads\/certif-bpi-scaled-1.webp\" data-elementor-open-lightbox=\"yes\" data-elementor-lightbox-slideshow=\"180f1ce\" data-e-action-hash=\"#elementor-action%3Aaction%3Dlightbox%26settings%3DeyJpZCI6MzE3MjcsInVybCI6Imh0dHBzOlwvXC9jZWRyYXQtdGVjaG5vbG9naWVzLmNvbVwvd3AtY29udGVudFwvdXBsb2Fkc1wvY2VydGlmLWJwaS1zY2FsZWQtMS53ZWJwIiwic2xpZGVzaG93IjoiMTgwZjFjZSJ9\">\n\t\t\t\t\t<div class=\"e-gallery-image elementor-gallery-item__image\" data-thumbnail=\"https:\/\/cedrat-technologies.com\/wp-content\/uploads\/certif-bpi-scaled-1.webp\" data-width=\"2048\" data-height=\"1365\" aria-label=\"\" role=\"img\" ><\/div>\n\t\t\t\t\t\t\t\t\t\t\t<div class=\"elementor-gallery-item__overlay\"><\/div>\n\t\t\t\t\t\t\t\t\t\t\t\t\t\t\t<div class=\"elementor-gallery-item__content\">\n\t\t\t\t\t\t\t\t\t\t\t<\/div>\n\t\t\t\t\t\t\t\t\t<\/a>\n\t\t\t\t\t\t\t<a class=\"e-gallery-item elementor-gallery-item elementor-animated-content\" href=\"https:\/\/cedrat-technologies.com\/wp-content\/uploads\/trophee-casc-scaled-1.webp\" data-elementor-open-lightbox=\"yes\" data-elementor-lightbox-slideshow=\"180f1ce\" data-e-action-hash=\"#elementor-action%3Aaction%3Dlightbox%26settings%3DeyJpZCI6MzE3MjksInVybCI6Imh0dHBzOlwvXC9jZWRyYXQtdGVjaG5vbG9naWVzLmNvbVwvd3AtY29udGVudFwvdXBsb2Fkc1wvdHJvcGhlZS1jYXNjLXNjYWxlZC0xLndlYnAiLCJzbGlkZXNob3ciOiIxODBmMWNlIn0%3D\">\n\t\t\t\t\t<div class=\"e-gallery-image elementor-gallery-item__image\" data-thumbnail=\"https:\/\/cedrat-technologies.com\/wp-content\/uploads\/trophee-casc-scaled-1.webp\" data-width=\"1365\" data-height=\"2048\" aria-label=\"\" role=\"img\" ><\/div>\n\t\t\t\t\t\t\t\t\t\t\t<div class=\"elementor-gallery-item__overlay\"><\/div>\n\t\t\t\t\t\t\t\t\t\t\t\t\t\t\t<div class=\"elementor-gallery-item__content\">\n\t\t\t\t\t\t\t\t\t\t\t<\/div>\n\t\t\t\t\t\t\t\t\t<\/a>\n\t\t\t\t\t\t\t<a class=\"e-gallery-item elementor-gallery-item elementor-animated-content\" href=\"https:\/\/cedrat-technologies.com\/wp-content\/uploads\/trophee-micronora-scaled-1.webp\" data-elementor-open-lightbox=\"yes\" data-elementor-lightbox-slideshow=\"180f1ce\" data-e-action-hash=\"#elementor-action%3Aaction%3Dlightbox%26settings%3DeyJpZCI6MzE3MzEsInVybCI6Imh0dHBzOlwvXC9jZWRyYXQtdGVjaG5vbG9naWVzLmNvbVwvd3AtY29udGVudFwvdXBsb2Fkc1wvdHJvcGhlZS1taWNyb25vcmEtc2NhbGVkLTEud2VicCIsInNsaWRlc2hvdyI6IjE4MGYxY2UifQ%3D%3D\">\n\t\t\t\t\t<div class=\"e-gallery-image elementor-gallery-item__image\" data-thumbnail=\"https:\/\/cedrat-technologies.com\/wp-content\/uploads\/trophee-micronora-scaled-1.webp\" data-width=\"1365\" data-height=\"2048\" aria-label=\"\" role=\"img\" ><\/div>\n\t\t\t\t\t\t\t\t\t\t\t<div class=\"elementor-gallery-item__overlay\"><\/div>\n\t\t\t\t\t\t\t\t\t\t\t\t\t\t\t<div class=\"elementor-gallery-item__content\">\n\t\t\t\t\t\t\t\t\t\t\t<\/div>\n\t\t\t\t\t\t\t\t\t<\/a>\n\t\t\t\t\t\t\t<a class=\"e-gallery-item elementor-gallery-item elementor-animated-content\" href=\"https:\/\/cedrat-technologies.com\/wp-content\/uploads\/trophee-bpi-scaled-1.webp\" data-elementor-open-lightbox=\"yes\" data-elementor-lightbox-slideshow=\"180f1ce\" data-e-action-hash=\"#elementor-action%3Aaction%3Dlightbox%26settings%3DeyJpZCI6MzE3MzMsInVybCI6Imh0dHBzOlwvXC9jZWRyYXQtdGVjaG5vbG9naWVzLmNvbVwvd3AtY29udGVudFwvdXBsb2Fkc1wvdHJvcGhlZS1icGktc2NhbGVkLTEud2VicCIsInNsaWRlc2hvdyI6IjE4MGYxY2UifQ%3D%3D\">\n\t\t\t\t\t<div class=\"e-gallery-image elementor-gallery-item__image\" data-thumbnail=\"https:\/\/cedrat-technologies.com\/wp-content\/uploads\/trophee-bpi-scaled-1.webp\" data-width=\"2048\" data-height=\"1365\" aria-label=\"\" role=\"img\" ><\/div>\n\t\t\t\t\t\t\t\t\t\t\t<div class=\"elementor-gallery-item__overlay\"><\/div>\n\t\t\t\t\t\t\t\t\t\t\t\t\t\t\t<div class=\"elementor-gallery-item__content\">\n\t\t\t\t\t\t\t\t\t\t\t<\/div>\n\t\t\t\t\t\t\t\t\t<\/a>\n\t\t\t\t\t\t\t<a class=\"e-gallery-item elementor-gallery-item elementor-animated-content\" href=\"https:\/\/cedrat-technologies.com\/wp-content\/uploads\/trophee-total-scaled-1.webp\" data-elementor-open-lightbox=\"yes\" data-elementor-lightbox-slideshow=\"180f1ce\" data-e-action-hash=\"#elementor-action%3Aaction%3Dlightbox%26settings%3DeyJpZCI6MzE3MzUsInVybCI6Imh0dHBzOlwvXC9jZWRyYXQtdGVjaG5vbG9naWVzLmNvbVwvd3AtY29udGVudFwvdXBsb2Fkc1wvdHJvcGhlZS10b3RhbC1zY2FsZWQtMS53ZWJwIiwic2xpZGVzaG93IjoiMTgwZjFjZSJ9\">\n\t\t\t\t\t<div class=\"e-gallery-image elementor-gallery-item__image\" data-thumbnail=\"https:\/\/cedrat-technologies.com\/wp-content\/uploads\/trophee-total-scaled-1.webp\" data-width=\"2048\" data-height=\"1365\" aria-label=\"\" role=\"img\" ><\/div>\n\t\t\t\t\t\t\t\t\t\t\t<div class=\"elementor-gallery-item__overlay\"><\/div>\n\t\t\t\t\t\t\t\t\t\t\t\t\t\t\t<div class=\"elementor-gallery-item__content\">\n\t\t\t\t\t\t\t\t\t\t\t<\/div>\n\t\t\t\t\t\t\t\t\t<\/a>\n\t\t\t\t\t\t\t<a class=\"e-gallery-item elementor-gallery-item elementor-animated-content\" href=\"https:\/\/cedrat-technologies.com\/wp-content\/uploads\/trophee-inpi-scaled-1.webp\" data-elementor-open-lightbox=\"yes\" data-elementor-lightbox-slideshow=\"180f1ce\" data-e-action-hash=\"#elementor-action%3Aaction%3Dlightbox%26settings%3DeyJpZCI6MzE3MzcsInVybCI6Imh0dHBzOlwvXC9jZWRyYXQtdGVjaG5vbG9naWVzLmNvbVwvd3AtY29udGVudFwvdXBsb2Fkc1wvdHJvcGhlZS1pbnBpLXNjYWxlZC0xLndlYnAiLCJzbGlkZXNob3ciOiIxODBmMWNlIn0%3D\">\n\t\t\t\t\t<div class=\"e-gallery-image elementor-gallery-item__image\" data-thumbnail=\"https:\/\/cedrat-technologies.com\/wp-content\/uploads\/trophee-inpi-scaled-1.webp\" data-width=\"1365\" data-height=\"2048\" aria-label=\"\" role=\"img\" ><\/div>\n\t\t\t\t\t\t\t\t\t\t\t<div class=\"elementor-gallery-item__overlay\"><\/div>\n\t\t\t\t\t\t\t\t\t\t\t\t\t\t\t<div class=\"elementor-gallery-item__content\">\n\t\t\t\t\t\t\t\t\t\t\t<\/div>\n\t\t\t\t\t\t\t\t\t<\/a>\n\t\t\t\t\t<\/div>\n\t\t\t\t\t<\/div>\n\t\t\t\t<\/div>\n\t\t\t\t\t<\/div>\n\t\t\t\t<\/div>\n\t\t<div class=\"elementor-element elementor-element-baa046b e-flex e-con-boxed e-con e-parent\" data-id=\"baa046b\" data-element_type=\"container\" data-e-type=\"container\">\n\t\t\t\t\t<div class=\"e-con-inner\">\n\t\t\t\t<div class=\"elementor-element elementor-element-07015c4 elementor-widget elementor-widget-heading\" data-id=\"07015c4\" data-element_type=\"widget\" data-e-type=\"widget\" data-widget_type=\"heading.default\">\n\t\t\t\t<div class=\"elementor-widget-container\">\n\t\t\t\t\t<h2 class=\"elementor-heading-title elementor-size-default\">P\u00d4LES &amp; LABELS<\/h2>\t\t\t\t<\/div>\n\t\t\t\t<\/div>\n\t\t\t\t<div class=\"elementor-element elementor-element-2d2fea4 elementor-skin-carousel elementor-arrows-yes elementor-widget elementor-widget-media-carousel\" data-id=\"2d2fea4\" data-element_type=\"widget\" data-e-type=\"widget\" data-settings=\"{&quot;slides_per_view&quot;:&quot;8&quot;,&quot;lazyload&quot;:&quot;yes&quot;,&quot;skin&quot;:&quot;carousel&quot;,&quot;effect&quot;:&quot;slide&quot;,&quot;show_arrows&quot;:&quot;yes&quot;,&quot;speed&quot;:500,&quot;autoplay&quot;:&quot;yes&quot;,&quot;autoplay_speed&quot;:5000,&quot;loop&quot;:&quot;yes&quot;,&quot;pause_on_hover&quot;:&quot;yes&quot;,&quot;pause_on_interaction&quot;:&quot;yes&quot;,&quot;space_between&quot;:{&quot;unit&quot;:&quot;px&quot;,&quot;size&quot;:10,&quot;sizes&quot;:[]},&quot;space_between_tablet&quot;:{&quot;unit&quot;:&quot;px&quot;,&quot;size&quot;:10,&quot;sizes&quot;:[]},&quot;space_between_mobile&quot;:{&quot;unit&quot;:&quot;px&quot;,&quot;size&quot;:10,&quot;sizes&quot;:[]}}\" data-widget_type=\"media-carousel.default\">\n\t\t\t\t<div class=\"elementor-widget-container\">\n\t\t\t\t\t\t\t\t\t<div class=\"elementor-swiper\">\n\t\t\t\t\t<div class=\"elementor-main-swiper swiper\" role=\"region\" aria-roledescription=\"carousel\" aria-label=\"Diapositives\">\n\t\t\t\t<div class=\"swiper-wrapper\">\n\t\t\t\t\t\t\t\t\t\t\t<div class=\"swiper-slide\" role=\"group\" aria-roledescription=\"slide\">\n\t\t\t\t\t\t\t<a href=\"https:\/\/www.minalogic.com\/\" target=\"_blank\">\t\t<div class=\"elementor-carousel-image swiper-lazy\" role=\"img\" aria-label=\"minalogic\" data-background=\"https:\/\/cedrat-technologies.com\/wp-content\/uploads\/2023\/03\/minalogic.webp\">\n\n\t\t\t\t\t\t\t<div class=\"swiper-lazy-preloader\"><\/div>\n\t\t\t\n\t\t\t\t\t<\/div>\n\t\t<\/a>\t\t\t\t\t\t<\/div>\n\t\t\t\t\t\t\t\t\t\t\t<div class=\"swiper-slide\" role=\"group\" aria-roledescription=\"slide\">\n\t\t\t\t\t\t\t<a href=\"https:\/\/entreprises.cnes.fr\/en\/cnes-sme-label\">\t\t<div class=\"elementor-carousel-image swiper-lazy\" role=\"img\" aria-label=\"cnes-pme\" data-background=\"https:\/\/cedrat-technologies.com\/wp-content\/uploads\/2023\/03\/cnes-pme.webp\">\n\n\t\t\t\t\t\t\t<div class=\"swiper-lazy-preloader\"><\/div>\n\t\t\t\n\t\t\t\t\t<\/div>\n\t\t<\/a>\t\t\t\t\t\t<\/div>\n\t\t\t\t\t\t\t\t\t\t\t<div class=\"swiper-slide\" role=\"group\" aria-roledescription=\"slide\">\n\t\t\t\t\t\t\t<a href=\"https:\/\/www.comite-richelieu.org\/\" target=\"_blank\">\t\t<div class=\"elementor-carousel-image swiper-lazy\" role=\"img\" aria-label=\"comite-richelieu\" data-background=\"https:\/\/cedrat-technologies.com\/wp-content\/uploads\/2023\/03\/comite-richelieu.webp\">\n\n\t\t\t\t\t\t\t<div class=\"swiper-lazy-preloader\"><\/div>\n\t\t\t\n\t\t\t\t\t<\/div>\n\t\t<\/a>\t\t\t\t\t\t<\/div>\n\t\t\t\t\t\t\t\t\t\t\t<div class=\"swiper-slide\" role=\"group\" aria-roledescription=\"slide\">\n\t\t\t\t\t\t\t<a href=\"https:\/\/www.bpifrance.fr\/catalogue-offres\/bpifrance-excellence\">\t\t<div class=\"elementor-carousel-image swiper-lazy\" role=\"img\" aria-label=\"logo le club excellence de BPI France\" data-background=\"https:\/\/cedrat-technologies.com\/wp-content\/uploads\/news\/awards\/logo-le-club-excellence-e1706517798856.png\">\n\n\t\t\t\t\t\t\t<div class=\"swiper-lazy-preloader\"><\/div>\n\t\t\t\n\t\t\t\t\t<\/div>\n\t\t<\/a>\t\t\t\t\t\t<\/div>\n\t\t\t\t\t\t\t\t\t\t\t<div class=\"swiper-slide\" role=\"group\" aria-roledescription=\"slide\">\n\t\t\t\t\t\t\t<a href=\"https:\/\/www.france-innovation.fr\/membre\/cedrat-technologies\/\">\t\t<div class=\"elementor-carousel-image swiper-lazy\" role=\"img\" aria-label=\"membre-France_Innovation\" data-background=\"https:\/\/cedrat-technologies.com\/wp-content\/uploads\/2023\/06\/membre-france_innovation-1.png\">\n\n\t\t\t\t\t\t\t<div class=\"swiper-lazy-preloader\"><\/div>\n\t\t\t\n\t\t\t\t\t<\/div>\n\t\t<\/a>\t\t\t\t\t\t<\/div>\n\t\t\t\t\t\t\t\t\t\t\t<div class=\"swiper-slide\" role=\"group\" aria-roledescription=\"slide\">\n\t\t\t\t\t\t\t<a href=\"https:\/\/www.asrc.fr\/fr\/\" target=\"_blank\">\t\t<div class=\"elementor-carousel-image swiper-lazy\" role=\"img\" aria-label=\"ASRC\" data-background=\"https:\/\/cedrat-technologies.com\/wp-content\/uploads\/2023\/03\/ASRC.webp\">\n\n\t\t\t\t\t\t\t<div class=\"swiper-lazy-preloader\"><\/div>\n\t\t\t\n\t\t\t\t\t<\/div>\n\t\t<\/a>\t\t\t\t\t\t<\/div>\n\t\t\t\t\t\t\t\t\t\t\t<div class=\"swiper-slide\" role=\"group\" aria-roledescription=\"slide\">\n\t\t\t\t\t\t\t<a href=\"https:\/\/www.cimes-hub.com\/offreurs-de-solutions\/cedrat-technologies\" target=\"_blank\">\t\t<div class=\"elementor-carousel-image swiper-lazy\" role=\"img\" aria-label=\"CIMES\" data-background=\"https:\/\/cedrat-technologies.com\/wp-content\/uploads\/2023\/03\/CIMES.webp\">\n\n\t\t\t\t\t\t\t<div class=\"swiper-lazy-preloader\"><\/div>\n\t\t\t\n\t\t\t\t\t<\/div>\n\t\t<\/a>\t\t\t\t\t\t<\/div>\n\t\t\t\t\t\t\t\t\t\t\t<div class=\"swiper-slide\" role=\"group\" aria-roledescription=\"slide\">\n\t\t\t\t\t\t\t<a href=\"https:\/\/www.auvergnerhonealpes-entreprises.fr\/perl\">\t\t<div class=\"elementor-carousel-image swiper-lazy\" role=\"img\" aria-label=\"logo perl\" data-background=\"https:\/\/cedrat-technologies.com\/wp-content\/uploads\/news\/awards\/logo_perl.jpg\">\n\n\t\t\t\t\t\t\t<div class=\"swiper-lazy-preloader\"><\/div>\n\t\t\t\n\t\t\t\t\t<\/div>\n\t\t<\/a>\t\t\t\t\t\t<\/div>\n\t\t\t\t\t\t\t\t\t<\/div>\n\t\t\t\t\t\t\t\t\t\t\t\t\t\t\t<div class=\"elementor-swiper-button elementor-swiper-button-prev\" role=\"button\" tabindex=\"0\" aria-label=\"Pr\u00e9c\u00e9dent\">\n\t\t\t\t\t\t\t<i aria-hidden=\"true\" class=\"eicon-chevron-left\"><\/i>\t\t\t\t\t\t<\/div>\n\t\t\t\t\t\t<div class=\"elementor-swiper-button elementor-swiper-button-next\" role=\"button\" tabindex=\"0\" aria-label=\"Suivant\">\n\t\t\t\t\t\t\t<i aria-hidden=\"true\" class=\"eicon-chevron-right\"><\/i>\t\t\t\t\t\t<\/div>\n\t\t\t\t\t\t\t\t\t\t\t\t\t\t\t\t\t<\/div>\n\t\t\t\t<\/div>\n\t\t\t\t\t\t\t\t<\/div>\n\t\t\t\t<\/div>\n\t\t\t\t\t<\/div>\n\t\t\t\t<\/div>\n\t\t\t\t<\/div>\n\t\t","protected":false},"excerpt":{"rendered":"<p>La Qualit\u00e9 faisant partie int\u00e9grante de notre strat\u00e9gie, nous sommes fiers de partager avec vous notre certification\u00a0ISO9001\u00a0obtenue pour les activit\u00e9s suivantes: ing\u00e9nierie, d\u00e9veloppement, prototypage, fabrication en pr\u00e9-s\u00e9rie ou en s\u00e9rie et services associ\u00e9s. Dans le cadre du d\u00e9veloppement de la soci\u00e9t\u00e9 et pour r\u00e9pondre aux attentes de ses clients, la direction s\u2019engage \u00e0 d\u00e9velopper et &#8230; <a title=\"Prix &#038; reconnaissance\" class=\"read-more\" href=\"https:\/\/cedrat-technologies.com\/fr\/prix-reconnaissance\/\" aria-label=\"En savoir plus sur Prix &#038; reconnaissance\">Lire la suite<\/a><\/p>\n","protected":false},"author":1,"featured_media":0,"parent":0,"menu_order":0,"comment_status":"closed","ping_status":"closed","template":"","meta":{"_acf_changed":false,"_seopress_robots_primary_cat":"","_seopress_titles_title":"R\u00e9compenses et reconnaissance chez Cedrat Technologies","_seopress_titles_desc":"D\u00e9couvrez l&#039;engagement de Cedrat Technologies envers la qualit\u00e9, comme en t\u00e9moigne sa certification ISO9001 pour l&#039;ing\u00e9nierie, le d\u00e9veloppement, la fabrication et les services.","_seopress_robots_index":"","footnotes":""},"class_list":["post-16508","page","type-page","status-publish"],"acf":[],"_links":{"self":[{"href":"https:\/\/cedrat-technologies.com\/fr\/wp-json\/wp\/v2\/pages\/16508","targetHints":{"allow":["GET"]}}],"collection":[{"href":"https:\/\/cedrat-technologies.com\/fr\/wp-json\/wp\/v2\/pages"}],"about":[{"href":"https:\/\/cedrat-technologies.com\/fr\/wp-json\/wp\/v2\/types\/page"}],"author":[{"embeddable":true,"href":"https:\/\/cedrat-technologies.com\/fr\/wp-json\/wp\/v2\/users\/1"}],"replies":[{"embeddable":true,"href":"https:\/\/cedrat-technologies.com\/fr\/wp-json\/wp\/v2\/comments?post=16508"}],"version-history":[{"count":0,"href":"https:\/\/cedrat-technologies.com\/fr\/wp-json\/wp\/v2\/pages\/16508\/revisions"}],"wp:attachment":[{"href":"https:\/\/cedrat-technologies.com\/fr\/wp-json\/wp\/v2\/media?parent=16508"}],"curies":[{"name":"wp","href":"https:\/\/api.w.org\/{rel}","templated":true}]}}