{"id":16493,"date":"2023-03-16T09:49:26","date_gmt":"2023-03-16T08:49:26","guid":{"rendered":"http:\/\/cedrat-technologies.com\/applications\/medtec\/"},"modified":"2023-08-16T15:57:53","modified_gmt":"2023-08-16T13:57:53","slug":"biomedical","status":"publish","type":"page","link":"https:\/\/cedrat-technologies.com\/fr\/applications\/biomedical\/","title":{"rendered":"Biom\u00e9dical"},"content":{"rendered":"\t\t<div data-elementor-type=\"wp-page\" data-elementor-id=\"16493\" class=\"elementor elementor-16493 elementor-8378\" data-elementor-post-type=\"page\">\n\t\t\t\t<div class=\"elementor-element elementor-element-0a7df09 e-flex e-con-boxed e-con e-parent\" data-id=\"0a7df09\" data-element_type=\"container\" data-e-type=\"container\">\n\t\t\t\t\t<div class=\"e-con-inner\">\n\t\t<div class=\"elementor-element elementor-element-849af9a e-con-full e-flex e-con e-parent\" data-id=\"849af9a\" data-element_type=\"container\" data-e-type=\"container\">\n\t\t\t\t<div class=\"elementor-element elementor-element-0683d0a elementor-widget elementor-widget-heading\" data-id=\"0683d0a\" data-element_type=\"widget\" data-e-type=\"widget\" data-widget_type=\"heading.default\">\n\t\t\t\t<div class=\"elementor-widget-container\">\n\t\t\t\t\t<h1 class=\"elementor-heading-title elementor-size-default\">Biom\u00e9dical<\/h1>\t\t\t\t<\/div>\n\t\t\t\t<\/div>\n\t\t\t\t<div class=\"elementor-element elementor-element-092a870 elementor-widget elementor-widget-text-editor\" data-id=\"092a870\" data-element_type=\"widget\" data-e-type=\"widget\" data-widget_type=\"text-editor.default\">\n\t\t\t\t<div class=\"elementor-widget-container\">\n\t\t\t\t\t\t\t\t\t<p>Les technologies m\u00e9dicales (Medtech) sont un segment du march\u00e9 de la sant\u00e9 o\u00f9 CEDRAT TECHNOLOGIES (CTEC) fournit des composants m\u00e9catroniques compacts, dynamiques et pr\u00e9cis (<a href=\"\/fr\/categorie-produit\/actionneurs-piezo\/\" target=\"_self\">actionneurs<\/a>\u00a0et\u00a0<a href=\"\/fr\/categorie-produit\/capteurs\/\" target=\"_self\">capteurs\u00a0<\/a>avec leur\u00a0<a href=\"\/fr\/categorie-produit\/controleurs-piezo\/\" target=\"_self\">\u00e9lectronique<\/a>) et des solutions (d\u00e9tection et syst\u00e8mes motoris\u00e9s) depuis les ann\u00e9es 1990. Les produits CTEC sont utilis\u00e9s dans des dispositifs m\u00e9dicaux et des applications visant \u00e0 am\u00e9liorer et sauver des vies, depuis la recherche et la pr\u00e9vention jusqu&rsquo;au diagnostic et \u00e0 la gu\u00e9rison. Le CTEC d\u00e9finit trois cat\u00e9gories principales sur le march\u00e9 des MedTech :<\/p><ul><li>Dispositifs m\u00e9dicaux, instruments de recherche et diagnostics in vitro<\/li><li>Fabrication de composants m\u00e9dicaux et machine de traitement<\/li><li>Implants, proth\u00e8ses et assistance chirurgicale<\/li><\/ul><p>La plupart des applications dans ces trois cat\u00e9gories sont tr\u00e8s exigeantes en termes de miniaturisation, de compatibilit\u00e9 bio \/ IRM \/ CEM. Du prototype \u00e0 l&rsquo;exigence des produits OEM, CTEC fournit \u00e0 ses clients des solutions m\u00e9catroniques non-magn\u00e9tiques de faible puissance qui sont propres, fiables et pr\u00e9cises.<\/p>\t\t\t\t\t\t\t\t<\/div>\n\t\t\t\t<\/div>\n\t\t\t\t<\/div>\n\t\t\t\t\t<\/div>\n\t\t\t\t<\/div>\n\t\t<div class=\"elementor-element elementor-element-8f89c07 e-flex e-con-boxed e-con e-parent\" data-id=\"8f89c07\" data-element_type=\"container\" data-e-type=\"container\">\n\t\t\t\t\t<div class=\"e-con-inner\">\n\t\t<div class=\"elementor-element elementor-element-6908b1c e-con-full e-flex e-con e-parent\" data-id=\"6908b1c\" data-element_type=\"container\" data-e-type=\"container\" data-settings=\"{&quot;background_background&quot;:&quot;classic&quot;}\">\n\t\t\t\t<div class=\"elementor-element elementor-element-d7081df elementor-widget elementor-widget-image\" data-id=\"d7081df\" data-element_type=\"widget\" data-e-type=\"widget\" data-widget_type=\"image.default\">\n\t\t\t\t<div class=\"elementor-widget-container\">\n\t\t\t\t\t\t\t\t\t\t\t\t\t\t\t<img fetchpriority=\"high\" decoding=\"async\" width=\"700\" height=\"500\" src=\"https:\/\/cedrat-technologies.com\/wp-content\/uploads\/2023\/03\/medical-devices-brain.webp\" class=\"attachment-full size-full wp-image-8381\" alt=\"\" srcset=\"https:\/\/cedrat-technologies.com\/wp-content\/uploads\/2023\/03\/medical-devices-brain.webp 700w, https:\/\/cedrat-technologies.com\/wp-content\/uploads\/2023\/03\/medical-devices-brain-600x429.webp 600w\" sizes=\"(max-width: 700px) 100vw, 700px\" \/>\t\t\t\t\t\t\t\t\t\t\t\t\t\t\t<\/div>\n\t\t\t\t<\/div>\n\t\t\t\t<\/div>\n\t\t<div class=\"elementor-element elementor-element-d49b6cc e-con-full e-flex e-con e-parent\" data-id=\"d49b6cc\" data-element_type=\"container\" data-e-type=\"container\">\n\t\t\t\t<div class=\"elementor-element elementor-element-87b5231 elementor-widget elementor-widget-heading\" data-id=\"87b5231\" data-element_type=\"widget\" data-e-type=\"widget\" data-widget_type=\"heading.default\">\n\t\t\t\t<div class=\"elementor-widget-container\">\n\t\t\t\t\t<h2 class=\"elementor-heading-title elementor-size-default\">DISPOSITIFS M\u00c9DICAUX (DM), INSTRUMENTS DE RECHERCHE ET DIAGNOSTICS IN VITRO (DIV)<\/h2>\t\t\t\t<\/div>\n\t\t\t\t<\/div>\n\t\t\t\t<div class=\"elementor-element elementor-element-8b7c124 elementor-widget elementor-widget-text-editor\" data-id=\"8b7c124\" data-element_type=\"widget\" data-e-type=\"widget\" data-widget_type=\"text-editor.default\">\n\t\t\t\t<div class=\"elementor-widget-container\">\n\t\t\t\t\t\t\t\t\t<p>Les solutions CTEC telles que les obturateurs, fentes, positionneurs, goniom\u00e8tres et platines de balayage pi\u00e9zo\u00e9lectriques sont int\u00e9gr\u00e9es dans de nombreux instruments scientifiques comme les microscopes \u00e0 rayons X et \u00e9lectroniques (MEB, MET), les spectrom\u00e8tres IR et les cytom\u00e8tres, pour n&rsquo;en citer que quelques-uns. Les instruments scientifiques de nos clients sont utilis\u00e9s dans les laboratoires m\u00e9dicaux et biologiques pour des programmes de recherche avanc\u00e9e en immunologie, oncologie, g\u00e9nomique et d\u00e9veloppement de m\u00e9dicaments. Certains de ces instruments sont m\u00eame utilis\u00e9s dans la lutte contre la COVID-19.<\/p><p>Les solutions OEM de CTEC sont \u00e9galement mises en \u0153uvre dans les dispositifs de radiologie m\u00e9dicale, d&rsquo;\u00e9lastographie RM, d&rsquo;imagerie laser et nucl\u00e9aire gr\u00e2ce \u00e0 des fonctions \u00e0 haute valeur ajout\u00e9e (micro-scanner, amortissement actif, anti-flou, etc&#8230;) pour la r\u00e9solution en imagerie cellulaire afin d&rsquo;am\u00e9liorer le diagnostic du cancer et de pr\u00e9venir des traitements longs et p\u00e9nibles.<\/p>\t\t\t\t\t\t\t\t<\/div>\n\t\t\t\t<\/div>\n\t\t\t\t<\/div>\n\t\t\t\t\t<\/div>\n\t\t\t\t<\/div>\n\t\t<div class=\"elementor-element elementor-element-6d4a130 e-flex e-con-boxed e-con e-parent\" data-id=\"6d4a130\" data-element_type=\"container\" data-e-type=\"container\" data-settings=\"{&quot;background_background&quot;:&quot;classic&quot;}\">\n\t\t\t\t\t<div class=\"e-con-inner\">\n\t\t<div class=\"elementor-element elementor-element-3c99e28 e-con-full e-flex e-con e-parent\" data-id=\"3c99e28\" data-element_type=\"container\" data-e-type=\"container\">\n\t\t\t\t<div class=\"elementor-element elementor-element-d6c9350 elementor-widget elementor-widget-heading\" data-id=\"d6c9350\" data-element_type=\"widget\" data-e-type=\"widget\" data-widget_type=\"heading.default\">\n\t\t\t\t<div class=\"elementor-widget-container\">\n\t\t\t\t\t<h2 class=\"elementor-heading-title elementor-size-default\">FABRICATION DE COMPOSANTS M\u00c9DICAUX ET TRANSFORMATION<\/h2>\t\t\t\t<\/div>\n\t\t\t\t<\/div>\n\t\t\t\t<div class=\"elementor-element elementor-element-6b25c50 elementor-widget elementor-widget-text-editor\" data-id=\"6b25c50\" data-element_type=\"widget\" data-e-type=\"widget\" data-widget_type=\"text-editor.default\">\n\t\t\t\t<div class=\"elementor-widget-container\">\n\t\t\t\t\t\t\t\t\t<p>Les machines produisant et assemblant des pi\u00e8ces en composants m\u00e9dicaux (stents, aiguilles, cutters, etc&#8230;) et traitant des mat\u00e9riaux et des produits chimiques (poudres, r\u00e9actifs, etc&#8230;) n\u00e9cessitent \u00e9galement une manipulation pr\u00e9cise, un serrage et un positionnement rapides, des fonctions de contr\u00f4le des secousses, des dosages fins et de la manipulation des fluides. Les actionneurs pi\u00e9zo\u00e9lectriques CTEC (APA\u00ae, PPA et MSPA) sont int\u00e9gr\u00e9s et permettent un cycle rapide dans les pinces, les agitateurs, les positionneurs et les distributeurs de liquides utilis\u00e9s dans les cha\u00eenes de production m\u00e9dicales.<\/p><p>CTEC est impliqu\u00e9e dans le d\u00e9veloppement de g\u00e9n\u00e9rateurs d&rsquo;ultrasons qui sont utilis\u00e9s pour l&rsquo;am\u00e9lioration du traitement des produits chimiques liquides et en particulier pour le rev\u00eatement antibact\u00e9rien des tissus (literie, membranes, etc.) et des dispositifs (cath\u00e9ters,..) m\u00e9dicaux.\u00a0<\/p>\t\t\t\t\t\t\t\t<\/div>\n\t\t\t\t<\/div>\n\t\t\t\t<\/div>\n\t\t<div class=\"elementor-element elementor-element-63d65cc e-con-full e-flex e-con e-parent\" data-id=\"63d65cc\" data-element_type=\"container\" data-e-type=\"container\" data-settings=\"{&quot;background_background&quot;:&quot;classic&quot;}\">\n\t\t\t\t<div class=\"elementor-element elementor-element-094d7bf elementor-widget elementor-widget-image\" data-id=\"094d7bf\" data-element_type=\"widget\" data-e-type=\"widget\" data-widget_type=\"image.default\">\n\t\t\t\t<div class=\"elementor-widget-container\">\n\t\t\t\t\t\t\t\t\t\t\t\t\t\t\t<img decoding=\"async\" width=\"700\" height=\"500\" src=\"https:\/\/cedrat-technologies.com\/wp-content\/uploads\/2023\/03\/medical-component-image.webp\" class=\"attachment-full size-full wp-image-8383\" alt=\"\" srcset=\"https:\/\/cedrat-technologies.com\/wp-content\/uploads\/2023\/03\/medical-component-image.webp 700w, https:\/\/cedrat-technologies.com\/wp-content\/uploads\/2023\/03\/medical-component-image-600x429.webp 600w\" sizes=\"(max-width: 700px) 100vw, 700px\" \/>\t\t\t\t\t\t\t\t\t\t\t\t\t\t\t<\/div>\n\t\t\t\t<\/div>\n\t\t\t\t<\/div>\n\t\t\t\t\t<\/div>\n\t\t\t\t<\/div>\n\t\t<div class=\"elementor-element elementor-element-265c765 e-flex e-con-boxed e-con e-parent\" data-id=\"265c765\" data-element_type=\"container\" data-e-type=\"container\">\n\t\t\t\t\t<div class=\"e-con-inner\">\n\t\t<div class=\"elementor-element elementor-element-3b6f853 e-con-full e-flex e-con e-parent\" data-id=\"3b6f853\" data-element_type=\"container\" data-e-type=\"container\" data-settings=\"{&quot;background_background&quot;:&quot;classic&quot;}\">\n\t\t\t\t<div class=\"elementor-element elementor-element-1b19d60 elementor-widget elementor-widget-image\" data-id=\"1b19d60\" data-element_type=\"widget\" data-e-type=\"widget\" data-widget_type=\"image.default\">\n\t\t\t\t<div class=\"elementor-widget-container\">\n\t\t\t\t\t\t\t\t\t\t\t\t\t\t\t<img decoding=\"async\" width=\"400\" height=\"474\" src=\"https:\/\/cedrat-technologies.com\/wp-content\/uploads\/2023\/03\/3-cardiolock.jpg\" class=\"attachment-full size-full wp-image-8385\" alt=\"\" \/>\t\t\t\t\t\t\t\t\t\t\t\t\t\t\t<\/div>\n\t\t\t\t<\/div>\n\t\t\t\t<\/div>\n\t\t<div class=\"elementor-element elementor-element-713ffca e-con-full e-flex e-con e-parent\" data-id=\"713ffca\" data-element_type=\"container\" data-e-type=\"container\">\n\t\t\t\t<div class=\"elementor-element elementor-element-6c21dc0 elementor-widget elementor-widget-heading\" data-id=\"6c21dc0\" data-element_type=\"widget\" data-e-type=\"widget\" data-widget_type=\"heading.default\">\n\t\t\t\t<div class=\"elementor-widget-container\">\n\t\t\t\t\t<h2 class=\"elementor-heading-title elementor-size-default\">IMPLANTS, PROTH\u00c8SES ET ASSISTANCE CHIRURGICALE<\/h2>\t\t\t\t<\/div>\n\t\t\t\t<\/div>\n\t\t\t\t<div class=\"elementor-element elementor-element-9682a71 elementor-widget elementor-widget-text-editor\" data-id=\"9682a71\" data-element_type=\"widget\" data-e-type=\"widget\" data-widget_type=\"text-editor.default\">\n\t\t\t\t<div class=\"elementor-widget-container\">\n\t\t\t\t\t\t\t\t\t<p>Les instruments m\u00e9dicaux utilis\u00e9s en chirurgie tels que les endoscopes, les trocarts, les valves, les pompes et les\u00a0biocapteurs\u00a0requi\u00e8rent des solutions fournissant des mouvements compacts, dynamiques et pr\u00e9cis.<\/p><p>Par exemple, l&rsquo;actionneur pi\u00e9zo\u00e9lectrique\u00a0APA120ML de CTEC est int\u00e9gr\u00e9 dans le\u00a0Cardiolock, un stabilisateur m\u00e9canique actif du c\u0153ur utilis\u00e9 pour amortir et annuler localement les perturbations des vibrations du c\u0153ur pendant le processus de suture coronaire. Des actionneurs similaires sont \u00e9galement utilis\u00e9s comme vibrateurs pour faciliter l&rsquo;insertion de proth\u00e8ses dans les parties osseuses.<\/p><p>Gr\u00e2ce \u00e0 leur longue dur\u00e9e de vie, leur basse tension et leur compatibilit\u00e9 IRM, les familles de\u00a0<a href=\"\/fr\/categorie-produit\/actionneurs-piezo\/actionneur-piezo-amplifie-actionneurs-piezo\/\" target=\"_self\">produits pi\u00e9zo\u00e9lectriques APA\u00ae<\/a>\u00a0(&gt;10^10 cycles) et\u00a0<a href=\"https:\/\/cedrat-technologies.com\/fr\/categorie-produit\/moteurs-piezo\/actionneurs-piezo-pas-a-pas-moteurs-piezo\/\" target=\"_self\">SPA<\/a>\u00a0(&gt; 10^6 cycles) sont de bons candidats pour l&rsquo;implantation dans un corps humain. Par exemple, des exosquelettes bas\u00e9s sur l&rsquo;APA50XS non magn\u00e9tique ont \u00e9t\u00e9 d\u00e9velopp\u00e9s pour supporter des contraintes sup\u00e9rieures de vingt pour cent \u00e0 celles des muscles squelettiques naturels. On trouve des moteurs SPA int\u00e9gr\u00e9s dans des microsyst\u00e8mes intelligents d&rsquo;administration de m\u00e9dicaments, o\u00f9 ils permettent d&rsquo;effectuer des dosages pr\u00e9cis.<\/p><p>Nos actionneurs pi\u00e9zo\u00e9lectriques sont \u00e9galement utilis\u00e9s dans d&rsquo;autres types d&rsquo;implants et de proth\u00e8ses (cochl\u00e9aires, orthop\u00e9diques, insertion d&rsquo;aiguilles&#8230;).<\/p><p>La propri\u00e9t\u00e9 inverse du mat\u00e9riau pi\u00e9zo\u00e9lectrique (la conversion de l&rsquo;\u00e9nergie m\u00e9canique en \u00e9lectricit\u00e9) a \u00e9galement \u00e9t\u00e9 utilis\u00e9e pour mettre au point un\u00a0micro-syst\u00e8me de r\u00e9cup\u00e9ration d&rsquo;\u00e9nergie pi\u00e9zo\u00e9lectrique\u00a0de 1 cm3 pour remplacer la pile \u00e0 l&rsquo;int\u00e9rieur d&rsquo;un stimulateur cardiaque.<\/p>\t\t\t\t\t\t\t\t<\/div>\n\t\t\t\t<\/div>\n\t\t\t\t<\/div>\n\t\t\t\t\t<\/div>\n\t\t\t\t<\/div>\n\t\t\t\t<\/div>\n\t\t","protected":false},"excerpt":{"rendered":"<p>Les technologies m\u00e9dicales (Medtech) sont un segment du march\u00e9 de la sant\u00e9 o\u00f9 CEDRAT TECHNOLOGIES (CTEC) fournit des composants m\u00e9catroniques compacts, dynamiques et pr\u00e9cis (actionneurs\u00a0et\u00a0capteurs\u00a0avec leur\u00a0\u00e9lectronique) et des solutions (d\u00e9tection et syst\u00e8mes motoris\u00e9s) depuis les ann\u00e9es 1990. Les produits CTEC sont utilis\u00e9s dans des dispositifs m\u00e9dicaux et des applications visant \u00e0 am\u00e9liorer et sauver des &#8230; <a title=\"Biom\u00e9dical\" class=\"read-more\" href=\"https:\/\/cedrat-technologies.com\/fr\/applications\/biomedical\/\" aria-label=\"En savoir plus sur Biom\u00e9dical\">Lire la suite<\/a><\/p>\n","protected":false},"author":1,"featured_media":0,"parent":16475,"menu_order":0,"comment_status":"closed","ping_status":"closed","template":"","meta":{"_acf_changed":false,"_seopress_robots_primary_cat":"","_seopress_titles_title":"Applications medtech chez Cedrat Technologies","_seopress_titles_desc":"D\u00e9couvrez les solutions compactes, dynamiques et pr\u00e9cises de Cedrat Technologies pour les instruments m\u00e9dicaux, tels que les endoscopes, les vannes, les pompes et les biosenseurs.","_seopress_robots_index":"","footnotes":""},"class_list":["post-16493","page","type-page","status-publish"],"acf":[],"_links":{"self":[{"href":"https:\/\/cedrat-technologies.com\/fr\/wp-json\/wp\/v2\/pages\/16493","targetHints":{"allow":["GET"]}}],"collection":[{"href":"https:\/\/cedrat-technologies.com\/fr\/wp-json\/wp\/v2\/pages"}],"about":[{"href":"https:\/\/cedrat-technologies.com\/fr\/wp-json\/wp\/v2\/types\/page"}],"author":[{"embeddable":true,"href":"https:\/\/cedrat-technologies.com\/fr\/wp-json\/wp\/v2\/users\/1"}],"replies":[{"embeddable":true,"href":"https:\/\/cedrat-technologies.com\/fr\/wp-json\/wp\/v2\/comments?post=16493"}],"version-history":[{"count":0,"href":"https:\/\/cedrat-technologies.com\/fr\/wp-json\/wp\/v2\/pages\/16493\/revisions"}],"up":[{"embeddable":true,"href":"https:\/\/cedrat-technologies.com\/fr\/wp-json\/wp\/v2\/pages\/16475"}],"wp:attachment":[{"href":"https:\/\/cedrat-technologies.com\/fr\/wp-json\/wp\/v2\/media?parent=16493"}],"curies":[{"name":"wp","href":"https:\/\/api.w.org\/{rel}","templated":true}]}}