{"id":16475,"date":"2023-03-15T14:33:57","date_gmt":"2023-03-15T13:33:57","guid":{"rendered":"http:\/\/cedrat-technologies.com\/applications\/"},"modified":"2024-03-25T12:22:44","modified_gmt":"2024-03-25T11:22:44","slug":"applications","status":"publish","type":"page","link":"https:\/\/cedrat-technologies.com\/fr\/applications\/","title":{"rendered":"Applications"},"content":{"rendered":"\t\t<div data-elementor-type=\"wp-page\" data-elementor-id=\"16475\" class=\"elementor elementor-16475 elementor-7967\" data-elementor-post-type=\"page\">\n\t\t\t\t<div class=\"elementor-element elementor-element-f9e54c3 e-flex e-con-boxed e-con e-parent\" data-id=\"f9e54c3\" data-element_type=\"container\" data-e-type=\"container\">\n\t\t\t\t\t<div class=\"e-con-inner\">\n\t\t\t\t<div class=\"elementor-element elementor-element-66fc67d elementor-widget elementor-widget-heading\" data-id=\"66fc67d\" data-element_type=\"widget\" data-e-type=\"widget\" data-widget_type=\"heading.default\">\n\t\t\t\t<div class=\"elementor-widget-container\">\n\t\t\t\t\t<h1 class=\"elementor-heading-title elementor-size-default\">Applications<\/h1>\t\t\t\t<\/div>\n\t\t\t\t<\/div>\n\t\t\t\t<div class=\"elementor-element elementor-element-258941d elementor-widget elementor-widget-text-editor\" data-id=\"258941d\" data-element_type=\"widget\" data-e-type=\"widget\" data-widget_type=\"text-editor.default\">\n\t\t\t\t<div class=\"elementor-widget-container\">\n\t\t\t\t\t\t\t\t\t<p>CEDRAT TECHNOLOGIES propose des produits m\u00e9catroniques sur \u00e9tag\u00e8re (tels que des actionneurs et moteurs pi\u00e9zo &amp; magn\u00e9tiques, des m\u00e9canismes, des transducteurs, des capteurs\u2026)\u00a0<b>utilis\u00e9s dans diverses applications scientifiques et industrielles\u00a0<\/b>n\u00e9cessitant des fonctionnalit\u00e9s telles que du micro et nano positionnement, de la g\u00e9n\u00e9ration de vibrations, du micro-balayage, du contr\u00f4le de commande rapide et pr\u00e9cis, du contr\u00f4le actif de vibrations, de la r\u00e9cup\u00e9ration d\u2019\u00e9nergie.<\/p>\t\t\t\t\t\t\t\t<\/div>\n\t\t\t\t<\/div>\n\t\t\t\t\t<\/div>\n\t\t\t\t<\/div>\n\t\t<div class=\"elementor-element elementor-element-c7e04a0 e-flex e-con-boxed e-con e-parent\" data-id=\"c7e04a0\" data-element_type=\"container\" data-e-type=\"container\">\n\t\t\t\t\t<div class=\"e-con-inner\">\n\t\t<div class=\"elementor-element elementor-element-7cce4a4 e-flex e-con-boxed e-con e-child\" data-id=\"7cce4a4\" data-element_type=\"container\" data-e-type=\"container\" data-settings=\"{&quot;background_background&quot;:&quot;classic&quot;}\">\n\t\t\t\t\t<div class=\"e-con-inner\">\n\t\t<div class=\"elementor-element elementor-element-c9c7c2e e-flex e-con-boxed e-con e-child\" data-id=\"c9c7c2e\" data-element_type=\"container\" data-e-type=\"container\">\n\t\t\t\t\t<div class=\"e-con-inner\">\n\t\t\t\t<div class=\"elementor-element elementor-element-2ede6ab elementor-widget elementor-widget-heading\" data-id=\"2ede6ab\" data-element_type=\"widget\" data-e-type=\"widget\" data-widget_type=\"heading.default\">\n\t\t\t\t<div class=\"elementor-widget-container\">\n\t\t\t\t\t<h2 class=\"elementor-heading-title elementor-size-default\">SPATIAL &amp; NEW SPACE<\/h2>\t\t\t\t<\/div>\n\t\t\t\t<\/div>\n\t\t\t\t<div class=\"elementor-element elementor-element-ca91713 elementor-widget elementor-widget-text-editor\" data-id=\"ca91713\" data-element_type=\"widget\" data-e-type=\"widget\" data-widget_type=\"text-editor.default\">\n\t\t\t\t<div class=\"elementor-widget-container\">\n\t\t\t\t\t\t\t\t\t<p>Les actionneurs, les capteurs et les \u00e9lectroniques de CEDRAT TECHNOLOGIES pour l&rsquo;<strong>Espace et le New Space<\/strong> se retrouvent dans les instruments optiques, les t\u00e9lescopes, les satellites, les nanosats, les engins spatiaux, &#8230; CTEC est impliqu\u00e9e depuis 20 ans dans de multiples missions spatiales et a atteint les standards requis et la production r\u00e9currente pour plusieurs produits sur mesure.<\/p>\t\t\t\t\t\t\t\t<\/div>\n\t\t\t\t<\/div>\n\t\t\t\t<div class=\"elementor-element elementor-element-4a4a711 elementor-widget elementor-widget-button\" data-id=\"4a4a711\" data-element_type=\"widget\" data-e-type=\"widget\" data-widget_type=\"button.default\">\n\t\t\t\t<div class=\"elementor-widget-container\">\n\t\t\t\t\t\t\t\t\t<div class=\"elementor-button-wrapper\">\n\t\t\t\t\t<a class=\"elementor-button elementor-button-link elementor-size-sm\" href=\"https:\/\/cedrat-technologies.com\/fr\/applications\/space-and-new-space\/\">\n\t\t\t\t\t\t<span class=\"elementor-button-content-wrapper\">\n\t\t\t\t\t\t\t\t\t<span class=\"elementor-button-text\">En savoir plus...<\/span>\n\t\t\t\t\t<\/span>\n\t\t\t\t\t<\/a>\n\t\t\t\t<\/div>\n\t\t\t\t\t\t\t\t<\/div>\n\t\t\t\t<\/div>\n\t\t\t\t\t<\/div>\n\t\t\t\t<\/div>\n\t\t<div class=\"elementor-element elementor-element-e792ade e-flex e-con-boxed e-con e-child\" data-id=\"e792ade\" data-element_type=\"container\" data-e-type=\"container\">\n\t\t\t\t\t<div class=\"e-con-inner\">\n\t\t\t\t<div class=\"elementor-element elementor-element-42d87fc elementor-widget elementor-widget-image\" data-id=\"42d87fc\" data-element_type=\"widget\" data-e-type=\"widget\" data-widget_type=\"image.default\">\n\t\t\t\t<div class=\"elementor-widget-container\">\n\t\t\t\t\t\t\t\t\t\t\t\t\t\t\t<img fetchpriority=\"high\" decoding=\"async\" width=\"1536\" height=\"864\" src=\"https:\/\/cedrat-technologies.com\/wp-content\/uploads\/ctec\/homepage\/space-1536x864.jpg\" class=\"attachment-1536x1536 size-1536x1536 wp-image-23264\" alt=\"Picture of a satellite\" srcset=\"https:\/\/cedrat-technologies.com\/wp-content\/uploads\/ctec\/homepage\/space-1536x864.jpg 1536w, https:\/\/cedrat-technologies.com\/wp-content\/uploads\/ctec\/homepage\/space-768x432.jpg 768w, https:\/\/cedrat-technologies.com\/wp-content\/uploads\/ctec\/homepage\/space-600x338.jpg 600w, https:\/\/cedrat-technologies.com\/wp-content\/uploads\/ctec\/homepage\/space.jpg 1920w\" sizes=\"(max-width: 1536px) 100vw, 1536px\" \/>\t\t\t\t\t\t\t\t\t\t\t\t\t\t\t<\/div>\n\t\t\t\t<\/div>\n\t\t\t\t\t<\/div>\n\t\t\t\t<\/div>\n\t\t\t\t\t<\/div>\n\t\t\t\t<\/div>\n\t\t<div class=\"elementor-element elementor-element-860477e e-flex e-con-boxed e-con e-child\" data-id=\"860477e\" data-element_type=\"container\" data-e-type=\"container\" data-settings=\"{&quot;background_background&quot;:&quot;classic&quot;}\">\n\t\t\t\t\t<div class=\"e-con-inner\">\n\t\t<div class=\"elementor-element elementor-element-5bb3be8 e-flex e-con-boxed e-con e-child\" data-id=\"5bb3be8\" data-element_type=\"container\" data-e-type=\"container\">\n\t\t\t\t\t<div class=\"e-con-inner\">\n\t\t\t\t<div class=\"elementor-element elementor-element-a64518f elementor-widget elementor-widget-heading\" data-id=\"a64518f\" data-element_type=\"widget\" data-e-type=\"widget\" data-widget_type=\"heading.default\">\n\t\t\t\t<div class=\"elementor-widget-container\">\n\t\t\t\t\t<h2 class=\"elementor-heading-title elementor-size-default\">OPTRONIQUE<\/h2>\t\t\t\t<\/div>\n\t\t\t\t<\/div>\n\t\t\t\t<div class=\"elementor-element elementor-element-570dc55 elementor-widget elementor-widget-text-editor\" data-id=\"570dc55\" data-element_type=\"widget\" data-e-type=\"widget\" data-widget_type=\"text-editor.default\">\n\t\t\t\t<div class=\"elementor-widget-container\">\n\t\t\t\t\t\t\t\t\t<p>Les applications optroniques de CEDRAT TECHNOLOGIES s\u2019adressent aux fabricants de syst\u00e8mes Electro-optiques ou Opto \u00e9lectroniques qui offrent \u00e0 leurs clients ou utilisateurs finaux des solutions de vision industrielle haut de gamme et innovantes en utilisant des cam\u00e9ras CCD &amp; CMOS, Cameras Thermiques, Cam\u00e9ras Infra-rouge (IR) Refroidies &amp; non-refroidies (NIR, SWIR, MWIR &amp; LWIR) pour des applications telles que l\u2019inspection en ligne automatis\u00e9e, la surveillance &amp; la s\u00e9curit\u00e9, la vision de nuit, l\u2019imagerie thermique, la communication optique en espace libre (FSO) , pour n\u2019en nommer que quelques uns \u2026<\/p>\t\t\t\t\t\t\t\t<\/div>\n\t\t\t\t<\/div>\n\t\t\t\t<div class=\"elementor-element elementor-element-0c437bf elementor-widget elementor-widget-button\" data-id=\"0c437bf\" data-element_type=\"widget\" data-e-type=\"widget\" data-widget_type=\"button.default\">\n\t\t\t\t<div class=\"elementor-widget-container\">\n\t\t\t\t\t\t\t\t\t<div class=\"elementor-button-wrapper\">\n\t\t\t\t\t<a class=\"elementor-button elementor-button-link elementor-size-sm\" href=\"https:\/\/cedrat-technologies.com\/fr\/applications\/optronique\/\">\n\t\t\t\t\t\t<span class=\"elementor-button-content-wrapper\">\n\t\t\t\t\t\t\t\t\t<span class=\"elementor-button-text\">En savoir plus...<\/span>\n\t\t\t\t\t<\/span>\n\t\t\t\t\t<\/a>\n\t\t\t\t<\/div>\n\t\t\t\t\t\t\t\t<\/div>\n\t\t\t\t<\/div>\n\t\t\t\t\t<\/div>\n\t\t\t\t<\/div>\n\t\t<div class=\"elementor-element elementor-element-9e3fbd8 e-flex e-con-boxed e-con e-child\" data-id=\"9e3fbd8\" data-element_type=\"container\" data-e-type=\"container\">\n\t\t\t\t\t<div class=\"e-con-inner\">\n\t\t\t\t<div class=\"elementor-element elementor-element-ed9cd2f elementor-widget elementor-widget-image\" data-id=\"ed9cd2f\" data-element_type=\"widget\" data-e-type=\"widget\" data-widget_type=\"image.default\">\n\t\t\t\t<div class=\"elementor-widget-container\">\n\t\t\t\t\t\t\t\t\t\t\t\t\t\t\t<img decoding=\"async\" width=\"700\" height=\"466\" src=\"https:\/\/cedrat-technologies.com\/wp-content\/uploads\/2023\/03\/optronics.webp\" class=\"attachment-full size-full wp-image-7981\" alt=\"\" srcset=\"https:\/\/cedrat-technologies.com\/wp-content\/uploads\/2023\/03\/optronics.webp 700w, https:\/\/cedrat-technologies.com\/wp-content\/uploads\/2023\/03\/optronics-600x399.webp 600w\" sizes=\"(max-width: 700px) 100vw, 700px\" \/>\t\t\t\t\t\t\t\t\t\t\t\t\t\t\t<\/div>\n\t\t\t\t<\/div>\n\t\t\t\t\t<\/div>\n\t\t\t\t<\/div>\n\t\t\t\t\t<\/div>\n\t\t\t\t<\/div>\n\t\t<div class=\"elementor-element elementor-element-b8e3d67 e-flex e-con-boxed e-con e-child\" data-id=\"b8e3d67\" data-element_type=\"container\" data-e-type=\"container\" data-settings=\"{&quot;background_background&quot;:&quot;classic&quot;}\">\n\t\t\t\t\t<div class=\"e-con-inner\">\n\t\t<div class=\"elementor-element elementor-element-d0140e8 e-flex e-con-boxed e-con e-child\" data-id=\"d0140e8\" data-element_type=\"container\" data-e-type=\"container\">\n\t\t\t\t\t<div class=\"e-con-inner\">\n\t\t\t\t<div class=\"elementor-element elementor-element-53b34a7 elementor-widget elementor-widget-heading\" data-id=\"53b34a7\" data-element_type=\"widget\" data-e-type=\"widget\" data-widget_type=\"heading.default\">\n\t\t\t\t<div class=\"elementor-widget-container\">\n\t\t\t\t\t<h2 class=\"elementor-heading-title elementor-size-default\">INSTRUMENTATION SCIENTIFIQUE<\/h2>\t\t\t\t<\/div>\n\t\t\t\t<\/div>\n\t\t\t\t<div class=\"elementor-element elementor-element-651a45c elementor-widget elementor-widget-text-editor\" data-id=\"651a45c\" data-element_type=\"widget\" data-e-type=\"widget\" data-widget_type=\"text-editor.default\">\n\t\t\t\t<div class=\"elementor-widget-container\">\n\t\t\t\t\t\t\t\t\t<p>CEDRAT TECHNOLOGIES est capable de concevoir et de fabriquer des syst\u00e8mes de mouvement innovants pour\u00a0<strong>l\u2019instrumentation scientifique<\/strong>. Gr\u00e2ce \u00e0 un h\u00e9ritage spatial fort, CEDRAT TECHNOLOGIES d\u00e9veloppe des technologies fiables et solides qui profitent d\u00e9sormais aux structures de pointe telles que les synchrotrons, les t\u00e9lescopes, les centres d\u2019analyse environnementaux et bien d\u2019autres instituts \u00e0 travers le monde.<br \/>Nos syst\u00e8mes sont utilis\u00e9s comme des positionneurs, des scanners, des agitateurs, des g\u00e9n\u00e9rateurs de force et des amortisseurs de vibrations. La plupart de nos produits sont compatibles avec les environnements vides, magn\u00e9tiques et cryog\u00e9niques.<\/p>\t\t\t\t\t\t\t\t<\/div>\n\t\t\t\t<\/div>\n\t\t\t\t<div class=\"elementor-element elementor-element-c920c7f elementor-widget elementor-widget-button\" data-id=\"c920c7f\" data-element_type=\"widget\" data-e-type=\"widget\" data-widget_type=\"button.default\">\n\t\t\t\t<div class=\"elementor-widget-container\">\n\t\t\t\t\t\t\t\t\t<div class=\"elementor-button-wrapper\">\n\t\t\t\t\t<a class=\"elementor-button elementor-button-link elementor-size-sm\" href=\"https:\/\/cedrat-technologies.com\/fr\/applications\/instrumentation-scientifique\/\">\n\t\t\t\t\t\t<span class=\"elementor-button-content-wrapper\">\n\t\t\t\t\t\t\t\t\t<span class=\"elementor-button-text\">En savoir plus...<\/span>\n\t\t\t\t\t<\/span>\n\t\t\t\t\t<\/a>\n\t\t\t\t<\/div>\n\t\t\t\t\t\t\t\t<\/div>\n\t\t\t\t<\/div>\n\t\t\t\t\t<\/div>\n\t\t\t\t<\/div>\n\t\t<div class=\"elementor-element elementor-element-8876984 e-flex e-con-boxed e-con e-child\" data-id=\"8876984\" data-element_type=\"container\" data-e-type=\"container\">\n\t\t\t\t\t<div class=\"e-con-inner\">\n\t\t\t\t<div class=\"elementor-element elementor-element-21d43cc elementor-widget elementor-widget-image\" data-id=\"21d43cc\" data-element_type=\"widget\" data-e-type=\"widget\" data-widget_type=\"image.default\">\n\t\t\t\t<div class=\"elementor-widget-container\">\n\t\t\t\t\t\t\t\t\t\t\t\t\t\t\t<img decoding=\"async\" width=\"700\" height=\"466\" src=\"https:\/\/cedrat-technologies.com\/wp-content\/uploads\/2023\/03\/scientific-instrumentation.webp\" class=\"attachment-full size-full wp-image-7978\" alt=\"\" srcset=\"https:\/\/cedrat-technologies.com\/wp-content\/uploads\/2023\/03\/scientific-instrumentation.webp 700w, https:\/\/cedrat-technologies.com\/wp-content\/uploads\/2023\/03\/scientific-instrumentation-600x399.webp 600w\" sizes=\"(max-width: 700px) 100vw, 700px\" \/>\t\t\t\t\t\t\t\t\t\t\t\t\t\t\t<\/div>\n\t\t\t\t<\/div>\n\t\t\t\t\t<\/div>\n\t\t\t\t<\/div>\n\t\t\t\t\t<\/div>\n\t\t\t\t<\/div>\n\t\t<div class=\"elementor-element elementor-element-c76a10d e-flex e-con-boxed e-con e-child\" data-id=\"c76a10d\" data-element_type=\"container\" data-e-type=\"container\" data-settings=\"{&quot;background_background&quot;:&quot;classic&quot;}\">\n\t\t\t\t\t<div class=\"e-con-inner\">\n\t\t<div class=\"elementor-element elementor-element-f07b0b7 e-flex e-con-boxed e-con e-child\" data-id=\"f07b0b7\" data-element_type=\"container\" data-e-type=\"container\">\n\t\t\t\t\t<div class=\"e-con-inner\">\n\t\t\t\t<div class=\"elementor-element elementor-element-0810e07 elementor-widget elementor-widget-heading\" data-id=\"0810e07\" data-element_type=\"widget\" data-e-type=\"widget\" data-widget_type=\"heading.default\">\n\t\t\t\t<div class=\"elementor-widget-container\">\n\t\t\t\t\t<h2 class=\"elementor-heading-title elementor-size-default\">PRODUCTIQUE<\/h2>\t\t\t\t<\/div>\n\t\t\t\t<\/div>\n\t\t\t\t<div class=\"elementor-element elementor-element-9f3376c elementor-widget elementor-widget-text-editor\" data-id=\"9f3376c\" data-element_type=\"widget\" data-e-type=\"widget\" data-widget_type=\"text-editor.default\">\n\t\t\t\t<div class=\"elementor-widget-container\">\n\t\t\t\t\t\t\t\t\t<p class=\"align-justify\">Les produits m\u00e9catroniques de CEDRAT TECHNOLOGIES sont int\u00e9gr\u00e9s\u00a0 dans des machines-outils, \u00a0des machines sp\u00e9cifiques de production, de conditionnement ou de transformation de mati\u00e8re, ainsi que dans des proc\u00e9d\u00e9s \u00e0 ultrasons.<\/p><p class=\"align-justify\">Nos actionneurs, transducteurs, capteurs et \u00e9lectroniques sont utilis\u00e9s dans ces machines de production et proc\u00e9d\u00e9s gr\u00e2ce \u00e0 leur solidit\u00e9, leur fiabilit\u00e9, leur compacit\u00e9 et leurs capacit\u00e9s dynamiques.<\/p>\t\t\t\t\t\t\t\t<\/div>\n\t\t\t\t<\/div>\n\t\t\t\t<div class=\"elementor-element elementor-element-602773e elementor-widget elementor-widget-button\" data-id=\"602773e\" data-element_type=\"widget\" data-e-type=\"widget\" data-widget_type=\"button.default\">\n\t\t\t\t<div class=\"elementor-widget-container\">\n\t\t\t\t\t\t\t\t\t<div class=\"elementor-button-wrapper\">\n\t\t\t\t\t<a class=\"elementor-button elementor-button-link elementor-size-sm\" href=\"https:\/\/cedrat-technologies.com\/fr\/applications\/productique\/\">\n\t\t\t\t\t\t<span class=\"elementor-button-content-wrapper\">\n\t\t\t\t\t\t\t\t\t<span class=\"elementor-button-text\">En savoir plus...<\/span>\n\t\t\t\t\t<\/span>\n\t\t\t\t\t<\/a>\n\t\t\t\t<\/div>\n\t\t\t\t\t\t\t\t<\/div>\n\t\t\t\t<\/div>\n\t\t\t\t\t<\/div>\n\t\t\t\t<\/div>\n\t\t<div class=\"elementor-element elementor-element-4330f77 e-flex e-con-boxed e-con e-child\" data-id=\"4330f77\" data-element_type=\"container\" data-e-type=\"container\">\n\t\t\t\t\t<div class=\"e-con-inner\">\n\t\t\t\t<div class=\"elementor-element elementor-element-ebc1eb9 elementor-widget elementor-widget-image\" data-id=\"ebc1eb9\" data-element_type=\"widget\" data-e-type=\"widget\" data-widget_type=\"image.default\">\n\t\t\t\t<div class=\"elementor-widget-container\">\n\t\t\t\t\t\t\t\t\t\t\t\t\t\t\t<img loading=\"lazy\" decoding=\"async\" width=\"700\" height=\"466\" src=\"https:\/\/cedrat-technologies.com\/wp-content\/uploads\/2023\/03\/production-machine.webp\" class=\"attachment-full size-full wp-image-7984\" alt=\"\" srcset=\"https:\/\/cedrat-technologies.com\/wp-content\/uploads\/2023\/03\/production-machine.webp 700w, https:\/\/cedrat-technologies.com\/wp-content\/uploads\/2023\/03\/production-machine-600x399.webp 600w\" sizes=\"(max-width: 700px) 100vw, 700px\" \/>\t\t\t\t\t\t\t\t\t\t\t\t\t\t\t<\/div>\n\t\t\t\t<\/div>\n\t\t\t\t\t<\/div>\n\t\t\t\t<\/div>\n\t\t\t\t\t<\/div>\n\t\t\t\t<\/div>\n\t\t<div class=\"elementor-element elementor-element-eb61a2c e-flex e-con-boxed e-con e-child\" data-id=\"eb61a2c\" data-element_type=\"container\" data-e-type=\"container\" data-settings=\"{&quot;background_background&quot;:&quot;classic&quot;}\">\n\t\t\t\t\t<div class=\"e-con-inner\">\n\t\t<div class=\"elementor-element elementor-element-bd74066 e-flex e-con-boxed e-con e-child\" data-id=\"bd74066\" data-element_type=\"container\" data-e-type=\"container\">\n\t\t\t\t\t<div class=\"e-con-inner\">\n\t\t\t\t<div class=\"elementor-element elementor-element-99f2399 elementor-widget elementor-widget-heading\" data-id=\"99f2399\" data-element_type=\"widget\" data-e-type=\"widget\" data-widget_type=\"heading.default\">\n\t\t\t\t<div class=\"elementor-widget-container\">\n\t\t\t\t\t<h2 class=\"elementor-heading-title elementor-size-default\">BIOM\u00c9DICAL<\/h2>\t\t\t\t<\/div>\n\t\t\t\t<\/div>\n\t\t\t\t<div class=\"elementor-element elementor-element-2c7c001 elementor-widget elementor-widget-text-editor\" data-id=\"2c7c001\" data-element_type=\"widget\" data-e-type=\"widget\" data-widget_type=\"text-editor.default\">\n\t\t\t\t<div class=\"elementor-widget-container\">\n\t\t\t\t\t\t\t\t\t<p><strong>Les technologies m\u00e9dicales (Medtech)\u00a0<\/strong>sont tr\u00e8s exigeantes car elles n\u00e9cessitent de la miniaturisation et des compatibilit\u00e9s bio\/IRM\/CEM.\u00a0CEDRAT TECHNOLOGIES, reconnu comme concepteur de solutions m\u00e9catroniques en milieux exigeants, \u00a0r\u00e9pond de cons\u00e9quence \u00e0 une demande croissante sur ce march\u00e9. Les derni\u00e8res tendances dans le domaine des technologies m\u00e9dicales montrent une exigence croissante de composants toujours plus petits. C\u2019est pourquoi les produits Compacts, Dynamiques et Pr\u00e9cis de CEDRAT TECHNOLOGIES qu\u2019ils soient standards ou sp\u00e9cifiques conviennent parfaitement aux besoins de nombreuses applications m\u00e9dicales. De plus, nos solutions sont particuli\u00e8rement solides et fiables, ont une faible consommation d\u2019\u00e9nergie et sont souvent non-magn\u00e9tiques afin d\u2019\u00eatre compatibles IRM.<\/p>\t\t\t\t\t\t\t\t<\/div>\n\t\t\t\t<\/div>\n\t\t\t\t<div class=\"elementor-element elementor-element-9cfe285 elementor-widget elementor-widget-button\" data-id=\"9cfe285\" data-element_type=\"widget\" data-e-type=\"widget\" data-widget_type=\"button.default\">\n\t\t\t\t<div class=\"elementor-widget-container\">\n\t\t\t\t\t\t\t\t\t<div class=\"elementor-button-wrapper\">\n\t\t\t\t\t<a class=\"elementor-button elementor-button-link elementor-size-sm\" href=\"https:\/\/cedrat-technologies.com\/fr\/applications\/biomedical\/\">\n\t\t\t\t\t\t<span class=\"elementor-button-content-wrapper\">\n\t\t\t\t\t\t\t\t\t<span class=\"elementor-button-text\">En savoir plus...<\/span>\n\t\t\t\t\t<\/span>\n\t\t\t\t\t<\/a>\n\t\t\t\t<\/div>\n\t\t\t\t\t\t\t\t<\/div>\n\t\t\t\t<\/div>\n\t\t\t\t\t<\/div>\n\t\t\t\t<\/div>\n\t\t<div class=\"elementor-element elementor-element-cb20daf e-flex e-con-boxed e-con e-child\" data-id=\"cb20daf\" data-element_type=\"container\" data-e-type=\"container\">\n\t\t\t\t\t<div class=\"e-con-inner\">\n\t\t\t\t<div class=\"elementor-element elementor-element-a5d2bde elementor-widget elementor-widget-image\" data-id=\"a5d2bde\" data-element_type=\"widget\" data-e-type=\"widget\" data-widget_type=\"image.default\">\n\t\t\t\t<div class=\"elementor-widget-container\">\n\t\t\t\t\t\t\t\t\t\t\t\t\t\t\t<img loading=\"lazy\" decoding=\"async\" width=\"700\" height=\"466\" src=\"https:\/\/cedrat-technologies.com\/wp-content\/uploads\/2023\/03\/medtec.webp\" class=\"attachment-full size-full wp-image-7987\" alt=\"\" srcset=\"https:\/\/cedrat-technologies.com\/wp-content\/uploads\/2023\/03\/medtec.webp 700w, https:\/\/cedrat-technologies.com\/wp-content\/uploads\/2023\/03\/medtec-600x399.webp 600w\" sizes=\"(max-width: 700px) 100vw, 700px\" \/>\t\t\t\t\t\t\t\t\t\t\t\t\t\t\t<\/div>\n\t\t\t\t<\/div>\n\t\t\t\t\t<\/div>\n\t\t\t\t<\/div>\n\t\t\t\t\t<\/div>\n\t\t\t\t<\/div>\n\t\t<div class=\"elementor-element elementor-element-75bcadb e-flex e-con-boxed e-con e-child\" data-id=\"75bcadb\" data-element_type=\"container\" data-e-type=\"container\" data-settings=\"{&quot;background_background&quot;:&quot;classic&quot;}\">\n\t\t\t\t\t<div class=\"e-con-inner\">\n\t\t<div class=\"elementor-element elementor-element-71a3cad e-flex e-con-boxed e-con e-child\" data-id=\"71a3cad\" data-element_type=\"container\" data-e-type=\"container\">\n\t\t\t\t\t<div class=\"e-con-inner\">\n\t\t\t\t<div class=\"elementor-element elementor-element-f4381de elementor-widget elementor-widget-heading\" data-id=\"f4381de\" data-element_type=\"widget\" data-e-type=\"widget\" data-widget_type=\"heading.default\">\n\t\t\t\t<div class=\"elementor-widget-container\">\n\t\t\t\t\t<h2 class=\"elementor-heading-title elementor-size-default\">A\u00c9RONAUTIQUE<\/h2>\t\t\t\t<\/div>\n\t\t\t\t<\/div>\n\t\t\t\t<div class=\"elementor-element elementor-element-9f763a3 elementor-widget elementor-widget-text-editor\" data-id=\"9f763a3\" data-element_type=\"widget\" data-e-type=\"widget\" data-widget_type=\"text-editor.default\">\n\t\t\t\t<div class=\"elementor-widget-container\">\n\t\t\t\t\t\t\t\t\t<p><strong>Les march\u00e9s de l\u2019A\u00e9ronautique et de la D\u00e9fense <\/strong>recherchent de plus en plus de solutions m\u00e9catroniques pour am\u00e9liorer les performances de vols ou d\u2019observation. Ces solutions doivent \u00eatre l\u00e9g\u00e8res, efficaces tout en offrant une haute fiabilit\u00e9. C\u2019est ainsi qu\u2019on retrouve les syst\u00e8mes et produits m\u00e9catroniques de CEDRAT TECHNOLOGIES dans les avions, les h\u00e9licopt\u00e8res, les missiles, les v\u00e9hicules militaires, les v\u00e9hicules a\u00e9riens motoris\u00e9s (MAV), les v\u00e9hicules a\u00e9riens non pilot\u00e9s (UAV)&#8230;<\/p>\t\t\t\t\t\t\t\t<\/div>\n\t\t\t\t<\/div>\n\t\t\t\t<div class=\"elementor-element elementor-element-fe47572 elementor-widget elementor-widget-button\" data-id=\"fe47572\" data-element_type=\"widget\" data-e-type=\"widget\" data-widget_type=\"button.default\">\n\t\t\t\t<div class=\"elementor-widget-container\">\n\t\t\t\t\t\t\t\t\t<div class=\"elementor-button-wrapper\">\n\t\t\t\t\t<a class=\"elementor-button elementor-button-link elementor-size-sm\" href=\"https:\/\/cedrat-technologies.com\/fr\/applications\/aeronautique\/\">\n\t\t\t\t\t\t<span class=\"elementor-button-content-wrapper\">\n\t\t\t\t\t\t\t\t\t<span class=\"elementor-button-text\">En savoir plus...<\/span>\n\t\t\t\t\t<\/span>\n\t\t\t\t\t<\/a>\n\t\t\t\t<\/div>\n\t\t\t\t\t\t\t\t<\/div>\n\t\t\t\t<\/div>\n\t\t\t\t\t<\/div>\n\t\t\t\t<\/div>\n\t\t<div class=\"elementor-element elementor-element-94bab3e e-flex e-con-boxed e-con e-child\" data-id=\"94bab3e\" data-element_type=\"container\" data-e-type=\"container\">\n\t\t\t\t\t<div class=\"e-con-inner\">\n\t\t\t\t<div class=\"elementor-element elementor-element-57128a7 elementor-widget elementor-widget-image\" data-id=\"57128a7\" data-element_type=\"widget\" data-e-type=\"widget\" data-widget_type=\"image.default\">\n\t\t\t\t<div class=\"elementor-widget-container\">\n\t\t\t\t\t\t\t\t\t\t\t\t\t\t\t<img loading=\"lazy\" decoding=\"async\" width=\"700\" height=\"500\" src=\"https:\/\/cedrat-technologies.com\/wp-content\/uploads\/2023\/03\/boeing-image.webp\" class=\"attachment-full size-full wp-image-8075\" alt=\"\" srcset=\"https:\/\/cedrat-technologies.com\/wp-content\/uploads\/2023\/03\/boeing-image.webp 700w, https:\/\/cedrat-technologies.com\/wp-content\/uploads\/2023\/03\/boeing-image-600x429.webp 600w\" sizes=\"(max-width: 700px) 100vw, 700px\" \/>\t\t\t\t\t\t\t\t\t\t\t\t\t\t\t<\/div>\n\t\t\t\t<\/div>\n\t\t\t\t\t<\/div>\n\t\t\t\t<\/div>\n\t\t\t\t\t<\/div>\n\t\t\t\t<\/div>\n\t\t\t\t\t<\/div>\n\t\t\t\t<\/div>\n\t\t\t\t<\/div>\n\t\t","protected":false},"excerpt":{"rendered":"<p>CEDRAT TECHNOLOGIES propose des produits m\u00e9catroniques sur \u00e9tag\u00e8re (tels que des actionneurs et moteurs pi\u00e9zo &amp; magn\u00e9tiques, des m\u00e9canismes, des transducteurs, des capteurs\u2026)\u00a0utilis\u00e9s dans diverses applications scientifiques et industrielles\u00a0n\u00e9cessitant des fonctionnalit\u00e9s telles que du micro et nano positionnement, de la g\u00e9n\u00e9ration de vibrations, du micro-balayage, du contr\u00f4le de commande rapide et pr\u00e9cis, du contr\u00f4le actif &#8230; <a title=\"Applications\" class=\"read-more\" href=\"https:\/\/cedrat-technologies.com\/fr\/applications\/\" aria-label=\"En savoir plus sur Applications\">Lire la suite<\/a><\/p>\n","protected":false},"author":1,"featured_media":0,"parent":0,"menu_order":0,"comment_status":"closed","ping_status":"closed","template":"","meta":{"_acf_changed":false,"_seopress_robots_primary_cat":"","_seopress_titles_title":"Applications de Cedrat Technologies %%sep%% Environnements exigeants","_seopress_titles_desc":"Explorez une large gamme d&#039;applications o\u00f9 les solutions innovantes de Cedrat Technologies sont utilis\u00e9es, notamment dans les domaines \u00e0 environnements exigeants comme l&#039;a\u00e9rospatial, l&#039;instrumentation, l&#039;optronique, et bien plus encore.","_seopress_robots_index":"","footnotes":""},"class_list":["post-16475","page","type-page","status-publish"],"acf":[],"_links":{"self":[{"href":"https:\/\/cedrat-technologies.com\/fr\/wp-json\/wp\/v2\/pages\/16475","targetHints":{"allow":["GET"]}}],"collection":[{"href":"https:\/\/cedrat-technologies.com\/fr\/wp-json\/wp\/v2\/pages"}],"about":[{"href":"https:\/\/cedrat-technologies.com\/fr\/wp-json\/wp\/v2\/types\/page"}],"author":[{"embeddable":true,"href":"https:\/\/cedrat-technologies.com\/fr\/wp-json\/wp\/v2\/users\/1"}],"replies":[{"embeddable":true,"href":"https:\/\/cedrat-technologies.com\/fr\/wp-json\/wp\/v2\/comments?post=16475"}],"version-history":[{"count":0,"href":"https:\/\/cedrat-technologies.com\/fr\/wp-json\/wp\/v2\/pages\/16475\/revisions"}],"wp:attachment":[{"href":"https:\/\/cedrat-technologies.com\/fr\/wp-json\/wp\/v2\/media?parent=16475"}],"curies":[{"name":"wp","href":"https:\/\/api.w.org\/{rel}","templated":true}]}}