{"id":16469,"date":"2023-03-16T11:18:37","date_gmt":"2023-03-16T10:18:37","guid":{"rendered":"http:\/\/cedrat-technologies.com\/about-us\/"},"modified":"2026-02-06T14:26:46","modified_gmt":"2026-02-06T13:26:46","slug":"a-propos","status":"publish","type":"page","link":"https:\/\/cedrat-technologies.com\/fr\/a-propos\/","title":{"rendered":"A propos"},"content":{"rendered":"\t\t<div data-elementor-type=\"wp-page\" data-elementor-id=\"16469\" class=\"elementor elementor-16469 elementor-8425\" data-elementor-post-type=\"page\">\n\t\t\t\t<div class=\"elementor-element elementor-element-a4db03f e-flex e-con-boxed e-con e-parent\" data-id=\"a4db03f\" data-element_type=\"container\" data-e-type=\"container\">\n\t\t\t\t\t<div class=\"e-con-inner\">\n\t\t<div class=\"elementor-element elementor-element-343e613 e-con-full e-flex e-con e-child\" data-id=\"343e613\" data-element_type=\"container\" data-e-type=\"container\">\n\t\t\t\t<div class=\"elementor-element elementor-element-7ff3f11 elementor-widget elementor-widget-heading\" data-id=\"7ff3f11\" data-element_type=\"widget\" data-e-type=\"widget\" data-widget_type=\"heading.default\">\n\t\t\t\t<div class=\"elementor-widget-container\">\n\t\t\t\t\t<h1 class=\"elementor-heading-title elementor-size-default\">A propos<\/h1>\t\t\t\t<\/div>\n\t\t\t\t<\/div>\n\t\t\t\t<div class=\"elementor-element elementor-element-de28537 elementor-widget elementor-widget-text-editor\" data-id=\"de28537\" data-element_type=\"widget\" data-e-type=\"widget\" data-widget_type=\"text-editor.default\">\n\t\t\t\t<div class=\"elementor-widget-container\">\n\t\t\t\t\t\t\t\t\t<p><strong>CEDRAT TECHNOLOGIES SAS<\/strong>\u00a0(CTEC) est une PME en croissance, comptant plus de 70 collaborateurs. Elle est bas\u00e9e \u00e0 Meylan, Inovall\u00e9e, pr\u00e8s de Grenoble.<\/p><p class=\"align-justify\">Pour un d\u00e9veloppement harmonieux,\u00a0<span style=\"text-decoration: underline;\"><a href=\"https:\/\/cedrat-technologies.com\/wp-content\/uploads\/2023\/05\/flyer_valeurs_3C.pdf\" target=\"_blank\" rel=\"noopener\">CTEC encourage la mise en pratique de ses valeurs 3C\u00ae, Concertation, Collaboration et Cordialit\u00e9,<\/a><\/span>\u00a0dans les relations, autant entre collaborateurs qu\u2019avec ses partenaires.\u00a0<span style=\"text-align: var(--text-align); color: var( --e-global-color-dea41e4 );\">De plus, CTEC consid\u00e8re que la diversit\u00e9 des genres est une richesse et porteuse de progr\u00e8s. Depuis 2017, elle s\u2019engage \u00e0 valoriser et promouvoir la place des femmes au sein de notre entreprise comme en t\u00e9moigne son\u00a0<\/span><a style=\"text-align: var(--text-align);\" href=\"https:\/\/cedrat-technologies.com\/wp-content\/uploads\/ctec\/corporate\/flyer_egalite_HF.pdf\" target=\"_self\">index<\/a><span style=\"text-align: var(--text-align); color: var( --e-global-color-dea41e4 );\">.<\/span><\/p><p>CEDRAT TECHNOLOGIES SAS intervient en innovation dans les domaines des Actionneurs et des Capteurs pour des fonctions M\u00e9catroniques et de D\u00e9tection, en r\u00e9alisant des produits, des projets, des formations en :<\/p><ul><li>Actionneurs : Actionneurs, moteurs, transducteurs, bas\u00e9s sur les effets pi\u00e9zo\u00e9lectriques, magn\u00e9tiques, magn\u00e9tostrictifs, magn\u00e9to rh\u00e9ologiques, ultrasonores pour : positionnement pr\u00e9cis ou\/et rapide, amortissement, g\u00e9n\u00e9ration de vibrations, \u00e9mission acoustique &#8230;<\/li><li>Capteurs\u00a0: Capteurs magn\u00e9tiques, magn\u00e9tostrictifs, pi\u00e9zo\u00e9lectriques &amp; \u00e9lectronique pour mesure de : force, couple, vitesse, position, &#8230; notamment des mesures de type sans contacts.<\/li><li>Syst\u00e8mes m\u00e9catroniques\u00a0: M\u00e9canismes asservis \u00e0 plusieurs degr\u00e9s de libert\u00e9, Electronique ; Micro \/ nano positionnement, Scanning ; Contr\u00f4le actif de vibrations, Assistance vibratoire ; Electro-vannes ; Injecteurs<\/li><li>Syst\u00e8mes de d\u00e9tection\u00a0: Contr\u00f4le sant\u00e9 de structures ; Contr\u00f4le non destructifs ; D\u00e9tection \u00e0 distance ; localisation sans fil ; Mesures sans contacts ;<\/li><\/ul><p>Ses produits \u00a0\u00bb compacts, dynamiques et pr\u00e9cis \u00a0\u00bb pour \u00a0\u00bb syst\u00e8mes m\u00e9catroniques en environnement exigeant \u00a0\u00bb trouvent leurs applications en spatial, a\u00e9ronautique, optronique, productique, micro syst\u00e8mes m\u00e9dicaux, transport.<\/p><p class=\"align-justify\">CEDRAT TECHNOLOGIES SAS est soutenue dans son d\u00e9veloppement par <a href=\"https:\/\/www.bpifrance.fr\/\" target=\"_blank\" rel=\"noopener\">BPI FRANCE<\/a>\u00a0et par\u00a0<a href=\"https:\/\/www.developpement-regional.total.fr\/\" target=\"_blank\" rel=\"noopener\">TOTAL DEVELOPPEMENT REGIONAL<\/a>.<\/p>\t\t\t\t\t\t\t\t<\/div>\n\t\t\t\t<\/div>\n\t\t\t\t<div class=\"elementor-element elementor-element-8fac3d8 elementor-widget elementor-widget-video\" data-id=\"8fac3d8\" data-element_type=\"widget\" data-e-type=\"widget\" data-settings=\"{&quot;youtube_url&quot;:&quot;https:\\\/\\\/www.youtube.com\\\/watch?v=UwR30TeEv_w&quot;,&quot;lazy_load&quot;:&quot;yes&quot;,&quot;show_image_overlay&quot;:&quot;yes&quot;,&quot;image_overlay&quot;:{&quot;url&quot;:&quot;https:\\\/\\\/cedrat-technologies.com\\\/wp-content\\\/uploads\\\/2023\\\/03\\\/cedrat-miniature-video.webp&quot;,&quot;id&quot;:9775,&quot;size&quot;:&quot;&quot;,&quot;alt&quot;:&quot;&quot;,&quot;source&quot;:&quot;library&quot;},&quot;video_type&quot;:&quot;youtube&quot;,&quot;controls&quot;:&quot;yes&quot;}\" data-widget_type=\"video.default\">\n\t\t\t\t<div class=\"elementor-widget-container\">\n\t\t\t\t\t\t\t<div class=\"elementor-wrapper elementor-open-inline\">\n\t\t\t<div class=\"elementor-video\"><\/div>\t\t\t\t<div class=\"elementor-custom-embed-image-overlay\" style=\"background-image: url(https:\/\/cedrat-technologies.com\/wp-content\/uploads\/2023\/03\/cedrat-miniature-video.webp);\">\n\t\t\t\t\t\t\t\t\t\t\t\t\t\t\t\t<div class=\"elementor-custom-embed-play\" role=\"button\" aria-label=\"Lire la vid\u00e9o\" tabindex=\"0\">\n\t\t\t\t\t\t\t<i aria-hidden=\"true\" class=\"eicon-play\"><\/i>\t\t\t\t\t\t<\/div>\n\t\t\t\t\t\t\t\t\t<\/div>\n\t\t\t\t\t<\/div>\n\t\t\t\t\t\t<\/div>\n\t\t\t\t<\/div>\n\t\t\t\t<\/div>\n\t\t\t\t\t<\/div>\n\t\t\t\t<\/div>\n\t\t\t\t<\/div>\n\t\t","protected":false},"excerpt":{"rendered":"<p>CEDRAT TECHNOLOGIES SAS\u00a0(CTEC) est une PME en croissance, comptant plus de 70 collaborateurs. Elle est bas\u00e9e \u00e0 Meylan, Inovall\u00e9e, pr\u00e8s de Grenoble. Pour un d\u00e9veloppement harmonieux,\u00a0CTEC encourage la mise en pratique de ses valeurs 3C\u00ae, Concertation, Collaboration et Cordialit\u00e9,\u00a0dans les relations, autant entre collaborateurs qu\u2019avec ses partenaires.\u00a0De plus, CTEC consid\u00e8re que la diversit\u00e9 des genres &#8230; <a title=\"A propos\" class=\"read-more\" href=\"https:\/\/cedrat-technologies.com\/fr\/a-propos\/\" aria-label=\"En savoir plus sur A propos\">Lire la suite<\/a><\/p>\n","protected":false},"author":1,"featured_media":0,"parent":0,"menu_order":0,"comment_status":"closed","ping_status":"closed","template":"","meta":{"_acf_changed":false,"_seopress_robots_primary_cat":"","_seopress_titles_title":"\u00c0 propos de Cedrat Technologies : PME de haute technologie","_seopress_titles_desc":"D\u00e9couvrez Cedrat Technologies, une PME de haute technologie sp\u00e9cialis\u00e9e dans les actionneurs intelligents, les capteurs, les syst\u00e8mes m\u00e9catroniques, les syst\u00e8mes de d\u00e9tection et la formation technologique.","_seopress_robots_index":"","footnotes":""},"class_list":["post-16469","page","type-page","status-publish"],"acf":[],"_links":{"self":[{"href":"https:\/\/cedrat-technologies.com\/fr\/wp-json\/wp\/v2\/pages\/16469","targetHints":{"allow":["GET"]}}],"collection":[{"href":"https:\/\/cedrat-technologies.com\/fr\/wp-json\/wp\/v2\/pages"}],"about":[{"href":"https:\/\/cedrat-technologies.com\/fr\/wp-json\/wp\/v2\/types\/page"}],"author":[{"embeddable":true,"href":"https:\/\/cedrat-technologies.com\/fr\/wp-json\/wp\/v2\/users\/1"}],"replies":[{"embeddable":true,"href":"https:\/\/cedrat-technologies.com\/fr\/wp-json\/wp\/v2\/comments?post=16469"}],"version-history":[{"count":0,"href":"https:\/\/cedrat-technologies.com\/fr\/wp-json\/wp\/v2\/pages\/16469\/revisions"}],"wp:attachment":[{"href":"https:\/\/cedrat-technologies.com\/fr\/wp-json\/wp\/v2\/media?parent=16469"}],"curies":[{"name":"wp","href":"https:\/\/api.w.org\/{rel}","templated":true}]}}