{"id":100,"date":"2023-02-01T11:12:42","date_gmt":"2023-02-01T10:12:42","guid":{"rendered":"http:\/\/cedrat-technologies.com\/panier\/"},"modified":"2026-03-20T11:17:14","modified_gmt":"2026-03-20T10:17:14","slug":"panier","status":"publish","type":"page","link":"https:\/\/cedrat-technologies.com\/fr\/panier\/","title":{"rendered":"Panier"},"content":{"rendered":"\t\t<div data-elementor-type=\"wp-page\" data-elementor-id=\"100\" class=\"elementor elementor-100\" data-elementor-post-type=\"page\">\n\t\t\t\t<div class=\"elementor-element elementor-element-7983418 e-flex e-con-boxed e-con e-parent\" data-id=\"7983418\" data-element_type=\"container\" data-e-type=\"container\">\n\t\t\t\t\t<div class=\"e-con-inner\">\n\t\t\t\t<div class=\"elementor-element elementor-element-c156940 elementor-widget elementor-widget-heading\" data-id=\"c156940\" data-element_type=\"widget\" data-e-type=\"widget\" data-widget_type=\"heading.default\">\n\t\t\t\t<div class=\"elementor-widget-container\">\n\t\t\t\t\t<h1 class=\"elementor-heading-title elementor-size-default\">T\u00e9l\u00e9chargements<\/h1>\t\t\t\t<\/div>\n\t\t\t\t<\/div>\n\t\t<div class=\"elementor-element elementor-element-b418530 e-con-full e-flex e-con e-child\" data-id=\"b418530\" data-element_type=\"container\" data-e-type=\"container\">\n\t\t\t\t<div class=\"elementor-element elementor-element-ebf7dc7 elementor-widget elementor-widget-text-editor\" data-id=\"ebf7dc7\" data-element_type=\"widget\" data-e-type=\"widget\" data-widget_type=\"text-editor.default\">\n\t\t\t\t<div class=\"elementor-widget-container\">\n\t\t\t\t\t\t\t\t\tVous avez 0 publication(s).\t\t\t\t\t\t\t\t<\/div>\n\t\t\t\t<\/div>\n\t\t\t\t<\/div>\n\t\t\t\t\t<\/div>\n\t\t\t\t<\/div>\n\t\t\t\t<\/div>\n\t\t","protected":false},"excerpt":{"rendered":"<p>T\u00e9l\u00e9chargements Vous avez publication(s). Supprimer l\u2019\u00e9l\u00e9ment Miniature Publications Prix Quantit\u00e9 Sous-total &times; Progr\u00e8s r\u00e9alis\u00e9s dans le domaine des miroirs de guidage pi\u00e9zo\u00e9lectriques de pr\u00e9cision pour les liaisons optiques inter-satellites dans les constellations spatiales 0,00&nbsp;&euro; quantit\u00e9 de Progr\u00e8s r\u00e9alis\u00e9s dans le domaine des miroirs de guidage pi\u00e9zo\u00e9lectriques de pr\u00e9cision pour les liaisons optiques inter-satellites dans les &#8230; <a title=\"Panier\" class=\"read-more\" href=\"https:\/\/cedrat-technologies.com\/fr\/panier\/\" aria-label=\"En savoir plus sur Panier\">Lire la suite<\/a><\/p>\n","protected":false},"author":1,"featured_media":0,"parent":0,"menu_order":0,"comment_status":"closed","ping_status":"closed","template":"","meta":{"_acf_changed":false,"_seopress_robots_primary_cat":"","_seopress_titles_title":"","_seopress_titles_desc":"","_seopress_robots_index":"","footnotes":""},"class_list":["post-100","page","type-page","status-publish"],"acf":[],"_links":{"self":[{"href":"https:\/\/cedrat-technologies.com\/fr\/wp-json\/wp\/v2\/pages\/100","targetHints":{"allow":["GET"]}}],"collection":[{"href":"https:\/\/cedrat-technologies.com\/fr\/wp-json\/wp\/v2\/pages"}],"about":[{"href":"https:\/\/cedrat-technologies.com\/fr\/wp-json\/wp\/v2\/types\/page"}],"author":[{"embeddable":true,"href":"https:\/\/cedrat-technologies.com\/fr\/wp-json\/wp\/v2\/users\/1"}],"replies":[{"embeddable":true,"href":"https:\/\/cedrat-technologies.com\/fr\/wp-json\/wp\/v2\/comments?post=100"}],"version-history":[{"count":3,"href":"https:\/\/cedrat-technologies.com\/fr\/wp-json\/wp\/v2\/pages\/100\/revisions"}],"predecessor-version":[{"id":32696,"href":"https:\/\/cedrat-technologies.com\/fr\/wp-json\/wp\/v2\/pages\/100\/revisions\/32696"}],"wp:attachment":[{"href":"https:\/\/cedrat-technologies.com\/fr\/wp-json\/wp\/v2\/media?parent=100"}],"curies":[{"name":"wp","href":"https:\/\/api.w.org\/{rel}","templated":true}]}}